{"id":36769,"date":"2009-05-26T09:42:24","date_gmt":"2009-05-26T07:42:24","guid":{"rendered":"https:\/\/www.dmproperties.com\/conditions-dacces-et-dutilisation-du-site"},"modified":"2024-02-29T15:12:01","modified_gmt":"2024-02-29T14:12:01","slug":"bestimmungen-zur-nutzung-und-haftung-der-webseite","status":"publish","type":"page","link":"https:\/\/www.dmproperties.com\/de\/bestimmungen-zur-nutzung-und-haftung-der-webseite","title":{"rendered":"Bestimmungen zur Nutzung und Haftung der Webseite"},"content":{"rendered":"<p>In \u00dcbereinstimmung mit dem Gesetz 34\/2002 vom 11. Juli zur Information von Gesellschaften und elektronischen Handelsdiensten, informiert Sie DMP REALTY, S. L. hiermit, dass die Webseite <a href=\"https:\/\/www.dmproperties.com\/\">www.dmproperties.com<\/a> das alleinige Eigentum ist von DMP REALTY, S. L., mit der registrierten Steuernummer (CIF) B29881455 und der eingetragenen Adresse Avda. C\u00e1novas del Castillo 4, 1 Izq. 3, Marbella 29601. Ordnungsgem\u00e4\u00df eingetragen im Handelsregister von M\u00e1laga in Band 8, Buch 1044, Seite 46, Sektion 8, Blatt MA-31978, erste Eintragung. Der E-Mail-Kontakt des Unternehmens lautet: <a rel=\"nofollow\" href=\"mailto:info@dmproperties.com\">info@dmproperties.com<\/a><\/p>\n<h2 ><span class=\"position-absolute\" style=\"top: -120px\" id=\"nutzung+und+haftung\"><\/span>Nutzung und Haftung<\/h2>\n<p>Die Benutzung von, der Zugang zu und das Navigieren auf den Webseiten von DMP REALTY, S.L. beinhaltet die Annahme s\u00e4mtlicher nachstehend genannter Bestimmungen und Bedingungen, ungeachtet der Zustimmung im Einzelfall anders lautender gesetzlicher oder sonstiger verpflichtender Regeln und Bestimmungen.<\/p>\n<p>Die Webseiten von DMP REALTY, S. L. verf\u00fcgen \u00fcber ein breites Spektrum an Informationen, Dienstenund Daten. Der Benutzer akzeptiert hiermit die Haftung zur legalen Nutzung dieser Webseiten. Diese Haftung kann folgendes einschlie\u00dfen:<\/p>\n<p>- Die Richtigkeit und Rechtm\u00e4\u00dfigkeit der vom Nutzer bereitgestellten Details in den Kontaktformularen von DMP REALTY, S. L. in \u00dcbereinstimmung mit bestimmten Inhalten oder Diensten dieser Webseiten. Der Benutzer kann ebenso haftbar gemacht werden f\u00fcr die Nutzung von Zugangsdaten, die er durch das Ausf\u00fcllen der vorgenannten Formulare erhalten hat.<\/p>\n<p>- Die Verwendung der Informationen, Dienste und Daten, die von DMP REALTY, S. L. bereitgestellt wurden, k\u00f6nnen im Gegensatz stehen zu den Hinweisen zur Nutzung und Haftung dieser Webseiten, dem Gesetz, der guten Sitten und Praktiken oder der \u00f6ffentlichen Ordnung, oder sie k\u00f6nnen in irgendeiner Weise zur Sch\u00e4digung der Rechte Dritter sowie der korrekten Funktionsweise der Webseiten f\u00fchren.<\/p>\n<h2 ><span class=\"position-absolute\" style=\"top: -120px\" id=\"linkverbindungen+zu+anderen+webseiten+und+haftungsausschlusse\"><\/span>Linkverbindungen zu anderen Webseiten und Haftungsausschl\u00fcsse<\/h2>\n<p>DMP REALTY, S. L. ist nicht verantwortlich f\u00fcr die Inhalte von Webseiten dritter Parteien, auf die der Benutzer m\u00f6glicherweise durch Linkverbindungen auf dieser Webseite gelangt ist. Das bedeutet ebenso, dass unter keinen Umst\u00e4nden DMP REALTY, S. L. die Kontrolle der Inhalte anderer Seiten im Internet \u00fcberpr\u00fcfen oder \u00fcberwachen kann.<\/p>\n<p>Ebenso \u00fcbernimmt DMP REALTY, S. L. nicht die technische Verf\u00fcgbarkeit, Richtigkeit, G\u00fcltigkeit oder Rechtm\u00e4\u00dfigkeit der Seiten, die nicht im Besitz des Unternehmens sind und m\u00f6glicherweise durch Linkverbindungen zu erreichen sind.<\/p>\n<p>DMPREALTY, S. L. erkl\u00e4rt, dass alle erforderlichen Ma\u00dfnahmen getroffen wurden, um irgendwelche Sch\u00e4den bei Benutzern dieser Webseiten zu verhindern, die m\u00f6glicherweise durch die Nutzung dieser firmeneigenen Webseiten herr\u00fchren. Daher kann DMP REALTY, S. L. unter keinen Umst\u00e4nden f\u00fcr die Haftung von Sch\u00e4den von Benutzern dieser Webseiten bei der Navigation im Internet verantwortlich gemacht werden.<\/p>\n<h2 ><span class=\"position-absolute\" style=\"top: -120px\" id=\"anderungen\"><\/span>\u00c4nderungen<\/h2>\n<p>DMP REALTY, S. L. beh\u00e4lt sich das Recht vor, den Inhalt dieser Webseiten, der allgemeinen Gesch\u00e4ftsbedingungen und der Nutzungsbestimmungen ohne vorhergehende Ank\u00fcndigungen zu \u00e4ndern. Diese beispielsweise auf den Webseiten vorgenommenen \u00c4nderungen k\u00f6nnen in irgendeiner Form durch das Gesetz angenommen sein und werden so lange verbindlich sein, wie sie auf der Webseite ver\u00f6ffentlicht und nicht durch andere Inhalte ersetzt werden.<\/p>\n<h2 ><span class=\"position-absolute\" style=\"top: -120px\" id=\"haftungsausschlusse+fur+cookies\"><\/span>Haftungsausschl\u00fcsse f\u00fcr Cookies<\/h2>\n<p>DMP REALTY, S. L. beh\u00e4lt sich das Recht vor, Cookies w\u00e4hrend der Nutzung der Webseiten des Unternehmens zu platzieren, um die Personalisierung und Nutzung der Webseiten zu verbessern.<\/p>\n<p>In \u00dcbereinstimmung mit den Grunds\u00e4tzen des Unternehmens zum Datenschutz erkl\u00e4rt DMP REALTY, S. L., dass Cookies mit dem anonymen Nutzer und seinem Ger\u00e4t verbunden sind und diese keinen Zugriff auf den Vor- und Nachnamen des Benutzers bieten.<\/p>\n<p>Der Benutzer hat die M\u00f6glichkeit zur Einstellung seines Internetbrowsers, um sich \u00fcber die Verwendung von Cookies zu informieren, und ist somit in der Lage, den Zugriff auf seine Festplatte zu sperren. Jedoch ist die Verwendung von Cookies nicht notwendig f\u00fcr den Zugang auf die Webseiten von DMP REALTY, S. L.<\/p>\n<p><a href=\"javascript:void(0)\" class=\"csconsentlink\" rel=\"nofollow\">Cookie-Einstellungen<\/a><\/p>\n<div class=\"table-responsive\">\n<script type=\"text\/javascript\" charset=\"UTF-8\"  data-cookiescriptreport=\"report\" src=\"\/\/report.cookie-script.com\/r\/e9792c756c1dca44ddf2cc8e886b7dd5.js\"><\/script>\n<\/div>\n<h2 ><span class=\"position-absolute\" style=\"top: -120px\" id=\"datenschutz\"><\/span>Datenschutz<\/h2>\n<p>In \u00dcbereinstimmung mit den Bestimmungen des Gesetzes 15\/1999 zum Schutz pers\u00f6nlicher Daten informiert DMP REALTY, S. L. die Benutzer seiner Webseiten, dass die pers\u00f6nlichen Daten, die bei der Nutzung der Webseiten und in den Frageb\u00f6gen erhoben werden, in einer Datei gespeichert werden, f\u00fcr die DMP REALTY, S. L. verantwortlich ist, und die dem Zweck der Ausf\u00fchrung, \u00dcberwachung und Fertigstellung der Vereinbarungen zwischen den Parteien dienen.<\/p>\n<p>DMP REALTY, S. L. informiert Sie \u00fcber Ihr Recht der Zustimmung, Berichtigung oder Ablehnung durch die Sendung eines schriftlichen Antrags an die Adresse Avda. C\u00e1novas del Castillo 4, 1 Izq. 3, Marbella 29601.<\/p>\n<p>Solange wir keine anders lautenden Anweisungen erhalten, gehen wir davon aus, dass Ihre Daten unver\u00e4ndert sind, dass Sie uns \u00fcber s\u00e4mtliche \u00c4nderungen informieren und dass Sie der Nutzung Ihrer Daten zum Zwecke des Aufbaus der Gesch\u00e4ftsbeziehungen zugestimmt haben. <\/p>\n<h2 ><span class=\"position-absolute\" style=\"top: -120px\" id=\"geistiges+eigentum\"><\/span>Geistiges Eigentum<\/h2>\n<p>Das geistige und gewerbsm\u00e4\u00dfige Eigentumsrecht \u00fcber s\u00e4mtliche Inhalte, Texte und Bilder sowie der Quellen, Mittel, des Designs und Layouts dieser Seiten obliegen ausschlie\u00dflich DMP REALTY, S. L. als Inhaber oder spezifisch autorisiertem Benutzer. Folglich sind diese als intellektuelles Eigentum gem\u00e4\u00df des spanischen Rechts gesch\u00fctzt sowie Gegenstand der Gesetze und Vorschriften in diesem Bereich von Spanien und der Europ\u00e4ischen Union und ebenso der einschl\u00e4gigen internationalen Vereinbarungen, die in Spanien eingehalten werden. Alle Rechte sind vorbehalten. In \u00dcbereinstimmung mit dem Gesetz des geistigen Eigentums ist jegliche Vervielf\u00e4ltigung, Verbreitung, Ver\u00f6ffentlichung oder Bekanntmachung sowie die Nutzung s\u00e4mtlicher oder teilweiser Inhalte der Webseiten im Besitz von DMP REALTY, S. L. strengstensverboten, es sei denn dies wurde speziell von DMP REALTY, S. L. genehmigt.<\/p>\n<h2 ><span class=\"position-absolute\" style=\"top: -120px\" id=\"rechtliche+schritte+gesetz+und+gerichtsstand\"><\/span>Rechtliche Schritte, Gesetz und Gerichtsstand<\/h2>\n<p>DMP REALTY, S. L. beh\u00e4lt sich ebenso das Recht vor, s\u00e4mtliche rechtlichen Schritte zu unternehmen und mittels zivil- oder strafrechtlicher Klage entsprechend gegen die missbr\u00e4uchliche oder unberechtigte Nutzung seiner Webseiten und deren Inhalte oder der Verletzung der vorliegenden Nutzungsbestimmungen vorzugehen.<\/p>\n<p>Die Beziehung zwischen dem Benutzer und DMP REALTY, S. L. regelt das spanische Gesetz und ebensounterliegen alle Streitigkeiten im Zusammenhang mit den Bedingungen und Bestimmungen, die jemals zwischen dem Benutzer und DMP REALTY, S. L. entstehen, der Rechtsprechung der Gerichte von M\u00e1laga.<\/p>\n","protected":false},"excerpt":{"rendered":"<p>In \u00dcbereinstimmung mit dem Gesetz 34\/2002 vom 11. Juli zur Information von Gesellschaften und elektronischen Handelsdiensten, informiert Sie DMP REALTY, S. L. hiermit, dass die Webseite www.dmproperties.com das alleinige Eigentum ist von DMP REALTY, S. L., mit der registrierten Steuernummer (CIF) B29881455 und der eingetragenen Adresse Avda. C\u00e1novas del Castillo 4, 1 Izq. 3, Marbella&#8230;<\/p>\n","protected":false},"author":3,"featured_media":36644,"parent":0,"menu_order":6,"comment_status":"closed","ping_status":"closed","template":"","meta":{"_acf_changed":false,"footnotes":""},"class_list":["post-36769","page","type-page","status-publish","has-post-thumbnail","hentry"],"acf":[],"_links":{"self":[{"href":"https:\/\/www.dmproperties.com\/de\/wp-json\/wp\/v2\/pages\/36769","targetHints":{"allow":["GET"]}}],"collection":[{"href":"https:\/\/www.dmproperties.com\/de\/wp-json\/wp\/v2\/pages"}],"about":[{"href":"https:\/\/www.dmproperties.com\/de\/wp-json\/wp\/v2\/types\/page"}],"author":[{"embeddable":true,"href":"https:\/\/www.dmproperties.com\/de\/wp-json\/wp\/v2\/users\/3"}],"replies":[{"embeddable":true,"href":"https:\/\/www.dmproperties.com\/de\/wp-json\/wp\/v2\/comments?post=36769"}],"version-history":[{"count":0,"href":"https:\/\/www.dmproperties.com\/de\/wp-json\/wp\/v2\/pages\/36769\/revisions"}],"wp:featuredmedia":[{"embeddable":true,"href":"https:\/\/www.dmproperties.com\/de\/wp-json\/wp\/v2\/media\/36644"}],"wp:attachment":[{"href":"https:\/\/www.dmproperties.com\/de\/wp-json\/wp\/v2\/media?parent=36769"}],"curies":[{"name":"wp","href":"https:\/\/api.w.org\/{rel}","templated":true}]}}