{"id":39216,"date":"2023-02-20T09:40:35","date_gmt":"2023-02-20T08:40:35","guid":{"rendered":"https:\/\/www.dmproperties.com\/marbella-property-marketing"},"modified":"2025-07-29T16:06:32","modified_gmt":"2025-07-29T14:06:32","slug":"marbella-immobilienvermarktung","status":"publish","type":"page","link":"https:\/\/www.dmproperties.com\/de\/marbella-immobilienvermarktung","title":{"rendered":"Immobilienvermarktung"},"content":{"rendered":"<h2 ><span class=\"position-absolute\" style=\"top: -120px\" id=\"vermarktung+mit+dm+properties\"><\/span>Vermarktung mit DM Properties<\/h2>\n<p><strong>Unser Portfolio und unsere Verkaufsbilanz umfassen einige der besten und bedeutendsten Immobilien in der Region Marbella. Unsere internationale Reichweite sowie unsere f\u00fchrende Position und unser langj\u00e4hriger Ruf auf dem Gebiet der Luxusimmobilien in Marbella erm\u00f6glichen es uns, Ihre Immobilie einer internationalen Kundschaft vorzustellen.<\/strong><\/p>\n<p><strong>Unsere Kompetenz besteht darin, zu wissen, wer und wo die K\u00e4ufer sind und wie wir sie am besten finden k\u00f6nnen, indem wir alle geeigneten Kan\u00e4le nutzen. Von umfassenden Marketingkampagnen bis hin zu privaten Verk\u00e4ufen au\u00dferhalb des Marktes - wir entwickeln eine ma\u00dfgeschneiderte Strategie f\u00fcr Ihre Immobilie. Informieren Sie sich \u00fcber das Marketing, das wir f\u00fcr einige unserer exklusivsten Objekte anbieten, und wie wir Ihnen beim Verkauf Ihrer Immobilie in Marbella helfen k\u00f6nnen.<\/strong><\/p>\n<h2 ><span class=\"position-absolute\" style=\"top: -120px\" id=\"dm+properties+website\"><\/span>DM Properties Website<\/h2>\n<p><picture><source sizes=\"(max-width: 575px) calc(100vw - 30px),(max-width: 767px) 510px,(max-width: 991px) 242px,(max-width: 1199px) 209px,(max-width: 1399px) 284px, 331px\" width=\"510\" srcset=\"https:\/\/media.inmobalia.com\/imgV1\/B98Le8~d7MvZypuPyYxIC9Go4pGcJ6BFKz0a~7bst1Zx2hhS0xNgJNBoRY~WFnGbk6Gep5NC2F2uX28KFNE8u8ph8TXvmWHTa2Eqv00lo6qv1chrlXwKk_24LmOUqpI1V4QlpOf037b9YdJIaqTESNE-.jpg 510w,https:\/\/media.inmobalia.com\/imgV1\/B98Le8~d7Me8Ymh25g8UJ3ypDtZ8Y3FecBCLxExjtFW~kNtmDiPvo~DIQuVSZWz~B8cOgqypLAdfYgSonxMWAYCe1G2bVZhyATkTebpSl~gyQZ088fLkbrW97q4JMI2RSgSyPxD2NHlYOP33qGtuQIg-.jpg 945w\" type=\"image\/webp\"><img loading=\"lazy\" decoding=\"async\" class=\"alignright size-full img-fluid\" width=\"2956\" height=\"1910\" alt=\"DM Properties Website\" src=\"https:\/\/media.inmobalia.com\/imgV1\/B98Le8~d7MvZypuYbhLulf74I7cGH1t4yG~zNysJTUh9Wcum7kcWKvZMlxdjF1YrPv4LFQgUrkucJCsDeHoUZE3do5B02_W72YqvD~yVvhmaWycHnfM~bQi2SjZ2EstVeg--.jpg\"><\/picture> <strong><a href=\"https:\/\/www.dmproperties.com\/de\">DMproperties.com<\/a><\/strong><\/p>\n<p>Unsere Website ist nach wie vor f\u00fchrend in der organischen Position in Google f\u00fcr die Suche nach Immobilien in der Region Marbella, Goldene Meile und La Zagaleta. Unsere Website ist in 5 Sprachen verf\u00fcgbar und bietet ein leistungsstarkes Instrument, um Ihre Immobilie K\u00e4ufern aus der ganzen Welt vorzustellen. Unser gesamtes Online-Marketing wird direkt auf Ihre Immobilie auf unserer Website verweisen, was zu noch mehr Besucherzahlen f\u00fchrt. Dar\u00fcber hinaus wird unsere Website von Google News als zuverl\u00e4ssige Informationsquelle gelistet, und unser Blog und unsere Ver\u00f6ffentlichungen werden regelm\u00e4\u00dfig in nationalen und internationalen Medien zitiert, was zu einem Zustrom von Kunden f\u00fchrt, die sich wirklich f\u00fcr den Immobilienmarkt von Marbella interessieren.<\/p>\n<h2 ><span class=\"position-absolute\" style=\"top: -120px\" id=\"knight+frank+website\"><\/span>Knight Frank Website<\/h2>\n<p><strong><a href=\"https:\/\/www.knightfrank.com\/\" target=\"_blank\" rel=\"noopener\">knightfrank.com<\/a><\/strong><\/p>\n<p>Unsere ausgew\u00e4hlten Angebote werden auf der Website von Knight Frank ver\u00f6ffentlicht, einer preisgekr\u00f6nten Website mit 1 Million Besuchern pro Monat. Kunden nutzen \"My Knight Frank\", um sich zu registrieren und ihre eigenen Anforderungen zu verwalten, personalisierte Benachrichtigungen f\u00fcr Immobilien und Recherchen zu erhalten sowie ihre eigene Immobilienbibliothek zu erstellen, um sie zu bewerten und zu pr\u00fcfen. Au\u00dferdem sucht die App nach Immobilien je nach Lebensstil oder GPS-Standort und bietet alle Forschungsberichte von Knight Frank.<\/p>\n<h2 ><span class=\"position-absolute\" style=\"top: -120px\" id=\"fotografie++immobilien+amp+lifestyle\"><\/span>Fotografie - Immobilien &amp; Lifestyle<\/h2>\n<p>Es ist von entscheidender Bedeutung, eine Immobilie so zu pr\u00e4sentieren, dass sie bestm\u00f6glich zur Geltung kommt, denn sie konkurriert um die Aufmerksamkeit potenzieller K\u00e4ufer, und professionelle Bilder machen einen gro\u00dfen Unterschied. Unser audiovisuelles Team erstellt Aufnahmen bei Tag, bei Nacht und Drohnenaufnahmen. Wir k\u00f6nnen die Attraktivit\u00e4t der Immobilie auch durch eine Reihe von Lifestyle-Bildern steigern, um den Betrachter st\u00e4rker einzubeziehen und die Alleinstellungsmerkmale und den Reiz der Immobilie hervorzuheben.<\/p>\n<h2 ><span class=\"position-absolute\" style=\"top: -120px\" id=\"video++immobilie+lebensstil+und+videotour\"><\/span>Video - Immobilie, Lebensstil und Videotour<\/h2>\n<picture><source sizes=\"(max-width: 575px) calc(100vw - 30px),(max-width: 767px) 510px,(max-width: 991px) 242px,(max-width: 1199px) 209px,(max-width: 1399px) 284px, 331px\" width=\"510\" height=\"659.94\" srcset=\"https:\/\/media.inmobalia.com\/imgV1\/B98Le8~d7MvZypuPyYxIC9Go4pGcJ6BFKz0a~7bst1Zx2hhS0xNgJNBoRY~WFnGbk6Gep5NC2F2uX28KFNE8u8ph8TXvmWHTa2Eqv00lo6qv1chrlXwNgI4zzh1y3hu2iXrjbVYx8s2NS3fx1cgpHWzO8BwEXdN9K~Cxu4efM5yYOw--.jpeg 510w,https:\/\/media.inmobalia.com\/imgV1\/B98Le8~d7Me8Ymh25g8UJ3ypDtZ8Y3FecBCLxExjtFW~kNtmDiPvo~DIQuVSZWz~B8cOgqypLAdfYgSonxMWAYCe1G2bVZhyATkTebpSl~gyQZ088fLjBPSbSe8md_PMfBXqeGCW_PUmkNVWj5MVxeqozIBYHQIeG~ccGyasYFA2eg--.jpeg 945w\" type=\"image\/webp\"><img decoding=\"async\" loading=\"lazy\" class=\"alignright size-full wp-image-38935 img-fluid\" width=\"3000\" height=\"3882\" alt=\"Property marketing videos Marbella\" src=\"https:\/\/media.inmobalia.com\/imgV1\/B98Le8~d7MvZypuYbhLulf74I7cGH1t4yG~zNysJTUh9Wcum7kcWKvZMlxdjF1YrPv4LFQgUrkucJCsDeHoUZE3do5B02_Ky_mnpQJ9isNBHSRMCfONk0sCp~NQkdoJifAfvB8BJ62zxmnjdjYP61hzf.jpeg\"><\/picture>\n<p>Ein qualitativ hochwertiges Video fesselt den Betrachter und l\u00e4dt den potenziellen K\u00e4ufer ein, die Wohnung auf eine Weise zu erleben, die mit einem Bild nicht zu erreichen ist. Das Video wird auf unserer Website und in den sozialen Medien verf\u00fcgbar sein. Es kann auch mit der internationalen Marketingabteilung von Knight Frank geteilt werden, um zus\u00e4tzliche Aufmerksamkeit zu erregen.<\/p>\n<p>Wir k\u00f6nnen Videotouren durch die Immobilie produzieren, die von einem unserer Vertriebsmitarbeiter gef\u00fchrt werden, um mehr ins Detail zu gehen.<\/p>\n<p>Lifestyle-Videos erm\u00f6glichen es uns, wie bei der Fotografie, potenziellen K\u00e4ufern zu helfen, sich in die Immobilie hineinzuversetzen und zus\u00e4tzliche Eindr\u00fccke und Emotionen zu vermitteln.<\/p>\n<h2 ><span class=\"position-absolute\" style=\"top: -120px\" id=\"architekturvideos\"><\/span>Architektur-Videos<\/h2>\n<p>Im Jahr 2023 starteten wir \"The Architect Series\", eine Serie von Videointerviews mit den Architekten einiger der herausragendsten H\u00e4user in Marbella und waren damit die erste Immobilienagentur in Marbella, die Immobilien auf diese Weise vorstellte. Mit dieser Serie von Interviews stellen wir einige der herausragendsten H\u00e4user Marbellas, gro\u00dfartige Architekturen und Innenarchitekturen vor. Ein Haus zu verstehen und es mit den Augen des Architekten zu sehen, f\u00fchrt zu einem besseren Verst\u00e4ndnis des Konzepts, der Einzigartigkeit und des Wertes der Immobilie.<\/p>\n<figure class=\"position-relative\"><a class=\"isVideo\" href=\"https:\/\/youtu.be\/GV_LAGWc7AQ\" data-fancybox=\"video\" target=\"_blank\" rel=\"noopener\"><i class=\"icon icon-play content-play\"><\/i><picture><source sizes=\"(max-width: 575px) calc(100vw - 30px),(max-width: 767px) 510px,(max-width: 991px) 690px,(max-width: 1199px) 595px,(max-width: 1399px) 810px, 945px\" width=\"945\" srcset=\"https:\/\/media.inmobalia.com\/imgV1\/B98Le8~d7Me8Ymh25g8UJ3ypDtZ8Y3FecBCLxExjtFW~kNtmDiPvo~DIQvv4EDo6Ek0jXwehYOzbPAqdekgT1sacVI3inHckc5c66_Wa~HZ4m1d5Rd3Kaa0gAA--.jpg 945w,https:\/\/media.inmobalia.com\/imgV1\/B98Le8~d7MvRbj7Vv7fDLn6_Ew7ABi8pUTpfr~FoJsmhwgR1h1fB8_lyN_W46cT2Gv9vu1q3ICloAQS5nCmjivG6OZMc_JbfZOxAPsTnJhEL8JHjB8Jaz8XSUw--.jpg 595w\" type=\"image\/webp\"><img decoding=\"async\" loading=\"lazy\" class=\"img-fluid d-block my-4\" width=\"945\" height=\"532\" alt=\"Immobilienvermarktung\" src=\"https:\/\/media.inmobalia.com\/imgV1\/B98Le8~d7Me8YmhhhFsYM4czod~~P0fCuzkjWiM7awICCiRru4VbV94Mf0IUW6EnIcBugS_ARfE3NZKRZ1BSRALEf0_eRx_uayqK.jpg\"><\/picture><\/a><script type=\"application\/ld+json\">\n\t\t\t{\n\t\t\t\t\"@context\": \"https:\/\/schema.org\",\n\t\t\t\t\"@type\": \"VideoObject\",\n\t\t\t\t\"name\": \"Immobilienvermarktung\",\n\t\t\t\t\"description\": \"Vermarktung mit DM Properties Unser Portfolio und unsere Verkaufsbilanz umfassen einige der besten und bedeutendsten Immobilien in der Region Marbella....\",\n\t\t\t\t\"thumbnailUrl\": \"https:\/\/img.youtube.com\/vi\/GV_LAGWc7AQ\/maxresdefault.jpg\",\n\t\t\t\t\"uploadDate\": \"2023-02-20T09:40:35+0100\", \"embedUrl\": \"https:\/\/youtu.be\/GV_LAGWc7AQ\"\t\t\t\n\t\t\t}\n\t\t\t<\/script><\/figure>\n<h2 ><span class=\"position-absolute\" style=\"top: -120px\" id=\"agents+website\"><\/span>Agents\u2019 Website<\/h2>\n<p><picture><source sizes=\"(max-width: 575px) calc(100vw - 30px),(max-width: 767px) 510px,(max-width: 991px) 242px,(max-width: 1199px) 209px,(max-width: 1399px) 284px, 331px\" width=\"510\" height=\"326.4\" srcset=\"https:\/\/media.inmobalia.com\/imgV1\/B98Le8~d7MvZypuPyYxIC9Go4pGcJ6BFKz0a~7bst1Zx2hhS0xNgJNBoRY~WFnGbk6Gep5NC2F2uX28KFNE8u8ph8TXvmWHTa2Eqv00lo6qv1chrlXwNgI4zzgBSauPLqSQ3OiRySKLKaw7Q3M6yZbau.jpg 510w,https:\/\/media.inmobalia.com\/imgV1\/B98Le8~d7Me8Ymh25g8UJ3ypDtZ8Y3FecBCLxExjtFW~kNtmDiPvo~DIQuVSZWz~B8cOgqypLAdfYgSonxMWAYCe1G2bVZhyATkTebpSl~gyQZ088fLjBPSbSfKEctrsKmnH~9lHPEs8u9dSi0d1Tiur.jpg 945w\" type=\"image\/webp\"><img decoding=\"async\" loading=\"lazy\" class=\"alignright size-full wp-image-38952 img-fluid\" width=\"5000\" height=\"3200\" alt=\"Marbella LIstings\" src=\"https:\/\/media.inmobalia.com\/imgV1\/B98Le8~d7MvZypuYbhLulf74I7cGH1t4yG~zNysJTUh9Wcum7kcWKvZMlxdjF1YrPv4LFQgUrkucJCsDeHoUZE3do5B02_Ky_mnpXcc4MgDnZEH0PCfaISu0~wOYuHeh8Oc-.jpg\"><\/picture><strong><a href=\"https:\/\/www.marbella-listings.com\/\" target=\"_blank\" rel=\"noopener\">marbella-listings.com<\/a><\/strong><\/p>\n<p>Wir haben Marbella-Listings.com, eine markenlose Website, geschaffen, um unsere exklusiven Angebote mit Maklern zu teilen, um den Zugang zu Informationen f\u00fcr Mitarbeiter zu erleichtern und die Sichtbarkeit f\u00fcr ein breiteres Publikum exponentiell zu erh\u00f6hen, w\u00e4hrend wir die Kontrolle als Alleinmakler behalten. Marketingmaterial kann mit Maklern geteilt werden, so dass diese die Marketingma\u00dfnahmen f\u00fcr einige unserer Angebote weiter ausbauen k\u00f6nnen, w\u00e4hrend wir die volle Kontrolle \u00fcber potenzielle K\u00e4ufer und Besichtigungen behalten.<\/p>\n<h2 ><span class=\"position-absolute\" style=\"top: -120px\" id=\"markenbildung\"><\/span>Markenbildung<\/h2>\n<p>Ob es sich um eine neue Immobilie auf dem Markt handelt oder im Gegenteil um eine, die \u00fcberbewertet wurde und einen neuen Ansatz und Relaunch ben\u00f6tigt, unser kreatives Team kann einen neuen Namen, ein neues Logo, ein neues Erscheinungsbild des Marketingmaterials und einen neuen audiovisuellen Ansatz entwerfen und erstellen.<\/p>\n<h2 ><span class=\"position-absolute\" style=\"top: -120px\" id=\"broschure\"><\/span>Brosch\u00fcre<\/h2>\n<p>Die digitale Brosch\u00fcre ist f\u00fcr uns ein wertvolles Instrument, da sie zus\u00e4tzliche Informationen zu dem enth\u00e4lt, was der Kunde auf der Website sieht, und\/oder es uns erm\u00f6glicht, die Immobilie auf eine spezifischere Weise zu pr\u00e4sentieren.<\/p>\n<picture><source sizes=\"(max-width: 575px) calc(100vw - 30px),(max-width: 767px) 510px,(max-width: 991px) 690px,(max-width: 1199px) 595px,(max-width: 1399px) 810px, 945px\" width=\"945\" height=\"485.81554227156\" srcset=\"https:\/\/media.inmobalia.com\/imgV1\/B98Le8~d7Me8Ymh25g8UJ3ypDtZ8Y3FecBCLxExjtFW~kNtmDiPvo~DIQuVSZWz~B8cOgqypLAdfYgSonxMWAYCe1G2bVZhyATkTebpSl~gyQZ088fLjBPSbSf1wVEYetONl~6XVDQ--.jpg 945w,https:\/\/media.inmobalia.com\/imgV1\/B98Le8~d7MvRbj7Vv7fDLn6_Ew7ABi8pUTpfr~FoJsmhwgR1h1fB8_lyN~udGsKWhjkcv9FMCryyiOTJ4s5b5CBLMQj0lyS6n1SsGYNIeLHVv~3v32XgI0JP_1esRzH8SPfYAqdV5w--.jpg 595w\" type=\"image\/webp\"><img decoding=\"async\" loading=\"lazy\" class=\"aligncenter size-full wp-image-38980 img-fluid\" width=\"2342\" height=\"1204\" alt=\"Marbella property brochure\" src=\"https:\/\/media.inmobalia.com\/imgV1\/B98Le8~d7Me8YmhhhFsYM4czod~~P0fCuzkjRHefNZZlhRfNduPlI3aPbyA~VRE9VHhfPWX0FOyRrgTAdVTIEG~CGGWsdoaqnvE_HS0epDMiwZF1RrOE.jpg\"><\/picture>\n<h2 ><span class=\"position-absolute\" style=\"top: -120px\" id=\"tag+der+offenen+tur+fur+makler\"><\/span>Tag der offenen T\u00fcr f\u00fcr Makler<\/h2>\n<p>Eine Open-House-Veranstaltung zielt darauf ab, den mit uns zusammenarbeitenden Agenturen die Immobilie zu zeigen und sie mit den Informationen zu versorgen, die sie ben\u00f6tigen, um sie ihren Kunden besser anbieten zu k\u00f6nnen. Wir k\u00f6nnen gro\u00dfe Open-House-Veranstaltungen oder kleine, private Besichtigungen f\u00fcr ausgew\u00e4hlte Agenturen in Marbella organisieren.<\/p>\n<figure class=\"position-relative\"><a class=\"isVideo\" href=\"https:\/\/youtu.be\/1LccPK-pcGg\" data-fancybox=\"video\" target=\"_blank\" rel=\"noopener\"><i class=\"icon icon-play content-play\"><\/i><picture><source sizes=\"(max-width: 575px) calc(100vw - 30px),(max-width: 767px) 510px,(max-width: 991px) 690px,(max-width: 1199px) 595px,(max-width: 1399px) 810px, 945px\" width=\"945\" srcset=\"https:\/\/media.inmobalia.com\/imgV1\/B98Le8~d7Me8Ymh25g8UJ3ypDtZ8Y3FecBCLxExjtFW~kNtmDiPvo~DIQvv4EDo6Ek0jXwehYOzbPAqdekhl2XWgMbDwZRYJYhphUNkzl7iunH5jIydjVdoPQQ--.jpg 945w,https:\/\/media.inmobalia.com\/imgV1\/B98Le8~d7MvRbj7Vv7fDLn6_Ew7ABi8pUTpfr~FoJsmhwgR1h1fB8_lyN_W46cT2Gv9vu1q3ICloAQS5nCnV_FNYSQRALotC~Jqpajvd_wLiVvA3Imubt9gulA--.jpg 595w\" type=\"image\/webp\"><img decoding=\"async\" loading=\"lazy\" class=\"img-fluid d-block my-4\" width=\"945\" height=\"532\" alt=\"Immobilienvermarktung\" src=\"https:\/\/media.inmobalia.com\/imgV1\/B98Le8~d7Me8YmhhhFsYM4czod~~P0fCuzkjWiM7awICCiRru4VbV94Mf0IUW9fTu_xnNlXLlfZ9TAQRJrbYTfdMsrVaMmGF_6bY.jpg\"><\/picture><\/a><\/figure>\n<h2 ><span class=\"position-absolute\" style=\"top: -120px\" id=\"private+veranstaltungen\"><\/span>Private Veranstaltungen<\/h2>\n<p>Je nach den Gegebenheiten des Anwesens k\u00f6nnen wir f\u00fcr unsere Kunden private Veranstaltungen zu einem bestimmten Thema oder einer bestimmten Aktivit\u00e4t organisieren. Von Weinverkostungen und Kunstausstellungen bis hin zu Pr\u00e4sentationen von Luxusautos oder kleinen Privatkonzerten.<\/p>\n<h2 ><span class=\"position-absolute\" style=\"top: -120px\" id=\"website+fur+privatbesitz\"><\/span>Website f\u00fcr Privatbesitz<\/h2>\n<picture><source sizes=\"(max-width: 575px) calc(100vw - 30px),(max-width: 767px) 510px,(max-width: 991px) 242px,(max-width: 1199px) 209px,(max-width: 1399px) 284px, 331px\" width=\"510\" height=\"289.43772990016\" srcset=\"https:\/\/media.inmobalia.com\/imgV1\/B98Le8~d7MvZypuPyYxIC9Go4pGcJ6BFKz0a~7bst1Zx2hhS0xNgJNBoRY~WFnGbk6Gep5NC2F2uX28KFNE8u8ph8TXvmWHTa2Eqv00lo6qv1chrlXwNgI4zzgFADYUujMFnRMMAAvfOV2rcvw4pbF2lq6ZxAKU-.jpg 510w,https:\/\/media.inmobalia.com\/imgV1\/B98Le8~d7Me8Ymh25g8UJ3ypDtZ8Y3FecBCLxExjtFW~kNtmDiPvo~DIQuVSZWz~B8cOgqypLAdfYgSonxMWAYCe1G2bVZhyATkTebpSl~gyQZ088fLjBPSbSfNVfbMkg0LsS1Na~3S8yGWBffTjFLmS1w8g6f0-.jpg 945w\" type=\"image\/webp\"><img decoding=\"async\" loading=\"lazy\" class=\"alignright size-full wp-image-38974 img-fluid\" width=\"1903\" height=\"1080\" alt=\"La Zagaleta 24 - website\" src=\"https:\/\/media.inmobalia.com\/imgV1\/B98Le8~d7MvZypuYbhLulf74I7cGH1t4yG~zNysJTUh9Wcum7kcWKvZMlxdjF1YrPv4LFQgUrkucJCsDeHoUZE3do5B02_Ky_mnpXC1m9_r8uJ9lfAwzwg3WAyQIvYyKggLuyqXr1Q--.jpg\"><\/picture>\n<p>Eine eigene Microsite bietet Ihnen die Flexibilit\u00e4t, zus\u00e4tzliche Informationen zu den auf DMproperties.com verf\u00fcgbaren Informationen aufzunehmen.<\/p>\n<p>Von der Beschreibung der Philosophie, die hinter dem Projekt oder der Immobilie steht, \u00fcber Informationen \u00fcber den Architekten, die historische Herkunft, Grundrisse bis hin zu zus\u00e4tzlichem Foto- und\/oder Videomaterial oder jede andere Information, die wir einf\u00fcgen m\u00f6chten. Die Website ist markenfrei und stellt somit ein sehr wertvolles Instrument f\u00fcr unser kooperierendes Netzwerk von Maklern dar, das sie an ihre potenziellen Kunden weitergeben k\u00f6nnen.<\/p>\n<h2 ><span class=\"position-absolute\" style=\"top: -120px\" id=\"globale+onlineprasenz\"><\/span>Globale Online-Pr\u00e4senz<\/h2>\n<h3 ><span class=\"position-absolute\" style=\"top: -120px\" id=\"immobilienportale\"><\/span>Immobilienportale<\/h3>\n<p>Wir arbeiten mit mehreren Immobilienportalen zusammen, die ein breites Spektrum an M\u00e4rkten und Nationalit\u00e4ten abdecken. Zu diesen Portalen geh\u00f6ren James Edition, Idealista, Financial Times, Wall Street Journal, On the Market, Rightmove, Prime Location, Zoopla, Country Life und Mansion Global.<\/p>\n<h3 ><span class=\"position-absolute\" style=\"top: -120px\" id=\"onlinemarketing++googleanzeigen\"><\/span>Online-Marketing - Google-Anzeigen<\/h3>\n<p>Wir entwerfen sehr spezifische und zielgerichtete Google-Kampagnen, die darauf abzielen, Traffic und Ansichten der Immobilie auf unserer Website zu generieren, was zu einem enormen Anstieg der Ansichten der Immobilie auf unserer Website f\u00fchren kann.<\/p>\n<h3 ><span class=\"position-absolute\" style=\"top: -120px\" id=\"rundschreiben\"><\/span>Rundschreiben<\/h3>\n<p>Wir f\u00fchren fortlaufende digitale Kampagnen durch, um unsere Immobilien innerhalb unserer Kundendatenbank und unseres Netzwerks von kooperierenden Agenturen kontinuierlich zu bewerben und sie auf dem Laufenden zu halten, indem wir spezifische und einzigartige Merkmale unserer Immobilien oder Preis\u00e4nderungen hervorheben.<\/p>\n<h3 ><span class=\"position-absolute\" style=\"top: -120px\" id=\"soziale+medien\"><\/span>Soziale Medien<\/h3>\n<p>Wir nutzen unsere Social-Media-Plattformen - LinkedIn, Facebook, Instagram und YouTube - in vollem Umfang und f\u00fchren gezielte Kampagnen f\u00fcr potenzielle Kunden auf der Grundlage von Interessen, Standort, Geschlecht und\/oder Alter durch.<\/p>\n<h2 ><span class=\"position-absolute\" style=\"top: -120px\" id=\"unsere+publikationen\"><\/span>Unsere Publikationen<\/h2>\n<p>Wir haben eine Reihe von Publikationen, die wir j\u00e4hrlich herausgeben, um unsere Immobilien zu bewerben. Um sicherzustellen, dass unsere Immobilien die richtigen Leute erreichen, werden diese Publikationen an eine Liste von sorgf\u00e4ltig profilierten Personen auf der ganzen Welt verschickt. Au\u00dferdem f\u00fchren wir f\u00fcr jede Publikation gezielte Online-Kampagnen durch, um sicherzustellen, dass die richtigen K\u00e4ufer unsere Immobilien sehen.<\/p>\n<ul>\n<li><strong>Highlights<\/strong><br \/>\n<a href=\"https:\/\/www.dmproperties.com\/36975-welcome-to-highlights-2022\">Das Lifestyle- und Immobilienmagazin von DM Properties<\/a> wird das ganze Jahr \u00fcber an ausgew\u00e4hlten Orten in Marbella verteilt und an unsere Kunden und Knight-Frank-B\u00fcros verteilt. Die Online-Version wird an unsere Datenbank verschickt. Der redaktionelle Inhalt von Highlights, der von renommierten, kalibrierenden Journalisten und Forschern verfasst wird, sowie sein Design heben es von allen anderen Immobilienmagazinen in der Region ab und sind zu einer viel erwarteten Publikation geworden.<\/li>\n<li><strong>The View<\/strong><br \/>\nDas Flaggschiff von Knight Frank stellt einige der wichtigsten Immobilien der Welt vor. Dieses Magazin wird in den 523 B\u00fcros von KF weltweit verteilt und an die Kundendatenbank verschickt.<\/li>\n<li><strong>Waterfront View<\/strong><br \/>\nDer ma\u00dfgebliche Leitfaden f\u00fcr au\u00dfergew\u00f6hnliche Immobilien am Wasser auf der ganzen Welt. Ver\u00f6ffentlicht und verteilt von Knight Frank an alle B\u00fcros und Kunden.<\/li>\n<li><strong>Spanish View<\/strong><br \/>\nDie j\u00e4hrliche Publikation von Knight Frank Spanien, die eine einzigartige Auswahl der besten Immobilien in Madrid, auf den Balearen und in Marbella vorstellt.<\/li>\n<li><strong>Key European Partners<\/strong><br \/>\nViele unserer europ\u00e4ischen Partner geben ihre eigenen Magazine heraus, die an ihre Kundendatenbanken verteilt werden und an ausgew\u00e4hlten Orten in ihren St\u00e4dten erh\u00e4ltlich sind. Als KF-Partner haben wir exklusiven Zugang, um unsere Immobilien in diesen Publikationen zu pr\u00e4sentieren.<\/li>\n<\/ul>\n<picture><source sizes=\"(max-width: 575px) calc(100vw - 30px),(max-width: 767px) 510px,(max-width: 991px) 690px,(max-width: 1199px) 595px,(max-width: 1399px) 810px, 945px\" width=\"945\" height=\"224.73372781065\" srcset=\"https:\/\/media.inmobalia.com\/imgV1\/B98Le8~d7Me8Ymh25g8UJ3ypDtZ8Y3FecBCLxExjtFW~kNtmDiPvo~DIQuVSZWz~B8cOgqypLAdfYgSonxMWAYCe1G2bVZhyATkTebpSl~gyQZ088fLl5r_ZDznI~XteBgE6SLb~ocA-.png 945w,https:\/\/media.inmobalia.com\/imgV1\/B98Le8~d7MvRbj7Vv7fDLn6_Ew7ABi8pUTpfr~FoJsmhwgR1h1fB8_lyN~udGsKWhjkcv9FMCryyiOTJ4s5b5CBLMQj0lyS6n1SsGYNIeLHVv~3v32XmIU90yQDhxDqbXRpmZWau3sQ-.png 595w\" type=\"image\/webp\"><img decoding=\"async\" loading=\"lazy\" class=\"aligncenter size-full wp-image-47013 img-fluid\" width=\"3549\" height=\"844\" alt=\"DM Properties and Knight Frank Magazines\" src=\"https:\/\/media.inmobalia.com\/imgV1\/B98Le8~d7Me8Ymh25g8UIzDdxwFRXqutMnSHloCYHTQ5yVss8vD8TSzkJ5lQzTfSJ_KskjuKtkWXSlkjS4nX66MSp5Am7vCEBGdKc~r2XgWnYVKw1doyHOCLc_KAUVJMiA--.png\"><\/picture>\n<h2 ><span class=\"position-absolute\" style=\"top: -120px\" id=\"fuhrende+medien+und+presseberichterstattung++online+und+offline\"><\/span>F\u00fchrende Medien und Presseberichterstattung - Online und Offline<\/h2>\n<p>Das marktf\u00fchrende PR-Team von Knight Frank unterh\u00e4lt enge, etablierte Beziehungen zu den wichtigsten Journalisten aller wichtigen lokalen, nationalen und internationalen Medien. So k\u00f6nnen wir Ihre Immobilie als redaktionellen Beitrag oder als Anzeige in Publikationen wie der Financial Times, dem Wall Street Journal, der Sunday Times, dem Gentleman's Journal, dem Tatler, dem Daily Telegraph, Country Life oder einem der Luxustitel von Code Nast platzieren. Mit einer selektiven Presse erreichen Sie oft ein Publikum, das auf der Suche nach den einzigartigsten Immobilien ist.<\/p>\n<h2 ><span class=\"position-absolute\" style=\"top: -120px\" id=\"privater+verkauf\"><\/span>Privater Verkauf<\/h2>\n<p>Herk\u00f6mmliche, \u00f6ffentliche Methoden des Immobilienverkaufs sind nicht f\u00fcr alle Eigent\u00fcmer oder Immobilien geeignet. Au\u00dfergew\u00f6hnliche Immobilien, einzigartige Standorte oder besondere Marktbedingungen erfordern einen hochspezialisierten Marketingansatz. Diskret und global. Das Knight Frank Private Office bietet einen marktf\u00fchrenden Immobilienberatungsservice, der sich auf den Erwerb und die Ver\u00e4u\u00dferung von Immobilien f\u00fcr Privatkunden, Family Offices und Verm\u00f6gensberater konzentriert und vertrauensw\u00fcrdige, eingehende Beratung zu Immobilienverm\u00f6gen auf der ganzen Welt bietet. Ein \"Private Sale\"-Ansatz f\u00fcr erstklassige Immobilien erm\u00f6glicht es, die Immobilie diskret einer Datenbank von legitimen K\u00e4ufern und Investoren zu pr\u00e4sentieren, um den bestm\u00f6glichen Preis zu erzielen, ohne die Immobilie zu sehr zu exponieren.<\/p>\n<figure class=\"position-relative\"><a class=\"isVideo\" href=\"https:\/\/youtu.be\/sR7J2o9luNA\" data-fancybox=\"video\" target=\"_blank\" rel=\"noopener\"><i class=\"icon icon-play content-play\"><\/i><picture><source sizes=\"(max-width: 575px) calc(100vw - 30px),(max-width: 767px) 510px,(max-width: 991px) 690px,(max-width: 1199px) 595px,(max-width: 1399px) 810px, 945px\" width=\"945\" srcset=\"https:\/\/media.inmobalia.com\/imgV1\/B98Le8~d7Me8Ymh25g8UJ3ypDtZ8Y3FecBCLxExjtFW~kNtmDiPvo~DIQvv4EDo6Ek0jXwehYOzbPAqdekgn8oHUNsbV60iigf778aIf34pSJoQTkwD43Y9ujQ--.jpg 945w,https:\/\/media.inmobalia.com\/imgV1\/B98Le8~d7MvRbj7Vv7fDLn6_Ew7ABi8pUTpfr~FoJsmhwgR1h1fB8_lyN_W46cT2Gv9vu1q3ICloAQS5nCmXbv1Rj6Il5qcuifuV9RW50R7IkP2AsREkMF2MOw--.jpg 595w\" type=\"image\/webp\"><img decoding=\"async\" loading=\"lazy\" class=\"img-fluid d-block my-4\" width=\"945\" height=\"532\" alt=\"Immobilienvermarktung\" src=\"https:\/\/media.inmobalia.com\/imgV1\/B98Le8~d7Me8YmhhhFsYM4czod~~P0fCuzkjWiM7awICCiRru4VbV94Mf0IUW5XVR~3mgaGGe8xLiElDQqh6je0zADKh_0T3GY3u.jpg\"><\/picture><\/a><\/figure>\n","protected":false},"excerpt":{"rendered":"<p>Vermarktung mit DM Properties Unser Portfolio und unsere Verkaufsbilanz umfassen einige der besten und bedeutendsten Immobilien in der Region Marbella. Unsere internationale Reichweite sowie unsere f\u00fchrende Position und unser langj\u00e4hriger Ruf auf dem Gebiet der Luxusimmobilien in Marbella erm\u00f6glichen es uns, Ihre Immobilie einer internationalen Kundschaft vorzustellen. Unsere Kompetenz besteht darin, zu wissen, wer und&#8230;<\/p>\n","protected":false},"author":3,"featured_media":38836,"parent":0,"menu_order":0,"comment_status":"closed","ping_status":"closed","template":"","meta":{"_acf_changed":false,"footnotes":""},"class_list":["post-39216","page","type-page","status-publish","has-post-thumbnail","hentry"],"acf":[],"_links":{"self":[{"href":"https:\/\/www.dmproperties.com\/de\/wp-json\/wp\/v2\/pages\/39216","targetHints":{"allow":["GET"]}}],"collection":[{"href":"https:\/\/www.dmproperties.com\/de\/wp-json\/wp\/v2\/pages"}],"about":[{"href":"https:\/\/www.dmproperties.com\/de\/wp-json\/wp\/v2\/types\/page"}],"author":[{"embeddable":true,"href":"https:\/\/www.dmproperties.com\/de\/wp-json\/wp\/v2\/users\/3"}],"replies":[{"embeddable":true,"href":"https:\/\/www.dmproperties.com\/de\/wp-json\/wp\/v2\/comments?post=39216"}],"version-history":[{"count":0,"href":"https:\/\/www.dmproperties.com\/de\/wp-json\/wp\/v2\/pages\/39216\/revisions"}],"wp:featuredmedia":[{"embeddable":true,"href":"https:\/\/www.dmproperties.com\/de\/wp-json\/wp\/v2\/media\/38836"}],"wp:attachment":[{"href":"https:\/\/www.dmproperties.com\/de\/wp-json\/wp\/v2\/media?parent=39216"}],"curies":[{"name":"wp","href":"https:\/\/api.w.org\/{rel}","templated":true}]}}