{"id":39220,"date":"2022-12-02T08:26:29","date_gmt":"2022-12-02T07:26:29","guid":{"rendered":"https:\/\/www.dmproperties.com\/international-properties"},"modified":"2025-10-14T09:16:04","modified_gmt":"2025-10-14T07:16:04","slug":"internationale-inmobilien","status":"publish","type":"page","link":"https:\/\/www.dmproperties.com\/de\/internationale-inmobilien","title":{"rendered":"Globale Immobilienexperten"},"content":{"rendered":"<p>Unsere Allianz mit Knight Frank, dem gr\u00f6\u00dften unabh\u00e4ngigen Immobilienberatungsunternehmen der Welt mit einer Pr\u00e4senz in \u00fcber 50 L\u00e4ndern und 740 B\u00fcros, macht uns zum idealen Partner f\u00fcr den Kauf und Verkauf erstklassiger Luxusimmobilien, nicht nur in Marbella, sondern \u00fcberall auf der Welt. Unabh\u00e4ngig davon, ob Sie auf der Suche nach einem Ferienhaus in Europa, einer Villa in der Karibik oder einem Penthouse im Herzen einer pulsierenden Stadt sind, wir verf\u00fcgen \u00fcber das Fachwissen und die Ressourcen, um Ihnen bei der Suche nach Ihrer Traumimmobilie zu helfen. Mit unserem globalen Netzwerk und unseren lokalen Kenntnissen k\u00f6nnen Sie darauf vertrauen, dass wir Sie durch jeden Schritt des Prozesses f\u00fchren und eine nahtlose und erfolgreiche Transaktion gew\u00e4hrleisten.<\/p>\n","protected":false},"excerpt":{"rendered":"<p>Unsere Allianz mit Knight Frank, dem gr\u00f6\u00dften unabh\u00e4ngigen Immobilienberatungsunternehmen der Welt mit einer Pr\u00e4senz in \u00fcber 50 L\u00e4ndern und 740 B\u00fcros, macht uns zum idealen Partner f\u00fcr den Kauf und Verkauf erstklassiger Luxusimmobilien, nicht nur in Marbella, sondern \u00fcberall auf der Welt. Unabh\u00e4ngig davon, ob Sie auf der Suche nach einem Ferienhaus in Europa, einer&#8230;<\/p>\n","protected":false},"author":3,"featured_media":38695,"parent":0,"menu_order":0,"comment_status":"closed","ping_status":"closed","template":"template-pages\/international.php","meta":{"_acf_changed":false,"footnotes":""},"class_list":["post-39220","page","type-page","status-publish","has-post-thumbnail","hentry"],"acf":[],"_links":{"self":[{"href":"https:\/\/www.dmproperties.com\/de\/wp-json\/wp\/v2\/pages\/39220","targetHints":{"allow":["GET"]}}],"collection":[{"href":"https:\/\/www.dmproperties.com\/de\/wp-json\/wp\/v2\/pages"}],"about":[{"href":"https:\/\/www.dmproperties.com\/de\/wp-json\/wp\/v2\/types\/page"}],"author":[{"embeddable":true,"href":"https:\/\/www.dmproperties.com\/de\/wp-json\/wp\/v2\/users\/3"}],"replies":[{"embeddable":true,"href":"https:\/\/www.dmproperties.com\/de\/wp-json\/wp\/v2\/comments?post=39220"}],"version-history":[{"count":0,"href":"https:\/\/www.dmproperties.com\/de\/wp-json\/wp\/v2\/pages\/39220\/revisions"}],"wp:featuredmedia":[{"embeddable":true,"href":"https:\/\/www.dmproperties.com\/de\/wp-json\/wp\/v2\/media\/38695"}],"wp:attachment":[{"href":"https:\/\/www.dmproperties.com\/de\/wp-json\/wp\/v2\/media?parent=39220"}],"curies":[{"name":"wp","href":"https:\/\/api.w.org\/{rel}","templated":true}]}}