{"id":39229,"date":"2021-10-04T13:59:30","date_gmt":"2021-10-04T11:59:30","guid":{"rendered":"https:\/\/www.dmproperties.com\/partners"},"modified":"2024-12-27T14:11:00","modified_gmt":"2024-12-27T13:11:00","slug":"partner","status":"publish","type":"page","link":"https:\/\/www.dmproperties.com\/de\/ueber-uns\/partner","title":{"rendered":"Unsere Partner"},"content":{"rendered":"<h2 ><span class=\"position-absolute\" style=\"top: -120px\" id=\"dm+properties+und+seine+partnerschaften+im+immobilienbereich\"><\/span>DM Properties und seine Partnerschaften im Immobilienbereich<\/h2>\n<p>Diana Morales Properties ist von jeher ein international ausgerichtetes Unternehmen, das dank seines guten Rufs, den es sich im Laufe der Jahre erworben hat, mit vielen der bedeutendsten internationalen Partneragenturen zusammenarbeiten kann, die eine \u00e4hnliche Philosophie in Bezug auf Unternehmensethik, Service und professionelle Effizienz teilen.<\/p>\n<p>\u00dcber die Jahre wurden so langj\u00e4hrige Beziehungen zu Unternehmen und Immobiliennetzwerken auf der ganzen Welt aufgebaut, die die Reichweite dieser lokalen Boutique-Agentur erheblich erweitern. In einem zunehmend internationalen Markt, den die Direktoren von DM Properties als einen wichtigen Verbrauchertrend vor allem im Luxussegment vorausgesehen haben, ist dieses Unternehmen sehr gut darauf vorbereitet, mit anspruchsvollen Kunden aus verschiedenen Teilen der Welt umzugehen.<\/p>\n<p>Deshalb legt das Unternehmen seit jeher gro\u00dfen Wert auf gut aufeinander abgestimmte internationale Partnerschaften und wurde als einziger Partner von Sotheby's und Christies an der Costa del Sol ausgew\u00e4hlt, sowie als Gr\u00fcndungsmitglied des European Real Estate Network (EREN) und der Leading Property Agents of Spain (LPA). Im Jahr 2014 wurde Diana Morales Properties zum alleinigen Vertreter von Knight Frank LLP in Marbella und an der Costa del Sol ernannt, einem renommierten Namen, der weltweit f\u00fcr sein Fachwissen und seine F\u00fchrungsrolle in Bezug auf Gewerbe- und Luxusimmobilien bekannt ist.<\/p>\n<p>\"Dank dieser Zugeh\u00f6rigkeit zu solch namhaften Partnern auf der ganzen Welt sind wir eine spezialisierte Boutique-Agentur, die klein genug ist, um einen pers\u00f6nlichen Service zu bieten, aber gro\u00df genug, um \u00fcber globale Ressourcen und Reichweite zu verf\u00fcgen. Das bedeutet, dass wir nicht nur internationalen Kunden bei der Suche nach Immobilien und Investitionen in der Region Marbella helfen, sondern auch dann, wenn Sie eine Wohnung in Barcelona, ein Penthouse in New York oder ein Chalet in den Alpen kaufen m\u00f6chten.\" In der Tat kann die DM Properties Empfehlungsabteilung Ihnen helfen, die ideale Immobilie zu finden und Sie bei Ihrem Kauf und Umzug zu unterst\u00fctzen.<\/p>\n<h2 ><span class=\"position-absolute\" style=\"top: -120px\" id=\"knight+frank\"><\/span>Knight Frank<\/h2>\n<p><a href=\"https:\/\/www.knightfrank.com\/\" target=\"_blank\" rel=\"noopener\">Knight Frank<\/a> wurde vor \u00fcber 125 Jahren gegr\u00fcndet und ist das gr\u00f6\u00dfte unabh\u00e4ngige Immobilienberatungsunternehmen der Welt mit einer globalen Reichweite von \u00fcber 740 B\u00fcros in 50 L\u00e4ndern.<\/p>\n<p>Das Unternehmen ist bekannt f\u00fcr seine konsistente, professionelle Beratung, und sein Netzwerk von Niederlassungen in \u00dcbersee verf\u00fcgt \u00fcber fundierte Kenntnisse der lokalen M\u00e4rkte. Gleichzeitig arbeitet es eng mit der globalen Zentrale in London zusammen, um seinen Kunden einen nahtlosen Service zu bieten. Durch ein internationales Netzwerk und eine gemeinsame globale Datenbank hat Knight Frank Zugang zu den wohlhabendsten K\u00e4ufern und den besten Immobilien weltweit.<\/p>\n<p>Mit mehr als 27.000 Mitarbeitern auf der ganzen Welt stellt die partnerschaftliche Kultur von Knight Frank die Bed\u00fcrfnisse der Kunden in den Mittelpunkt aller Aktivit\u00e4ten. So wird sichergestellt, dass der f\u00fcr viele Menschen lebensver\u00e4ndernde Prozess des Kaufs, der Anmietung oder der Vermietung einer Immobilie mit Sorgfalt, Diskretion und un\u00fcbertroffener Professionalit\u00e4t abgewickelt wird.<\/p>\n<p>Mit mehr als 5 Millionen Besuchern auf ihrer preisgekr\u00f6nten Website, die automatisch \u00fcber 12.500 Immobilien in 22 Sprachen \u00fcbersetzt, erreicht Knight Frank ein au\u00dfergew\u00f6hnlich breites Publikum und nutzt diese Technologie auf intelligente Weise, um den Kauf, die Vermietung und den Verkauf von Immobilien voranzutreiben. Kunden nutzen \"My Knight Frank\", um sich zu registrieren und ihre eigenen Anforderungen zu verwalten, personalisierte Benachrichtigungen f\u00fcr Immobilien und Recherchen zu erhalten sowie ihre eigene Immobilienbibliothek zu erstellen, um sie zu bewerten und zu beurteilen. Dar\u00fcber hinaus erm\u00f6glicht die App die Suche nach Immobilien je nach Lebensstil oder GPS-Standort und bietet alle Forschungsberichte von Knight Frank.<\/p>\n<p>Das Private Office von Knight Frank ist ein exklusiver Service, der sich an verm\u00f6gende Privatpersonen, Familien und deren Berater richtet. Es bietet unvergleichliche Expertise in der Akquisition, Verwaltung und dem Verkauf von au\u00dfergew\u00f6hnlichen Immobilien weltweit. Diese Elite-Division kombiniert eine diskrete, ma\u00dfgeschneiderte Herangehensweise mit umfassender Marktkenntnis und einer globalen Reichweite. Durch ein spezialisiertes Team und den Zugang zu Knight Franks umfassendem internationalen Netzwerk bietet das Private Office individuell angepasste L\u00f6sungen f\u00fcr Wohn-, Gewerbe- und Investitionsbed\u00fcrfnisse. Von der Suche nach einzigartigen Off-Market-Gelegenheiten bis hin zur Koordination komplexer, grenz\u00fcberschreitender Transaktionen sorgt es f\u00fcr eine nahtlose und hochgradig personalisierte Erfahrung f\u00fcr seine anspruchsvollen Kunden.<\/p>\n<figure class=\"position-relative\"><a class=\"isVideo\" href=\"https:\/\/youtu.be\/sR7J2o9luNA\" data-fancybox=\"video\" target=\"_blank\" rel=\"noopener\"><i class=\"icon icon-play content-play\"><\/i><picture><source sizes=\"(max-width: 575px) calc(100vw - 30px),(max-width: 767px) 510px,(max-width: 991px) 690px,(max-width: 1199px) 595px,(max-width: 1399px) 810px, 945px\" width=\"945\" srcset=\"https:\/\/media.inmobalia.com\/imgV1\/B98Le8~d7Me8Ymh25g8UJ3ypDtZ8Y3FecBCLxExjtFW~kNtmDiPvo~DIQvv4EDo6Ek0jXwehYOzbPAqdekgn8oHUNsbV60iigf778aIf34pSJoQTkwD43Y9ujQ--.jpg 945w,https:\/\/media.inmobalia.com\/imgV1\/B98Le8~d7MvRbj7Vv7fDLn6_Ew7ABi8pUTpfr~FoJsmhwgR1h1fB8_lyN_W46cT2Gv9vu1q3ICloAQS5nCmXbv1Rj6Il5qcuifuV9RW50R7IkP2AsREkMF2MOw--.jpg 595w\" type=\"image\/webp\"><img loading=\"lazy\" decoding=\"async\" class=\"img-fluid d-block my-4\" width=\"945\" height=\"532\" alt=\"Unsere Partner\" src=\"https:\/\/media.inmobalia.com\/imgV1\/B98Le8~d7Me8YmhhhFsYM4czod~~P0fCuzkjWiM7awICCiRru4VbV94Mf0IUW5XVR~3mgaGGe8xLiElDQqh6je0zADKh_0T3GY3u.jpg\"><\/picture><\/a><script type=\"application\/ld+json\">\n\t\t\t{\n\t\t\t\t\"@context\": \"https:\/\/schema.org\",\n\t\t\t\t\"@type\": \"VideoObject\",\n\t\t\t\t\"name\": \"Unsere Partner\",\n\t\t\t\t\"description\": \"DM Properties und seine Partnerschaften im Immobilienbereich Diana Morales Properties ist von jeher ein international ausgerichtetes Unternehmen, das dank seines...\",\n\t\t\t\t\"thumbnailUrl\": \"https:\/\/img.youtube.com\/vi\/sR7J2o9luNA\/maxresdefault.jpg\",\n\t\t\t\t\"uploadDate\": \"2021-10-04T13:59:30+0200\", \"embedUrl\": \"https:\/\/youtu.be\/sR7J2o9luNA\"\t\t\t\n\t\t\t}\n\t\t\t<\/script><\/figure>\n<p>Das hochkar\u00e4tige <a href=\"https:\/\/www.knightfrank.com\/research\/report-library\/results.aspx?typeid=research\" target=\"_blank\" rel=\"noopener\">Forschungsteam<\/a> von Knight Frank ist f\u00fchrend im Verstehen der wichtigsten Treiber der internationalen M\u00e4rkte. Neben der Erstellung regelm\u00e4\u00dfiger Forschungsberichte - vom Global Residential Market Forecast bis zum Prime Global Rental Index - bieten die Analysten ma\u00dfgeschneiderte Beratungsdienste f\u00fcr Bautr\u00e4ger, Kreditgeber, Investoren, Ministerien, Institutionen und Einrichtungen des \u00f6ffentlichen Sektors. Der hoch angesehene <a href=\"https:\/\/www.knightfrank.com\/wealthreport\" target=\"_blank\" rel=\"noopener\">Wealth Report<\/a>, der einmal im Jahr ver\u00f6ffentlicht wird, bietet eine ma\u00dfgebliche globale Perspektive auf erstklassige Immobilien und Verm\u00f6gen. Der <a href=\"https:\/\/www.knightfrank.com\/blog\/\" target=\"_blank\" rel=\"noopener\">Global Briefing Blog<\/a> liefert Marktupdates, Fachartikel und aktuelle Interviews zu allen Themen rund um Immobilien. In enger Zusammenarbeit mit internationalen B\u00fcros verfolgen die Indizes die Dynamik der Marktzyklen und helfen Kunden, die richtigen Entscheidungen zu treffen. Diese ausgefeilten Prognoseinstrumente unterst\u00fctzen die Arbeit von Knight Frank, maximieren den Wert der Immobilien seiner Kunden und helfen, strategische Ans\u00e4tze zu entwickeln.<\/p>\n<p>Knight Frank und Diana Morales Properties sind als vertrauensw\u00fcrdige Berater anerkannt und vereinen lokales Wissen und globale Expertise, um Ihnen die beste Immobilienberatung zu bieten.<\/p>\n<p>Als Mitglied des globalen Netzwerks von Knight Frank kann Diana Morales Properties Ihnen Zugang zu mehr als 12.500 der besten Immobilien zum Verkauf und zur Miete in den begehrtesten Lagen der Welt bieten. Gemeinsam k\u00f6nnen wir uns um Ihre pers\u00f6nlichen und beruflichen Bed\u00fcrfnisse k\u00fcmmern, indem wir unsere globale Reichweite, au\u00dfergew\u00f6hnliche Mitarbeiter und weltweit anerkannte Forschung nutzen.<\/p>\n<h2 ><span class=\"position-absolute\" style=\"top: -120px\" id=\"lpa++fuhrende+immobilienmakler+in+spanien\"><\/span>LPA - F\u00fchrende Immobilienmakler in Spanien<\/h2>\n<p>Diana Morales Properties ist Gr\u00fcndungsmitglied von The Leading Property Agents of Spain (LPA), einer Vereinigung etablierter, seri\u00f6ser und professionell qualifizierter Immobilienmakler, die einen strengen ethischen Kodex teilen und sich voll und ganz dem Ziel verschrieben haben, sowohl K\u00e4ufern als auch Verk\u00e4ufern von Immobilien an der Costa del Sol einen exzellenten, hoch spezialisierten und pers\u00f6nlichen Service zu bieten.<\/p>\n<p>LPA f\u00f6rdert Transparenz, Zusammenarbeit, die Festlegung von Branchenstandards und den Austausch von Wissen und Ideen, um Know-how, Professionalit\u00e4t, Exzellenz und Innovation in unserer Region auf das h\u00f6chste Niveau zu bringen.<\/p>\n<h2 ><span class=\"position-absolute\" style=\"top: -120px\" id=\"dom3++unternehmer+fur+qualitativ+hochwertige+immobilien\"><\/span>DOM3 \u2013 Unternehmer f\u00fcr Qualitativ Hochwertige Immobilien<\/h2>\n<p>DM Properties ist au\u00dferdem eingeladen worden, DOM3 \u2013 einer Vereinigung von Unternehmern und Experten f\u00fcr qualitativ hochwertige Immobilien \u2013 beizutreten, um diesen wichtigen Sektor der Immobiliensparte in all seinen Aspekten in Marbella und seinem Einflussbereich zu f\u00f6rdern.<\/p>\n<p><a href=\"https:\/\/www.dom3.es\/home\" target=\"_blank\" rel=\"noopener\">DOM3 \u2013 Unternehmer f\u00fcr Qualitativ Hochwertige Immobilien<\/a> \u2013 ist eine Vereinigung von Experten und Unternehmern mit langj\u00e4hriger Erfahrung in verschiedenen Bereichen, vereint aufgrund ihres gemeinsamen Ziels: die F\u00f6rderung und Entwicklung von Aktionspl\u00e4nen, die mit dem Design, der Konstruktion und der Promotion von qualitativ hochwertigen Immobilien in Marbella und seinem Einflussbereich verbunden sind.<\/p>\n<p>Die Mitglieder von DOM3 tragen ihre Erfahrung und ihr Wissen in einer breiten Vielfalt von professionellen Disziplinen bei, um die Entwicklung des Sektors und von Marbella als turistische Marke zu f\u00f6rdern.<\/p>\n<p>Die Hauptziele der Vereinigung sind:<\/p>\n<ul>\n<li>Die F\u00f6rderung von Initiativen f\u00fcr die Verbesserung aller Aspekte in der Branche f\u00fcr qualitativ hochwertige Immobilien.<\/li>\n<li>Das Beg\u00fcnstigen von Innovation, Entwicklung und Wissen in den verschiedenen Phasen der unternehmerischen Wertsch\u00f6pfungskette.<\/li>\n<li>Das Erleichtern gesch\u00e4ftlicher Verb\u00fcnde und der Zusammenarbeit zwischen Experten und Unternehmen mit gemeinsamen Zielen zugunsten unseres Sektors.<\/li>\n<li>Die F\u00f6rderung eines \"Qualit\u00e4tssiegels\" f\u00fcr Unternehmen und Experten, die die Werte der Vereinigung, wie Ehrlichkeit, Integrit\u00e4t, Exzellenz, Leadership, Verantwortlichkeit und Innovation, teilen.<br \/>\nBesuchen Sie die Webseite von DOM3 \u2013 Unternehmer f\u00fcr Qualitativ Hochwertige Immobilien.<\/li>\n<\/ul>\n","protected":false},"excerpt":{"rendered":"<p>DM Properties und seine Partnerschaften im Immobilienbereich Diana Morales Properties ist von jeher ein international ausgerichtetes Unternehmen, das dank seines guten Rufs, den es sich im Laufe der Jahre erworben hat, mit vielen der bedeutendsten internationalen Partneragenturen zusammenarbeiten kann, die eine \u00e4hnliche Philosophie in Bezug auf Unternehmensethik, Service und professionelle Effizienz teilen. \u00dcber die Jahre&#8230;<\/p>\n","protected":false},"author":3,"featured_media":26609,"parent":39277,"menu_order":2,"comment_status":"closed","ping_status":"closed","template":"","meta":{"_acf_changed":false,"footnotes":""},"class_list":["post-39229","page","type-page","status-publish","has-post-thumbnail","hentry"],"acf":[],"_links":{"self":[{"href":"https:\/\/www.dmproperties.com\/de\/wp-json\/wp\/v2\/pages\/39229","targetHints":{"allow":["GET"]}}],"collection":[{"href":"https:\/\/www.dmproperties.com\/de\/wp-json\/wp\/v2\/pages"}],"about":[{"href":"https:\/\/www.dmproperties.com\/de\/wp-json\/wp\/v2\/types\/page"}],"author":[{"embeddable":true,"href":"https:\/\/www.dmproperties.com\/de\/wp-json\/wp\/v2\/users\/3"}],"replies":[{"embeddable":true,"href":"https:\/\/www.dmproperties.com\/de\/wp-json\/wp\/v2\/comments?post=39229"}],"version-history":[{"count":0,"href":"https:\/\/www.dmproperties.com\/de\/wp-json\/wp\/v2\/pages\/39229\/revisions"}],"up":[{"embeddable":true,"href":"https:\/\/www.dmproperties.com\/de\/wp-json\/wp\/v2\/pages\/39277"}],"wp:featuredmedia":[{"embeddable":true,"href":"https:\/\/www.dmproperties.com\/de\/wp-json\/wp\/v2\/media\/26609"}],"wp:attachment":[{"href":"https:\/\/www.dmproperties.com\/de\/wp-json\/wp\/v2\/media?parent=39229"}],"curies":[{"name":"wp","href":"https:\/\/api.w.org\/{rel}","templated":true}]}}