{"id":39257,"date":"2021-09-24T16:03:05","date_gmt":"2021-09-24T14:03:05","guid":{"rendered":"https:\/\/www.dmproperties.com\/modern-property"},"modified":"2024-10-03T09:44:15","modified_gmt":"2024-10-03T07:44:15","slug":"moderne-hauser","status":"publish","type":"page","link":"https:\/\/www.dmproperties.com\/de\/moderne-hauser","title":{"rendered":"Moderne H\u00e4user in Marbella, Costa del Sol"},"content":{"rendered":"<p><strong>Sie suchen eine moderne Immobilie in Marbella oder an der Costa del Sol?<\/strong><\/p>\n<p>Unsere Rubrik \u201eModerne Immobilien\u201c hilft Ihnen, Ihre Suche nach einer Immobilie mit modernem Design und zeitgen\u00f6ssischer Architektur an der Costa del Sol einzugrenzen. DM Properties bietet Ihnen eine Auswahl an Villen und H\u00e4usern mit gro\u00dfz\u00fcgigen Wohnbereichen, Hightech-Materialien und minimalistischen Wohnungen mit klaren Linien. Bitte nehmen Sie sich ein paar Minuten Zeit, um unsere Auswahl an modernen Immobilien zu durchst\u00f6bern, von luxuri\u00f6sen modernen Villen in Marbella bis hin zu zeitgen\u00f6ssischen Apartments in den besten Lagen an der Costa del Sol.<\/p>\n","protected":false},"excerpt":{"rendered":"<p>Sie suchen eine moderne Immobilie in Marbella oder an der Costa del Sol? Unsere Rubrik \u201eModerne Immobilien\u201c hilft Ihnen, Ihre Suche nach einer Immobilie mit modernem Design und zeitgen\u00f6ssischer Architektur an der Costa del Sol einzugrenzen. DM Properties bietet Ihnen eine Auswahl an Villen und H\u00e4usern mit gro\u00dfz\u00fcgigen Wohnbereichen, Hightech-Materialien und minimalistischen Wohnungen mit klaren&#8230;<\/p>\n","protected":false},"author":3,"featured_media":35527,"parent":0,"menu_order":13,"comment_status":"closed","ping_status":"closed","template":"template-pages\/landings.php","meta":{"_acf_changed":false,"footnotes":""},"class_list":["post-39257","page","type-page","status-publish","has-post-thumbnail","hentry"],"acf":[],"_links":{"self":[{"href":"https:\/\/www.dmproperties.com\/de\/wp-json\/wp\/v2\/pages\/39257","targetHints":{"allow":["GET"]}}],"collection":[{"href":"https:\/\/www.dmproperties.com\/de\/wp-json\/wp\/v2\/pages"}],"about":[{"href":"https:\/\/www.dmproperties.com\/de\/wp-json\/wp\/v2\/types\/page"}],"author":[{"embeddable":true,"href":"https:\/\/www.dmproperties.com\/de\/wp-json\/wp\/v2\/users\/3"}],"replies":[{"embeddable":true,"href":"https:\/\/www.dmproperties.com\/de\/wp-json\/wp\/v2\/comments?post=39257"}],"version-history":[{"count":0,"href":"https:\/\/www.dmproperties.com\/de\/wp-json\/wp\/v2\/pages\/39257\/revisions"}],"wp:featuredmedia":[{"embeddable":true,"href":"https:\/\/www.dmproperties.com\/de\/wp-json\/wp\/v2\/media\/35527"}],"wp:attachment":[{"href":"https:\/\/www.dmproperties.com\/de\/wp-json\/wp\/v2\/media?parent=39257"}],"curies":[{"name":"wp","href":"https:\/\/api.w.org\/{rel}","templated":true}]}}