{"id":39277,"date":"2021-07-26T12:04:54","date_gmt":"2021-07-26T10:04:54","guid":{"rendered":"https:\/\/www.dmproperties.com\/about-us"},"modified":"2026-04-17T21:59:03","modified_gmt":"2026-04-17T19:59:03","slug":"ueber-uns","status":"publish","type":"page","link":"https:\/\/www.dmproperties.com\/de\/ueber-uns","title":{"rendered":"\u00dcber DM Properties Marbella"},"content":{"rendered":"<p>DM Properties wurde 1989 gegr\u00fcndet und hat sich zu einem der vertrauensw\u00fcrdigsten Immobilienunternehmen in Marbella entwickelt. Unser Engagement f\u00fcr unsere Kunden zusammen mit unserer Leidenschaft f\u00fcr Marbella-Immobilien und der Tatsache, dass wir in Bezug auf Daten und Marktkenntnisse an vorderster Front stehen, bedeutet, dass wir auch nach Jahrzehnten noch Kunden bei ihren Immobilieninvestitionen und dem Lebensstil in Marbella beraten, den wir alle lieben.<\/p>\n<p><a href=\"https:\/\/www.dmproperties.com\/de\/ueber-uns\/unternehmen\">Lesen Sie mehr \u00fcber unser Unternehmen<\/a><\/p>\n","protected":false},"excerpt":{"rendered":"<p>DM Properties wurde 1989 gegr\u00fcndet und hat sich zu einem der vertrauensw\u00fcrdigsten Immobilienunternehmen in Marbella entwickelt. Unser Engagement f\u00fcr unsere Kunden zusammen mit unserer Leidenschaft f\u00fcr Marbella-Immobilien und der Tatsache, dass wir in Bezug auf Daten und Marktkenntnisse an vorderster Front stehen, bedeutet, dass wir auch nach Jahrzehnten noch Kunden bei ihren Immobilieninvestitionen und dem&#8230;<\/p>\n","protected":false},"author":3,"featured_media":46864,"parent":0,"menu_order":14,"comment_status":"closed","ping_status":"closed","template":"template-pages\/know-us.php","meta":{"_acf_changed":false,"footnotes":""},"class_list":["post-39277","page","type-page","status-publish","has-post-thumbnail","hentry"],"acf":[],"_links":{"self":[{"href":"https:\/\/www.dmproperties.com\/de\/wp-json\/wp\/v2\/pages\/39277","targetHints":{"allow":["GET"]}}],"collection":[{"href":"https:\/\/www.dmproperties.com\/de\/wp-json\/wp\/v2\/pages"}],"about":[{"href":"https:\/\/www.dmproperties.com\/de\/wp-json\/wp\/v2\/types\/page"}],"author":[{"embeddable":true,"href":"https:\/\/www.dmproperties.com\/de\/wp-json\/wp\/v2\/users\/3"}],"replies":[{"embeddable":true,"href":"https:\/\/www.dmproperties.com\/de\/wp-json\/wp\/v2\/comments?post=39277"}],"version-history":[{"count":0,"href":"https:\/\/www.dmproperties.com\/de\/wp-json\/wp\/v2\/pages\/39277\/revisions"}],"wp:featuredmedia":[{"embeddable":true,"href":"https:\/\/www.dmproperties.com\/de\/wp-json\/wp\/v2\/media\/46864"}],"wp:attachment":[{"href":"https:\/\/www.dmproperties.com\/de\/wp-json\/wp\/v2\/media?parent=39277"}],"curies":[{"name":"wp","href":"https:\/\/api.w.org\/{rel}","templated":true}]}}