{"id":39296,"date":"2021-01-27T13:33:17","date_gmt":"2021-01-27T12:33:17","guid":{"rendered":"https:\/\/www.dmproperties.com\/properties"},"modified":"2026-03-25T22:05:06","modified_gmt":"2026-03-25T21:05:06","slug":"de","status":"publish","type":"page","link":"https:\/\/www.dmproperties.com\/de","title":{"rendered":"Marbella Immobilien"},"content":{"rendered":"<p>Seit \u00fcber drei Jahrzehnten gilt Diana Morales Properties als eine der vertrauensw\u00fcrdigsten Immobilienagenturen in Marbella und an der Costa del Sol. Unser Portfolio zum Verkauf stehender Immobilien umfasst einige der markantesten Luxusimmobilien an der Costa del Sol: Von <a href=\"https:\/\/www.dmproperties.com\/de\/immobilien\/benahavis\/la-zagaleta\/villen\">luxuri\u00f6sen Villen zum Verkauf in La Zagaleta<\/a>, <a href=\"https:\/\/www.dmproperties.com\/de\/immobilien\/marbella-alle\/marbella-goldene-meile\">exklusiven H\u00e4usern und Luxusapartments in der Marbella Golden Mile<\/a>, <a href=\"https:\/\/www.dmproperties.com\/de\/immobilien\/marbella-alle\/puerto-banus\/penthauser\">Penth\u00e4usern in Puerto Ban\u00fas<\/a>, <a href=\"https:\/\/www.dmproperties.com\/de\/immobilien\/estepona\/neugebaut\">Neubauwohnungen und Stadth\u00e4usern in Estepona<\/a> bis hin zu <a href=\"https:\/\/www.dmproperties.com\/de\/immobilien\/estepona\/estepona-ost\/new-golden-mile\/wohnungen\">Luxusapartments in der New Golden Mile<\/a>.<\/p>\n<p>Wenn Sie daran interessiert sind, in Immobilien zu investieren, eine Villa, ein Penthouse, eine Wohnung, ein Stadthaus oder ein Landhaus in Marbella und entlang der Costa del Sol zu kaufen, nehmen Sie sich bitte ein paar Momente Zeit, um unsere Website zu durchst\u00f6bern und unsere kontinuierlich aktualisierte Datenbank mit Immobilien in und um Marbella anzusehen.<\/p>\n","protected":false},"excerpt":{"rendered":"<p>Seit \u00fcber drei Jahrzehnten gilt Diana Morales Properties als eine der vertrauensw\u00fcrdigsten Immobilienagenturen in Marbella und an der Costa del Sol. Unser Portfolio zum Verkauf stehender Immobilien umfasst einige der markantesten Luxusimmobilien an der Costa del Sol: Von luxuri\u00f6sen Villen zum Verkauf in La Zagaleta, exklusiven H\u00e4usern und Luxusapartments in der Marbella Golden Mile, Penth\u00e4usern&#8230;<\/p>\n","protected":false},"author":3,"featured_media":0,"parent":0,"menu_order":0,"comment_status":"closed","ping_status":"closed","template":"","meta":{"_acf_changed":false,"footnotes":""},"class_list":["post-39296","page","type-page","status-publish","hentry"],"acf":[],"_links":{"self":[{"href":"https:\/\/www.dmproperties.com\/de\/wp-json\/wp\/v2\/pages\/39296","targetHints":{"allow":["GET"]}}],"collection":[{"href":"https:\/\/www.dmproperties.com\/de\/wp-json\/wp\/v2\/pages"}],"about":[{"href":"https:\/\/www.dmproperties.com\/de\/wp-json\/wp\/v2\/types\/page"}],"author":[{"embeddable":true,"href":"https:\/\/www.dmproperties.com\/de\/wp-json\/wp\/v2\/users\/3"}],"replies":[{"embeddable":true,"href":"https:\/\/www.dmproperties.com\/de\/wp-json\/wp\/v2\/comments?post=39296"}],"version-history":[{"count":0,"href":"https:\/\/www.dmproperties.com\/de\/wp-json\/wp\/v2\/pages\/39296\/revisions"}],"wp:attachment":[{"href":"https:\/\/www.dmproperties.com\/de\/wp-json\/wp\/v2\/media?parent=39296"}],"curies":[{"name":"wp","href":"https:\/\/api.w.org\/{rel}","templated":true}]}}