{"id":44208,"date":"2024-10-08T10:14:00","date_gmt":"2024-10-08T08:14:00","guid":{"rendered":"https:\/\/www.dmproperties.com\/?page_id=44208"},"modified":"2025-10-10T13:55:01","modified_gmt":"2025-10-10T11:55:01","slug":"exklusiven","status":"publish","type":"page","link":"https:\/\/www.dmproperties.com\/de\/exklusiven","title":{"rendered":"Immobilien zum Verkauf exklusiv bei DM Properties | Knight Frank"},"content":{"rendered":"<h2 ><span class=\"position-absolute\" style=\"top: -120px\" id=\"unsere+exklusiven+angebote+zum+verkauf+in+marbella\"><\/span>Unsere exklusiven Angebote zum Verkauf in Marbella<\/h2>\n<p>Diana Morales Properties | Knight Frank, wir sind stolz darauf, eine au\u00dfergew\u00f6hnliche Auswahl exklusiver Immobilien in der Region Marbella anbieten zu k\u00f6nnen. Unsere exklusiven Angebote umfassen die besten Luxusimmobilien, von pr\u00e4chtigen Villen bis hin zu atemberaubenden Apartments. Diese einzigartigen H\u00e4user sind ausschlie\u00dflich \u00fcber unsere Agentur erh\u00e4ltlich. Wir bieten auch eine Auswahl an Immobilien an, die privat vermarktet werden und nicht auf dem freien Markt verf\u00fcgbar sind. Bitte kontaktieren Sie uns f\u00fcr weitere Informationen.<\/p>\n<p>Sie m\u00f6chten verkaufen? In unserem <a href=\"https:\/\/www.dmproperties.com\/de\/verkauf-marbella-immobilie\" target=\"_blank\" rel=\"noopener\">Leitfaden f\u00fcr Verk\u00e4ufer<\/a> finden Sie Expertenwissen zu Preisgestaltung und Vermarktung. Unsere ma\u00dfgeschneiderten Marketingstrategien sorgen daf\u00fcr, dass Ihre Immobilie die Aufmerksamkeit erh\u00e4lt, die sie verdient, und f\u00fchren zu einem schnellen und erfolgreichen Verkauf. <a href=\"#contactform\">Kontaktieren Sie uns noch heute f\u00fcr eine pers\u00f6nliche Beratung<\/a>.<\/p>\n","protected":false},"excerpt":{"rendered":"<p>Unsere exklusiven Angebote zum Verkauf in Marbella Diana Morales Properties | Knight Frank, wir sind stolz darauf, eine au\u00dfergew\u00f6hnliche Auswahl exklusiver Immobilien in der Region Marbella anbieten zu k\u00f6nnen. Unsere exklusiven Angebote umfassen die besten Luxusimmobilien, von pr\u00e4chtigen Villen bis hin zu atemberaubenden Apartments. Diese einzigartigen H\u00e4user sind ausschlie\u00dflich \u00fcber unsere Agentur erh\u00e4ltlich. Wir bieten&#8230;<\/p>\n","protected":false},"author":3,"featured_media":43897,"parent":0,"menu_order":0,"comment_status":"closed","ping_status":"closed","template":"template-pages\/propertySelection.php","meta":{"_acf_changed":false,"footnotes":""},"class_list":["post-44208","page","type-page","status-publish","has-post-thumbnail","hentry"],"acf":[],"_links":{"self":[{"href":"https:\/\/www.dmproperties.com\/de\/wp-json\/wp\/v2\/pages\/44208","targetHints":{"allow":["GET"]}}],"collection":[{"href":"https:\/\/www.dmproperties.com\/de\/wp-json\/wp\/v2\/pages"}],"about":[{"href":"https:\/\/www.dmproperties.com\/de\/wp-json\/wp\/v2\/types\/page"}],"author":[{"embeddable":true,"href":"https:\/\/www.dmproperties.com\/de\/wp-json\/wp\/v2\/users\/3"}],"replies":[{"embeddable":true,"href":"https:\/\/www.dmproperties.com\/de\/wp-json\/wp\/v2\/comments?post=44208"}],"version-history":[{"count":0,"href":"https:\/\/www.dmproperties.com\/de\/wp-json\/wp\/v2\/pages\/44208\/revisions"}],"wp:featuredmedia":[{"embeddable":true,"href":"https:\/\/www.dmproperties.com\/de\/wp-json\/wp\/v2\/media\/43897"}],"wp:attachment":[{"href":"https:\/\/www.dmproperties.com\/de\/wp-json\/wp\/v2\/media?parent=44208"}],"curies":[{"name":"wp","href":"https:\/\/api.w.org\/{rel}","templated":true}]}}