{"id":39218,"date":"2023-02-20T09:40:35","date_gmt":"2023-02-20T08:40:35","guid":{"rendered":"https:\/\/www.dmproperties.com\/marbella-property-marketing"},"modified":"2025-07-29T16:05:52","modified_gmt":"2025-07-29T14:05:52","slug":"servicios-marketing-inmobiliario","status":"publish","type":"page","link":"https:\/\/www.dmproperties.com\/es\/servicios-marketing-inmobiliario","title":{"rendered":"Servicios de marketing inmobiliario"},"content":{"rendered":"<h2 ><span class=\"position-absolute\" style=\"top: -120px\" id=\"marketing+con+dm+properties+marbella\"><\/span><em>Marketing<\/em> con DM Properties Marbella<\/h2>\n<p><strong>Nuestra cartera y trayectoria de ventas incluyen algunas de las mejores y m\u00e1s importantes propiedades en la zona de Marbella. Nuestro alcance internacional, as\u00ed como nuestra posici\u00f3n de liderazgo y nuestra larga reputaci\u00f3n en el sector inmobiliario de lujo en Marbella, nos permiten colocar su propiedad frente a una clientela internacional.<\/strong><\/p>\n<p><strong>Nuestra habilidad es saber qui\u00e9nes son y d\u00f3nde est\u00e1n los compradores, y cu\u00e1l es la mejor manera de encontrarlos, utilizando todos los canales apropiados. Desde campa\u00f1as de <em>marketing<\/em> completas hasta ventas privadas fuera del mercado, crearemos una estrategia a medida para su propiedad. Descubra el <em>marketing<\/em> que ofrecemos a algunos de nuestros anuncios m\u00e1s exclusivos y c\u00f3mo podemos ayudarle con la venta de su propiedad en Marbella.<\/strong><\/p>\n<h2 ><span class=\"position-absolute\" style=\"top: -120px\" id=\"pagina+web+de+dm+properties\"><\/span>P\u00e1gina web de DM Properties<\/h2>\n<p><picture><source sizes=\"(max-width: 575px) calc(100vw - 30px),(max-width: 767px) 510px,(max-width: 991px) 242px,(max-width: 1199px) 209px,(max-width: 1399px) 284px, 331px\" width=\"510\" srcset=\"https:\/\/media.inmobalia.com\/imgV1\/B98Le8~d7MvZypuPyYxIC9Go4pGcJ6BFKz0a~7bst1Zx2hhS0xNgJNBoRY~WFnGbk6Gep5NC2F2uX28KFNE8u8ph8TXvmWHTa2Eqv00lo6qv1chrlXwKk_24LmOUqpI1V4QlpOf037b9YdJIaqTESNE-.jpg 510w,https:\/\/media.inmobalia.com\/imgV1\/B98Le8~d7Me8Ymh25g8UJ3ypDtZ8Y3FecBCLxExjtFW~kNtmDiPvo~DIQuVSZWz~B8cOgqypLAdfYgSonxMWAYCe1G2bVZhyATkTebpSl~gyQZ088fLkbrW97q4JMI2RSgSyPxD2NHlYOP33qGtuQIg-.jpg 945w\" type=\"image\/webp\"><img loading=\"lazy\" decoding=\"async\" class=\"alignright size-full img-fluid\" width=\"2956\" height=\"1910\" alt=\"DM Properties Website\" src=\"https:\/\/media.inmobalia.com\/imgV1\/B98Le8~d7MvZypuYbhLulf74I7cGH1t4yG~zNysJTUh9Wcum7kcWKvZMlxdjF1YrPv4LFQgUrkucJCsDeHoUZE3do5B02_W72YqvD~yVvhmaWycHnfM~bQi2SjZ2EstVeg--.jpg\"><\/picture> <strong><a href=\"https:\/\/www.dmproperties.com\/es\">DMproperties.com<\/a><\/strong><\/p>\n<p>Nuestra web sigue a la cabeza en posici\u00f3n org\u00e1nica en Google para b\u00fasquedas inmobiliarias en la zona de Marbella, Milla de Oro y La Zagaleta. Disponible en 5 idiomas, nuestra p\u00e1gina web proporciona una poderosa herramienta para dar a conocer su propiedad a compradores de todo el mundo. Todo nuestro <em>marketing<\/em> en l\u00ednea apuntar\u00e1 directamente a su propiedad en nuestro sitio web, generando a\u00fan m\u00e1s tr\u00e1fico hacia ella. Adem\u00e1s, Google News incluye nuestro sitio web como una fuente confiable de informaci\u00f3n y nuestro blog y publicaciones se citan regularmente en medios nacionales e internacionales, lo que genera una afluencia de visitas de clientes genuinamente interesados en el mercado inmobiliario de Marbella.<\/p>\n<h2 ><span class=\"position-absolute\" style=\"top: -120px\" id=\"pagina+web+knight+frank\"><\/span>P\u00e1gina web Knight Frank<\/h2>\n<p><strong><a href=\"https:\/\/www.knightfrank.com\/\" target=\"_blank\" rel=\"noopener\">knightfrank.com<\/a><\/strong><\/p>\n<p>Nuestros anuncios seleccionados se publican en la p\u00e1gina web de Knight Frank, una p\u00e1gina web galardonada con 1 mill\u00f3n de visitantes al mes. Los clientes utilizan \u00abMy Knight Frank\u00bb para registrar y administrar sus propios requisitos, recibir alertas personalizadas sobre propiedades e investigaciones, as\u00ed como para crear su propia biblioteca de propiedades para calificar y revisar. Adem\u00e1s, la aplicaci\u00f3n busca propiedades por estilo de vida o ubicaci\u00f3n GPS y presenta todos los informes de investigaci\u00f3n de Knight Frank.<\/p>\n<h2 ><span class=\"position-absolute\" style=\"top: -120px\" id=\"fotografia++propiedades+y+estilo+de+vida\"><\/span>Fotograf\u00eda - Propiedades y Estilo de Vida<\/h2>\n<p>Es fundamental presentar una vivienda de forma que la refleje de la mejor manera posible, ya que estar\u00e1 compitiendo por la atenci\u00f3n de los posibles compradores, y las im\u00e1genes profesionales marcar\u00e1n la diferencia. Nuestro equipo audiovisual producir\u00e1 tomas diurnas, nocturnas y con drones. Tambi\u00e9n podemos mejorar el atractivo de la propiedad a trav\u00e9s de una serie de im\u00e1genes de estilo de vida para atraer m\u00e1s al espectador, resaltar los puntos de venta \u00fanicos y su atractivo de la propiedad.<\/p>\n<h2 ><span class=\"position-absolute\" style=\"top: -120px\" id=\"video++recorrido+por+propiedades+estilo+de+vida+y+video\"><\/span>V\u00eddeo - Recorrido por propiedades, estilo de vida y v\u00eddeo<\/h2>\n<picture><source sizes=\"(max-width: 575px) calc(100vw - 30px),(max-width: 767px) 510px,(max-width: 991px) 242px,(max-width: 1199px) 209px,(max-width: 1399px) 284px, 331px\" width=\"510\" height=\"659.94\" srcset=\"https:\/\/media.inmobalia.com\/imgV1\/B98Le8~d7MvZypuPyYxIC9Go4pGcJ6BFKz0a~7bst1Zx2hhS0xNgJNBoRY~WFnGbk6Gep5NC2F2uX28KFNE8u8ph8TXvmWHTa2Eqv00lo6qv1chrlXwNgI4zzh1y3hu2iXrjbVYx8s2NS3fx1cgpHWzO8BwEXdN9K~Cxu4efM5yYOw--.jpeg 510w,https:\/\/media.inmobalia.com\/imgV1\/B98Le8~d7Me8Ymh25g8UJ3ypDtZ8Y3FecBCLxExjtFW~kNtmDiPvo~DIQuVSZWz~B8cOgqypLAdfYgSonxMWAYCe1G2bVZhyATkTebpSl~gyQZ088fLjBPSbSe8md_PMfBXqeGCW_PUmkNVWj5MVxeqozIBYHQIeG~ccGyasYFA2eg--.jpeg 945w\" type=\"image\/webp\"><img decoding=\"async\" loading=\"lazy\" class=\"alignright size-full wp-image-38935 img-fluid\" width=\"3000\" height=\"3882\" alt=\"Property marketing videos Marbella\" src=\"https:\/\/media.inmobalia.com\/imgV1\/B98Le8~d7MvZypuYbhLulf74I7cGH1t4yG~zNysJTUh9Wcum7kcWKvZMlxdjF1YrPv4LFQgUrkucJCsDeHoUZE3do5B02_Ky_mnpQJ9isNBHSRMCfONk0sCp~NQkdoJifAfvB8BJ62zxmnjdjYP61hzf.jpeg\"><\/picture>\n<p>Un v\u00eddeo de buena calidad atrae al espectador e invita al comprador potencial a la casa para experimentarla de una manera que no se puede lograr con una imagen. El v\u00eddeo estar\u00e1 disponible en nuestro sitio web y redes sociales. Tambi\u00e9n se puede compartir con el departamento de <em>marketing<\/em> internacional de Knight Frank para una exposici\u00f3n adicional.<\/p>\n<p>Podemos producir recorridos en v\u00eddeo de la vivienda para profundizar en los detalles guiados por uno de nuestros asociados de ventas.<\/p>\n<p>Los v\u00eddeos de 'estilo de vida', al igual que con la fotograf\u00eda, nos permiten ayudar a un comprador potencial a proyectarse en la propiedad y transmitir sensaciones y emociones adicionales.<\/p>\n<h2 ><span class=\"position-absolute\" style=\"top: -120px\" id=\"videos+de+arquitectura\"><\/span>V\u00eddeos de arquitectura<\/h2>\n<p>En 2023 lanzamos \u00abThe Architect Series\u00bb, una serie de entrevistas en v\u00eddeo con los arquitectos de algunas de las viviendas m\u00e1s destacadas de Marbella, convirti\u00e9ndonos en la primera agencia inmobiliaria de Marbella en mostrar propiedades de esta manera. Con esta serie de entrevistas, destacamos algunas de las casas m\u00e1s prominentes de Marbella, grandes arquitecturas o el dise\u00f1o de interiores. Comprender una casa y verla a trav\u00e9s de los ojos del arquitecto permite comprender mejor el concepto, la singularidad y el valor de la propiedad.<\/p>\n<figure class=\"position-relative\"><a class=\"isVideo\" href=\"https:\/\/youtu.be\/GV_LAGWc7AQ\" data-fancybox=\"video\" target=\"_blank\" rel=\"noopener\"><i class=\"icon icon-play content-play\"><\/i><picture><source sizes=\"(max-width: 575px) calc(100vw - 30px),(max-width: 767px) 510px,(max-width: 991px) 690px,(max-width: 1199px) 595px,(max-width: 1399px) 810px, 945px\" width=\"945\" srcset=\"https:\/\/media.inmobalia.com\/imgV1\/B98Le8~d7Me8Ymh25g8UJ3ypDtZ8Y3FecBCLxExjtFW~kNtmDiPvo~DIQvv4EDo6Ek0jXwehYOzbPAqdekgT1sacVI3inHckc5c66_Wa~HZ4m1d5Rd3Kaa0gAA--.jpg 945w,https:\/\/media.inmobalia.com\/imgV1\/B98Le8~d7MvRbj7Vv7fDLn6_Ew7ABi8pUTpfr~FoJsmhwgR1h1fB8_lyN_W46cT2Gv9vu1q3ICloAQS5nCmjivG6OZMc_JbfZOxAPsTnJhEL8JHjB8Jaz8XSUw--.jpg 595w\" type=\"image\/webp\"><img decoding=\"async\" loading=\"lazy\" class=\"img-fluid d-block my-4\" width=\"945\" height=\"532\" alt=\"Servicios de marketing inmobiliario\" src=\"https:\/\/media.inmobalia.com\/imgV1\/B98Le8~d7Me8YmhhhFsYM4czod~~P0fCuzkjWiM7awICCiRru4VbV94Mf0IUW6EnIcBugS_ARfE3NZKRZ1BSRALEf0_eRx_uayqK.jpg\"><\/picture><\/a><script type=\"application\/ld+json\">\n\t\t\t{\n\t\t\t\t\"@context\": \"https:\/\/schema.org\",\n\t\t\t\t\"@type\": \"VideoObject\",\n\t\t\t\t\"name\": \"Servicios de marketing inmobiliario\",\n\t\t\t\t\"description\": \"Marketing con DM Properties Marbella Nuestra cartera y trayectoria de ventas incluyen algunas de las mejores y m\u00e1s importantes propiedades...\",\n\t\t\t\t\"thumbnailUrl\": \"https:\/\/img.youtube.com\/vi\/GV_LAGWc7AQ\/maxresdefault.jpg\",\n\t\t\t\t\"uploadDate\": \"2023-02-20T09:40:35+0100\", \"embedUrl\": \"https:\/\/youtu.be\/GV_LAGWc7AQ\"\t\t\t\n\t\t\t}\n\t\t\t<\/script><\/figure>\n<h2 ><span class=\"position-absolute\" style=\"top: -120px\" id=\"pagina+web+de+los+agentes\"><\/span>P\u00e1gina web de los agentes<\/h2>\n<p><picture><source sizes=\"(max-width: 575px) calc(100vw - 30px),(max-width: 767px) 510px,(max-width: 991px) 242px,(max-width: 1199px) 209px,(max-width: 1399px) 284px, 331px\" width=\"510\" height=\"326.4\" srcset=\"https:\/\/media.inmobalia.com\/imgV1\/B98Le8~d7MvZypuPyYxIC9Go4pGcJ6BFKz0a~7bst1Zx2hhS0xNgJNBoRY~WFnGbk6Gep5NC2F2uX28KFNE8u8ph8TXvmWHTa2Eqv00lo6qv1chrlXwNgI4zzgBSauPLqSQ3OiRySKLKaw7Q3M6yZbau.jpg 510w,https:\/\/media.inmobalia.com\/imgV1\/B98Le8~d7Me8Ymh25g8UJ3ypDtZ8Y3FecBCLxExjtFW~kNtmDiPvo~DIQuVSZWz~B8cOgqypLAdfYgSonxMWAYCe1G2bVZhyATkTebpSl~gyQZ088fLjBPSbSfKEctrsKmnH~9lHPEs8u9dSi0d1Tiur.jpg 945w\" type=\"image\/webp\"><img decoding=\"async\" loading=\"lazy\" class=\"alignright size-full wp-image-38952 img-fluid\" width=\"5000\" height=\"3200\" alt=\"Marbella LIstings\" src=\"https:\/\/media.inmobalia.com\/imgV1\/B98Le8~d7MvZypuYbhLulf74I7cGH1t4yG~zNysJTUh9Wcum7kcWKvZMlxdjF1YrPv4LFQgUrkucJCsDeHoUZE3do5B02_Ky_mnpXcc4MgDnZEH0PCfaISu0~wOYuHeh8Oc-.jpg\"><\/picture><strong><a href=\"https:\/\/www.marbella-listings.com\/\" target=\"_blank\" rel=\"noopener\">marbella-listings.com<\/a><\/strong><\/p>\n<p>Creamos Marbella-Listings.com, un sitio web sin marca, para compartir nuestros anuncios exclusivos con los agentes, lo que facilita a los colaboradores el acceso a la informaci\u00f3n y aumenta exponencialmente la exposici\u00f3n a un p\u00fablico m\u00e1s amplio mientras se mantiene el control como agentes \u00fanicos. El material de <em>marketing<\/em> se puede compartir con los agentes, lo que les permite aumentar todav\u00eda m\u00e1s las acciones de comercializaci\u00f3n realizadas para algunos de nuestros anuncios mientras mantenemos el control total de los compradores potenciales y las visualizaciones.<\/p>\n<h2 ><span class=\"position-absolute\" style=\"top: -120px\" id=\"marca\"><\/span>Marca<\/h2>\n<p>Ya sea una propiedad nueva en el mercado o, por el contrario, una que ha sido sobreexpuesta y necesite un nuevo enfoque y relanzamiento, nuestro equipo creativo puede dise\u00f1ar y crear un nuevo nombre, logotipo, material de <em>marketing<\/em> y enfoque audiovisual.<\/p>\n<h2 ><span class=\"position-absolute\" style=\"top: -120px\" id=\"folleto\"><\/span>Folleto<\/h2>\n<p>El folleto digital nos brinda una herramienta valiosa, ya que nos permite incluir informaci\u00f3n adicional a lo que un cliente ve en el sitio web y\/o nos permite presentar la propiedad de una manera m\u00e1s espec\u00edfica.<\/p>\n<picture><source sizes=\"(max-width: 575px) calc(100vw - 30px),(max-width: 767px) 510px,(max-width: 991px) 690px,(max-width: 1199px) 595px,(max-width: 1399px) 810px, 945px\" width=\"945\" height=\"485.81554227156\" srcset=\"https:\/\/media.inmobalia.com\/imgV1\/B98Le8~d7Me8Ymh25g8UJ3ypDtZ8Y3FecBCLxExjtFW~kNtmDiPvo~DIQuVSZWz~B8cOgqypLAdfYgSonxMWAYCe1G2bVZhyATkTebpSl~gyQZ088fLjBPSbSf1wVEYetONl~6XVDQ--.jpg 945w,https:\/\/media.inmobalia.com\/imgV1\/B98Le8~d7MvRbj7Vv7fDLn6_Ew7ABi8pUTpfr~FoJsmhwgR1h1fB8_lyN~udGsKWhjkcv9FMCryyiOTJ4s5b5CBLMQj0lyS6n1SsGYNIeLHVv~3v32XgI0JP_1esRzH8SPfYAqdV5w--.jpg 595w\" type=\"image\/webp\"><img decoding=\"async\" loading=\"lazy\" class=\"aligncenter size-full wp-image-38980 img-fluid\" width=\"2342\" height=\"1204\" alt=\"Marbella property brochure\" src=\"https:\/\/media.inmobalia.com\/imgV1\/B98Le8~d7Me8YmhhhFsYM4czod~~P0fCuzkjRHefNZZlhRfNduPlI3aPbyA~VRE9VHhfPWX0FOyRrgTAdVTIEG~CGGWsdoaqnvE_HS0epDMiwZF1RrOE.jpg\"><\/picture>\n<h2 ><span class=\"position-absolute\" style=\"top: -120px\" id=\"jornada+de+puertas+abiertas+para+agentes\"><\/span>Jornada de puertas abiertas para agentes<\/h2>\n<p>Un evento de puertas abiertas tiene como objetivo mostrar a las agencias colaboradoras la propiedad y hablarles sobre ella, brind\u00e1ndoles la informaci\u00f3n que necesitan saber para presentarla mejor a sus clientes. Podemos organizar grandes eventos de puertas abiertas o peque\u00f1as visitas m\u00e1s privadas a agencias seleccionadas de Marbella.<\/p>\n<figure class=\"position-relative\"><a class=\"isVideo\" href=\"https:\/\/youtu.be\/1LccPK-pcGg\" data-fancybox=\"video\" target=\"_blank\" rel=\"noopener\"><i class=\"icon icon-play content-play\"><\/i><picture><source sizes=\"(max-width: 575px) calc(100vw - 30px),(max-width: 767px) 510px,(max-width: 991px) 690px,(max-width: 1199px) 595px,(max-width: 1399px) 810px, 945px\" width=\"945\" srcset=\"https:\/\/media.inmobalia.com\/imgV1\/B98Le8~d7Me8Ymh25g8UJ3ypDtZ8Y3FecBCLxExjtFW~kNtmDiPvo~DIQvv4EDo6Ek0jXwehYOzbPAqdekhl2XWgMbDwZRYJYhphUNkzl7iunH5jIydjVdoPQQ--.jpg 945w,https:\/\/media.inmobalia.com\/imgV1\/B98Le8~d7MvRbj7Vv7fDLn6_Ew7ABi8pUTpfr~FoJsmhwgR1h1fB8_lyN_W46cT2Gv9vu1q3ICloAQS5nCnV_FNYSQRALotC~Jqpajvd_wLiVvA3Imubt9gulA--.jpg 595w\" type=\"image\/webp\"><img decoding=\"async\" loading=\"lazy\" class=\"img-fluid d-block my-4\" width=\"945\" height=\"532\" alt=\"Servicios de marketing inmobiliario\" src=\"https:\/\/media.inmobalia.com\/imgV1\/B98Le8~d7Me8YmhhhFsYM4czod~~P0fCuzkjWiM7awICCiRru4VbV94Mf0IUW9fTu_xnNlXLlfZ9TAQRJrbYTfdMsrVaMmGF_6bY.jpg\"><\/picture><\/a><\/figure>\n<h2 ><span class=\"position-absolute\" style=\"top: -120px\" id=\"eventos+privados\"><\/span>Eventos privados<\/h2>\n<p>Dependiendo de las caracter\u00edsticas de la propiedad, podemos organizar eventos privados para clientes en torno a un tema o actividad espec\u00edfica. Desde catas de vino y exposiciones de arte hasta presentaciones de coches de lujo o peque\u00f1os conciertos privados.<\/p>\n<h2 ><span class=\"position-absolute\" style=\"top: -120px\" id=\"sitio+web+de+propiedad+privada\"><\/span>Sitio web de propiedad privada<\/h2>\n<picture><source sizes=\"(max-width: 575px) calc(100vw - 30px),(max-width: 767px) 510px,(max-width: 991px) 242px,(max-width: 1199px) 209px,(max-width: 1399px) 284px, 331px\" width=\"510\" height=\"289.43772990016\" srcset=\"https:\/\/media.inmobalia.com\/imgV1\/B98Le8~d7MvZypuPyYxIC9Go4pGcJ6BFKz0a~7bst1Zx2hhS0xNgJNBoRY~WFnGbk6Gep5NC2F2uX28KFNE8u8ph8TXvmWHTa2Eqv00lo6qv1chrlXwNgI4zzgFADYUujMFnRMMAAvfOV2rcvw4pbF2lq6ZxAKU-.jpg 510w,https:\/\/media.inmobalia.com\/imgV1\/B98Le8~d7Me8Ymh25g8UJ3ypDtZ8Y3FecBCLxExjtFW~kNtmDiPvo~DIQuVSZWz~B8cOgqypLAdfYgSonxMWAYCe1G2bVZhyATkTebpSl~gyQZ088fLjBPSbSfNVfbMkg0LsS1Na~3S8yGWBffTjFLmS1w8g6f0-.jpg 945w\" type=\"image\/webp\"><img decoding=\"async\" loading=\"lazy\" class=\"alignright size-full wp-image-38974 img-fluid\" width=\"1903\" height=\"1080\" alt=\"La Zagaleta 24 - website\" src=\"https:\/\/media.inmobalia.com\/imgV1\/B98Le8~d7MvZypuYbhLulf74I7cGH1t4yG~zNysJTUh9Wcum7kcWKvZMlxdjF1YrPv4LFQgUrkucJCsDeHoUZE3do5B02_Ky_mnpXC1m9_r8uJ9lfAwzwg3WAyQIvYyKggLuyqXr1Q--.jpg\"><\/picture>\n<p>Un micrositio dedicado le brinda la flexibilidad de incluir informaci\u00f3n adicional a la que est\u00e1 disponible en DMproperties.com.<\/p>\n<p>Desde describir la filosof\u00eda detr\u00e1s del proyecto o propiedad, informaci\u00f3n sobre el arquitecto, procedencia hist\u00f3rica y planos de planta, hasta fotos adicionales y\/o material de v\u00eddeo o cualquier otra informaci\u00f3n que deseemos incluir. El sitio no tiene marca, por lo tanto, proporciona una herramienta muy valiosa para que nuestra red colaboradora de agentes pueda enviarlo a sus posibles clientes.<\/p>\n<h2 ><span class=\"position-absolute\" style=\"top: -120px\" id=\"exposicion+global+en+linea\"><\/span>Exposici\u00f3n global en l\u00ednea<\/h2>\n<h3 ><span class=\"position-absolute\" style=\"top: -120px\" id=\"portales+inmobiliarios\"><\/span>Portales inmobiliarios<\/h3>\n<p>Trabajamos con varios portales inmobiliarios que cubren una amplia gama de mercados y nacionalidades. Entre estos se encuentran James Edition, Idealista, Financial Times, Wall Street Journal, On the Market, Rightmove, Prime Location, Zoopla, Country Life y Mansion Global.<\/p>\n<h3 ><span class=\"position-absolute\" style=\"top: -120px\" id=\"marketing+en+linea++google+adverts\"><\/span><em>Marketing<\/em> en l\u00ednea - Google Adverts<\/h3>\n<p>Dise\u00f1amos campa\u00f1as de Google muy espec\u00edficas y dirigidas destinadas a generar tr\u00e1fico y vistas de la propiedad en nuestro sitio web, lo que puede dar como resultado un gran aumento en las vistas de la propiedad en nuestro sitio web.<\/p>\n<h3 ><span class=\"position-absolute\" style=\"top: -120px\" id=\"boletines\"><\/span>Boletines<\/h3>\n<p>Gestionamos campa\u00f1as digitales continuas para promocionar constantemente nuestras propiedades dentro de nuestra base de datos de clientes y red de agencias colaboradoras, manteni\u00e9ndolas actualizadas, destacando caracter\u00edsticas espec\u00edficas y \u00fanicas sobre nuestras propiedades o los cambios de precios.<\/p>\n<h3 ><span class=\"position-absolute\" style=\"top: -120px\" id=\"redes+sociales\"><\/span>Redes sociales<\/h3>\n<p>Hacemos un uso completo de nuestras plataformas de redes sociales: LinkedIn, Facebook, Instagram y YouTube, implementando campa\u00f1as dirigidas a clientes potenciales seg\u00fan sus intereses, ubicaci\u00f3n, g\u00e9nero y\/o edad.<\/p>\n<h2 ><span class=\"position-absolute\" style=\"top: -120px\" id=\"nuestras+publicaciones\"><\/span>Nuestras publicaciones<\/h2>\n<p>Tenemos una serie de publicaciones exclusivas producidas anualmente para ayudar a promover nuestras propiedades. Para garantizar que nuestras propiedades lleguen a las personas adecuadas, estas publicaciones se env\u00edan por correo a una lista de personas cuidadosamente seleccionadas en todo el mundo. Tambi\u00e9n llevamos a cabo campa\u00f1as en l\u00ednea espec\u00edficas para cada publicaci\u00f3n asegur\u00e1ndonos de que los compradores adecuados vean nuestras propiedades.<\/p>\n<ul>\n<li><strong>Highlights<\/strong><br \/>\n<a href=\"https:\/\/www.dmproperties.com\/es\/36989-bienvenidos-a-highlights-2022\">La revista DM Properties\u2019 lifestyle and property<\/a>, distribuida en ubicaciones seleccionadas a lo largo de Marbella durante todo el a\u00f1o y entre nuestros clientes y las oficinas de Knight Frank. La versi\u00f3n en l\u00ednea se env\u00eda por correo a nuestra base de datos. El contenido editorial de Highlights, escrito por reconocidos periodistas e investigadores, as\u00ed como su dise\u00f1o, la diferencian de todas las dem\u00e1s revistas inmobiliarias de la zona y se ha convertido en una publicaci\u00f3n muy esperada.<\/li>\n<li><strong>The View<\/strong><br \/>\nEsta es la publicaci\u00f3n insignia de Knight Frank, que muestra algunas de las propiedades m\u00e1s importantes del mundo. Se distribuye ampliamente en las 740 oficinas de KF en todo el mundo y se env\u00eda por correo a su base de datos de clientes.<\/li>\n<li><strong>Waterfront Homes<\/strong><br \/>\nLa gu\u00eda definitiva de extraordinarias propiedades frente al mar en todo el mundo. Publicada y distribuida por Knight Frank a todas las oficinas y clientes.<\/li>\n<li><strong>Spanish View<\/strong><br \/>\nLa publicaci\u00f3n anual de Knight Frank Espa\u00f1a que muestra una selecci\u00f3n \u00fanica de las mejores propiedades de Madrid, las Islas Baleares y Marbella.<\/li>\n<li><strong>Socios europeos clave<\/strong><br \/>\nMuchos de nuestros socios europeos producen sus propias revistas, que se distribuyen a sus bases de datos de clientes y est\u00e1n disponibles en lugares seleccionados de sus ciudades. Al ser asociado de KF tenemos acceso exclusivo para compartir nuestras propiedades en estas publicaciones.<\/li>\n<\/ul>\n<picture><source sizes=\"(max-width: 575px) calc(100vw - 30px),(max-width: 767px) 510px,(max-width: 991px) 690px,(max-width: 1199px) 595px,(max-width: 1399px) 810px, 945px\" width=\"945\" height=\"224.73372781065\" srcset=\"https:\/\/media.inmobalia.com\/imgV1\/B98Le8~d7Me8Ymh25g8UJ3ypDtZ8Y3FecBCLxExjtFW~kNtmDiPvo~DIQuVSZWz~B8cOgqypLAdfYgSonxMWAYCe1G2bVZhyATkTebpSl~gyQZ088fLl5r_ZDznI~XteBgE6SLb~ocA-.png 945w,https:\/\/media.inmobalia.com\/imgV1\/B98Le8~d7MvRbj7Vv7fDLn6_Ew7ABi8pUTpfr~FoJsmhwgR1h1fB8_lyN~udGsKWhjkcv9FMCryyiOTJ4s5b5CBLMQj0lyS6n1SsGYNIeLHVv~3v32XmIU90yQDhxDqbXRpmZWau3sQ-.png 595w\" type=\"image\/webp\"><img decoding=\"async\" loading=\"lazy\" class=\"aligncenter size-full wp-image-47013 img-fluid\" width=\"3549\" height=\"844\" alt=\"DM Properties and Knight Frank Magazines\" src=\"https:\/\/media.inmobalia.com\/imgV1\/B98Le8~d7Me8Ymh25g8UIzDdxwFRXqutMnSHloCYHTQ5yVss8vD8TSzkJ5lQzTfSJ_KskjuKtkWXSlkjS4nX66MSp5Am7vCEBGdKc~r2XgWnYVKw1doyHOCLc_KAUVJMiA--.png\"><\/picture>\n<h2 ><span class=\"position-absolute\" style=\"top: -120px\" id=\"cobertura+lider+en+medios+y+prensa+digital+e+impresa\"><\/span>Cobertura l\u00edder en medios y prensa: digital e impresa<\/h2>\n<p>El equipo de relaciones p\u00fablicas de Knight Frank, l\u00edder en el mercado, trabaja en estrecha colaboraci\u00f3n con periodistas de los principales medios de comunicaci\u00f3n locales, nacionales e internacionales, lo que nos permite colocar su propiedad como contenido editorial o con un anuncio en publicaciones como The Financial Times, Wall Street Journal, Sunday Times, Gentleman's Journal, Tatler, Daily Telegraph, Country Life o cualquiera de las publicaciones de lujo de Cond\u00e9 Nast. Asegurar la prensa selectiva a menudo ayuda a llegar a las audiencias que buscan la propiedad m\u00e1s exclusiva.<\/p>\n<h2 ><span class=\"position-absolute\" style=\"top: -120px\" id=\"ventas+privadas\"><\/span>Ventas privadas<\/h2>\n<p>Los m\u00e9todos p\u00fablicos convencionales de venta de propiedades no son adecuados para todos los propietarios o propiedades. Casas excepcionales, ubicaciones \u00fanicas o condiciones de mercado espec\u00edficas requieren un enfoque de <em>marketing<\/em> altamente especializado. Discreto y global. La oficina privada de Knight Frank ofrece un servicio de asesor\u00eda inmobiliaria l\u00edder en el mercado, centrado en la adquisici\u00f3n y disposici\u00f3n para clientes privados, <em>family offices<\/em> y asesores patrimoniales, proporcionando una orientaci\u00f3n fiable y detallada sobre activos inmobiliarios en todo el mundo. Un enfoque de \u00abventa privada\u00bb para propiedades de gran calidad permite que la vivienda se presente discretamente a una base de datos de compradores e inversores leg\u00edtimos para ayudar a lograr el mejor precio posible sin sobreexponer la propiedad.<\/p>\n<figure class=\"position-relative\"><a class=\"isVideo\" href=\"https:\/\/youtu.be\/sR7J2o9luNA\" data-fancybox=\"video\" target=\"_blank\" rel=\"noopener\"><i class=\"icon icon-play content-play\"><\/i><picture><source sizes=\"(max-width: 575px) calc(100vw - 30px),(max-width: 767px) 510px,(max-width: 991px) 690px,(max-width: 1199px) 595px,(max-width: 1399px) 810px, 945px\" width=\"945\" srcset=\"https:\/\/media.inmobalia.com\/imgV1\/B98Le8~d7Me8Ymh25g8UJ3ypDtZ8Y3FecBCLxExjtFW~kNtmDiPvo~DIQvv4EDo6Ek0jXwehYOzbPAqdekgn8oHUNsbV60iigf778aIf34pSJoQTkwD43Y9ujQ--.jpg 945w,https:\/\/media.inmobalia.com\/imgV1\/B98Le8~d7MvRbj7Vv7fDLn6_Ew7ABi8pUTpfr~FoJsmhwgR1h1fB8_lyN_W46cT2Gv9vu1q3ICloAQS5nCmXbv1Rj6Il5qcuifuV9RW50R7IkP2AsREkMF2MOw--.jpg 595w\" type=\"image\/webp\"><img decoding=\"async\" loading=\"lazy\" class=\"img-fluid d-block my-4\" width=\"945\" height=\"532\" alt=\"Servicios de marketing inmobiliario\" src=\"https:\/\/media.inmobalia.com\/imgV1\/B98Le8~d7Me8YmhhhFsYM4czod~~P0fCuzkjWiM7awICCiRru4VbV94Mf0IUW5XVR~3mgaGGe8xLiElDQqh6je0zADKh_0T3GY3u.jpg\"><\/picture><\/a><\/figure>\n","protected":false},"excerpt":{"rendered":"<p>Marketing con DM Properties Marbella Nuestra cartera y trayectoria de ventas incluyen algunas de las mejores y m\u00e1s importantes propiedades en la zona de Marbella. Nuestro alcance internacional, as\u00ed como nuestra posici\u00f3n de liderazgo y nuestra larga reputaci\u00f3n en el sector inmobiliario de lujo en Marbella, nos permiten colocar su propiedad frente a una clientela&#8230;<\/p>\n","protected":false},"author":3,"featured_media":38838,"parent":0,"menu_order":0,"comment_status":"closed","ping_status":"closed","template":"","meta":{"_acf_changed":false,"footnotes":""},"class_list":["post-39218","page","type-page","status-publish","has-post-thumbnail","hentry"],"acf":[],"_links":{"self":[{"href":"https:\/\/www.dmproperties.com\/es\/wp-json\/wp\/v2\/pages\/39218","targetHints":{"allow":["GET"]}}],"collection":[{"href":"https:\/\/www.dmproperties.com\/es\/wp-json\/wp\/v2\/pages"}],"about":[{"href":"https:\/\/www.dmproperties.com\/es\/wp-json\/wp\/v2\/types\/page"}],"author":[{"embeddable":true,"href":"https:\/\/www.dmproperties.com\/es\/wp-json\/wp\/v2\/users\/3"}],"replies":[{"embeddable":true,"href":"https:\/\/www.dmproperties.com\/es\/wp-json\/wp\/v2\/comments?post=39218"}],"version-history":[{"count":0,"href":"https:\/\/www.dmproperties.com\/es\/wp-json\/wp\/v2\/pages\/39218\/revisions"}],"wp:featuredmedia":[{"embeddable":true,"href":"https:\/\/www.dmproperties.com\/es\/wp-json\/wp\/v2\/media\/38838"}],"wp:attachment":[{"href":"https:\/\/www.dmproperties.com\/es\/wp-json\/wp\/v2\/media?parent=39218"}],"curies":[{"name":"wp","href":"https:\/\/api.w.org\/{rel}","templated":true}]}}