{"id":39231,"date":"2021-10-04T13:59:30","date_gmt":"2021-10-04T11:59:30","guid":{"rendered":"https:\/\/www.dmproperties.com\/partners"},"modified":"2024-12-27T13:20:45","modified_gmt":"2024-12-27T12:20:45","slug":"socios","status":"publish","type":"page","link":"https:\/\/www.dmproperties.com\/es\/sobre-nosotros\/socios","title":{"rendered":"Nuestros socios"},"content":{"rendered":"<h2 ><span class=\"position-absolute\" style=\"top: -120px\" id=\"dm+properties+y+sus+asociaciones+estrategicas\"><\/span>DM Properties y sus asociaciones estrat\u00e9gicas<\/h2>\n<p>Diana Morales Properties siempre se ha caracterizado por su enfoque internacional. Gracias a la s\u00f3lida reputaci\u00f3n que ha forjado a lo largo de los a\u00f1os, ha trabajado con varias de las organizaciones y agencias inmobiliarias m\u00e1s destacadas del mundo, que comparten su filosof\u00eda de servicio y compromiso con la calidad.<\/p>\n<p>A lo largo de las d\u00e9cadas, hemos establecido relaciones duraderas con empresas y redes inmobiliarias de prestigio global, ampliando significativamente el alcance de nuestra agencia boutique local. En un mercado cada vez m\u00e1s globalizado, especialmente en el segmento de lujo, esta visi\u00f3n internacional nos posiciona como una agencia altamente preparada para atender a clientes exigentes de cualquier parte del mundo.<\/p>\n<p>Por ello, siempre hemos valorado de forma especial nuestras alianzas internacionales. A lo largo de nuestra trayectoria, fuimos seleccionados como la \u00fanica filial en la Costa del Sol de marcas reconocidas como Sotheby's y Christie's, adem\u00e1s de ser miembro fundador de la European Real Estate Network (EREN) y de LPA (Leading Property Agents of Spain). En 2014, Diana Morales Properties fue elegida como representante exclusivo de Knight Frank LLP en Marbella y la Costa del Sol, una firma globalmente reconocida por su liderazgo en el sector inmobiliario de lujo, tanto residencial como comercial.<\/p>\n<p>\u201cGracias a esta afiliaci\u00f3n con socios tan destacados a nivel internacional, somos una agencia boutique que combina un servicio personalizado con un alcance y recursos globales. Esto nos permite no solo ayudar a clientes internacionales a encontrar propiedades e inversiones en la zona de Marbella, sino que tambi\u00e9n podemos asistirles si desean adquirir un apartamento en Barcelona, un \u00e1tico en Nueva York o un chalet en los Alpes\u201d.<\/p>\n<p>Nuestro equipo internacional est\u00e1 a su disposici\u00f3n para ayudarle a encontrar la propiedad ideal en cualquier lugar del mundo, ofreciendo apoyo integral en su proceso de compra y reubicaci\u00f3n.<\/p>\n<h2 ><span class=\"position-absolute\" style=\"top: -120px\" id=\"knight+frank\"><\/span>Knight Frank<\/h2>\n<p>Fundada hace m\u00e1s de 125 a\u00f1os, <a href=\"https:\/\/www.knightfrank.com\/\" target=\"_blank\" rel=\"noopener\">Knight Frank<\/a> es la mayor consultora inmobiliaria independiente del mundo, con una red global de m\u00e1s de 740 oficinas en 50 territorios.<\/p>\n<p>Reconocida por ofrecer un asesoramiento profesional consistente, su red internacional combina un profundo conocimiento de los mercados locales con una estrecha colaboraci\u00f3n con la sede central en Londres, garantizando un servicio integral y sin fisuras para sus clientes. A trav\u00e9s de su base de datos global compartida y una amplia red internacional, Knight Frank tiene acceso a los compradores m\u00e1s solventes y a las propiedades m\u00e1s exclusivas del mundo.<\/p>\n<p>Con m\u00e1s de 27.000 empleados en todo el mundo, Knight Frank pone las necesidades de sus clientes como su m\u00e1xima prioridad en todo lo que hace. Este enfoque asegura que procesos tan importantes como la compra o el alquiler de una propiedad se realicen con el m\u00e1ximo cuidado, discreci\u00f3n y profesionalismo.<\/p>\n<p>Su p\u00e1gina web recibe m\u00e1s de 5 millones de visitas y facilita el acceso a m\u00e1s de 12.500 propiedades en 22 idiomas. Knight Frank llega a un p\u00fablico mucho m\u00e1s amplio y utiliza esta tecnolog\u00eda de forma estrat\u00e9gica para potenciar la compra, alquiler y venta de propiedades. Los clientes pueden gestionar sus requisitos a trav\u00e9s de \u00abMi Knight Frank\u00bb, recibir alertas personalizadas, crear una selecci\u00f3n de propiedades y acceder a informes exclusivos. Adem\u00e1s, su app permite buscar propiedades por estilo de vida o ubicaci\u00f3n GPS, y consultar todas las publicaciones e informes de mercado de Knight Frank.<\/p>\n<p>El departamento de Private Office de Knight Frank es un servicio exclusivo dise\u00f1ado para individuos y familias de gran solvencia y patrimonio, as\u00ed como para sus asesores, que cuenta con una trayectoria inigualable en la adquisici\u00f3n, gesti\u00f3n y venta de propiedades excepcionales en todo el mundo. Esta divisi\u00f3n de \u00e9lite proporciona un enfoque discreto y personalizado, combinando un profundo conocimiento del mercado con un alcance global sin precedentes. Su equipo dedicado de expertos, en estrecha colaboraci\u00f3n con la extensa red internacional de Knight Frank, ofrece soluciones a medida para la adquisici\u00f3n y venta de propiedades residenciales, comerciales y de inversi\u00f3n. Desde la b\u00fasqueda de oportunidades \u00fanicas \"off-market\" hasta la coordinaci\u00f3n de transacciones complejas en m\u00faltiples jurisdicciones, el Private Office garantiza una experiencia impecable y altamente personalizada para su distinguida clientela.<\/p>\n<figure class=\"position-relative\"><a class=\"isVideo\" href=\"https:\/\/youtu.be\/OlKbZdvftWE\" data-fancybox=\"video\" target=\"_blank\" rel=\"noopener\"><i class=\"icon icon-play content-play\"><\/i><picture><source sizes=\"(max-width: 575px) calc(100vw - 30px),(max-width: 767px) 510px,(max-width: 991px) 690px,(max-width: 1199px) 595px,(max-width: 1399px) 810px, 945px\" width=\"945\" srcset=\"https:\/\/media.inmobalia.com\/imgV1\/B98Le8~d7Me8Ymh25g8UJ3ypDtZ8Y3FecBCLxExjtFW~kNtmDiPvo~DIQvv4EDo6Ek0jXwehYOzbPAqdekgbsfvBJwn5cKP6N7r3suOfXOeCCXYJztPssPHftA--.jpg 945w,https:\/\/media.inmobalia.com\/imgV1\/B98Le8~d7MvRbj7Vv7fDLn6_Ew7ABi8pUTpfr~FoJsmhwgR1h1fB8_lyN_W46cT2Gv9vu1q3ICloAQS5nCmrIdwVnQjinRABDaeJPTYoF6mdrF~JYD02Z81A7g--.jpg 595w\" type=\"image\/webp\"><img loading=\"lazy\" decoding=\"async\" class=\"img-fluid d-block my-4\" width=\"945\" height=\"532\" alt=\"Nuestros socios\" src=\"https:\/\/media.inmobalia.com\/imgV1\/B98Le8~d7Me8YmhhhFsYM4czod~~P0fCuzkjWiM7awICCiRru4VbV94Mf0IUW6ljXNNF~bUmeq5dyHyL5V9f8CYsMw2QYSMOnb55.jpg\"><\/picture><\/a><script type=\"application\/ld+json\">\n\t\t\t{\n\t\t\t\t\"@context\": \"https:\/\/schema.org\",\n\t\t\t\t\"@type\": \"VideoObject\",\n\t\t\t\t\"name\": \"Nuestros socios\",\n\t\t\t\t\"description\": \"DM Properties y sus asociaciones estrat\u00e9gicas Diana Morales Properties siempre se ha caracterizado por su enfoque internacional. Gracias a la...\",\n\t\t\t\t\"thumbnailUrl\": \"https:\/\/img.youtube.com\/vi\/OlKbZdvftWE\/maxresdefault.jpg\",\n\t\t\t\t\"uploadDate\": \"2021-10-04T13:59:30+0200\", \"embedUrl\": \"https:\/\/youtu.be\/OlKbZdvftWE\"\t\t\t\n\t\t\t}\n\t\t\t<\/script><\/figure>\n<p>El equipo de <a href=\"https:\/\/www.knightfrank.com\/research\/report-library\/results.aspx?typeid=research\" target=\"_blank\" rel=\"noopener\">investigaci\u00f3n<\/a> de Knight Frank es l\u00edder en el an\u00e1lisis de los factores clave que impulsan los mercados internacionales. Adem\u00e1s de elaborar informes peri\u00f3dicos, como el Global Residential Market Forecast o el Prime Global Rental Index, sus analistas ofrecen servicios de consultor\u00eda personalizados a promotores, inversores, instituciones y organismos p\u00fablicos.<\/p>\n<p>Entre sus publicaciones m\u00e1s destacadas se encuentra el prestigioso <a href=\"https:\/\/www.knightfrank.com\/wealthreport\" target=\"_blank\" rel=\"noopener\">Wealth Report<\/a>, la referencia global sobre riqueza mundial, vivienda de lujo y tendencias de inversi\u00f3n. Adem\u00e1s, el blog <a href=\"https:\/\/www.knightfrank.com\/blog\/\" target=\"_blank\" rel=\"noopener\">Global Briefing<\/a> proporciona actualizaciones del mercado, art\u00edculos destacados y entrevistas sobre el sector inmobiliario. En colaboraci\u00f3n con sus oficinas internacionales, Knight Frank analiza las din\u00e1micas de los ciclos del mercado para ayudar a los clientes a tomar decisiones informadas. Estas herramientas avanzadas de previsi\u00f3n no solo respaldan su labor, sino que tambi\u00e9n maximizan el valor de las propiedades de sus clientes y contribuyen a definir estrategias efectivas.<\/p>\n<p>Reconocidos como los asesores de confianza por excelencia, Knight Frank y Diana Morales Properties combinan el conocimiento local y la experiencia global para ofrecerle el mejor asesoramiento inmobiliario.<\/p>\n<p>Como miembro de la red global de Knight Frank, Diana Morales Properties puede ofrecerle acceso a <a href=\"https:\/\/www.knightfrank.com\/\" target=\"_blank\" rel=\"noopener\">las mejores propiedades en venta y alquiler<\/a> en los lugares m\u00e1s solicitados del mundo.<\/p>\n<p>Tanto si compra como si vende, juntos podemos atender sus necesidades inmobiliarias a trav\u00e9s de nuestro alcance global, excepcional equipo y conocimiento experto de renombre mundial.<\/p>\n<h2 ><span class=\"position-absolute\" style=\"top: -120px\" id=\"lpa++leading+property+agents+of+spain+agentes+inmobiliarios+lideres+en+espana\"><\/span>LPA - Leading Property Agents of Spain (Agentes inmobiliarios l\u00edderes en Espa\u00f1a)<\/h2>\n<p>Diana Morales Properties es miembro fundador de <a href=\"https:\/\/lpaspain.com\/\" target=\"_blank\" rel=\"noopener\">The Leading Property Agents of Spain (LPA)<\/a>, una asociaci\u00f3n formada por agentes inmobiliarios de reconocida trayectoria, prestigio y cualificaci\u00f3n profesional. Todos sus miembros comparten un estricto c\u00f3digo de \u00e9tica y est\u00e1n plenamente comprometidos con ofrecer un servicio personalizado de excelencia, altamente especializado, tanto a compradores como a vendedores de propiedades en la Costa del Sol.<br \/>\nLa LPA fomenta la transparencia, la colaboraci\u00f3n, el establecimiento de altos est\u00e1ndares en la industria y el intercambio de conocimientos e ideas. Su objetivo es elevar el saber hacer, el profesionalismo, la excelencia y la innovaci\u00f3n a los niveles m\u00e1s altos de nuestra regi\u00f3n.<\/p>\n<h2 ><span class=\"position-absolute\" style=\"top: -120px\" id=\"dom3++empresarios+para+la+vivienda+de+alta+calidad\"><\/span>DOM3 \u2013 Empresarios para la Vivienda de Alta Calidad<\/h2>\n<p>DM Properties tambi\u00e9n ha sido invitada a formar parte de DOM3, una asociaci\u00f3n de empresarios y profesionales para la vivienda de alta calidad para el apoyo y promoci\u00f3n de todos los aspectos de este importante sector inmobiliario en Marbella y su \u00e1rea de influencia.<\/p>\n<p><a href=\"https:\/\/www.dom3.es\/\" target=\"_blank\" rel=\"noopener\">DOM3 \u2013 Empresarios para la Vivienda de Alta Calidad<\/a> es una asociaci\u00f3n de profesionales y empresarios con reconocida experiencia en diversos sectores, unidos por un mismo inter\u00e9s: promover acciones destinadas a impulsar las actividades relacionadas con el dise\u00f1o, construcci\u00f3n y promoci\u00f3n de viviendas de alta calidad en Marbella y su zona de influencia.<\/p>\n<p>Los miembros de DOM3 aportan su experiencia y conocimiento en una amplia variedad de disciplinas profesionales con el fin de apoyar el desarrollo del sector y de la marca tur\u00edstica de Marbella.<\/p>\n<p>Los principales objetivos de la asociaci\u00f3n son:<\/p>\n<ul>\n<li>Promover iniciativas para la mejora del sector de la vivienda de alta calidad en todos los aspectos.<\/li>\n<li>Fomentar la innovaci\u00f3n, desarrollo y conocimiento en los diferentes eslabones de la cadena de valor del negocio.<\/li>\n<li>Facilitar la colaboraci\u00f3n y alianza entre profesionales y empresarios con objetivos afines que beneficien al sector.<\/li>\n<li>Promover un sello de calidad para empresas y profesionales con los valores de la asociaci\u00f3n, tales como honestidad, integridad, excelencia, liderazgo, responsabilidad e innovaci\u00f3n.<\/li>\n<\/ul>\n","protected":false},"excerpt":{"rendered":"<p>DM Properties y sus asociaciones estrat\u00e9gicas Diana Morales Properties siempre se ha caracterizado por su enfoque internacional. Gracias a la s\u00f3lida reputaci\u00f3n que ha forjado a lo largo de los a\u00f1os, ha trabajado con varias de las organizaciones y agencias inmobiliarias m\u00e1s destacadas del mundo, que comparten su filosof\u00eda de servicio y compromiso con la&#8230;<\/p>\n","protected":false},"author":3,"featured_media":26611,"parent":39279,"menu_order":2,"comment_status":"closed","ping_status":"closed","template":"","meta":{"_acf_changed":false,"footnotes":""},"class_list":["post-39231","page","type-page","status-publish","has-post-thumbnail","hentry"],"acf":[],"_links":{"self":[{"href":"https:\/\/www.dmproperties.com\/es\/wp-json\/wp\/v2\/pages\/39231","targetHints":{"allow":["GET"]}}],"collection":[{"href":"https:\/\/www.dmproperties.com\/es\/wp-json\/wp\/v2\/pages"}],"about":[{"href":"https:\/\/www.dmproperties.com\/es\/wp-json\/wp\/v2\/types\/page"}],"author":[{"embeddable":true,"href":"https:\/\/www.dmproperties.com\/es\/wp-json\/wp\/v2\/users\/3"}],"replies":[{"embeddable":true,"href":"https:\/\/www.dmproperties.com\/es\/wp-json\/wp\/v2\/comments?post=39231"}],"version-history":[{"count":0,"href":"https:\/\/www.dmproperties.com\/es\/wp-json\/wp\/v2\/pages\/39231\/revisions"}],"up":[{"embeddable":true,"href":"https:\/\/www.dmproperties.com\/es\/wp-json\/wp\/v2\/pages\/39279"}],"wp:featuredmedia":[{"embeddable":true,"href":"https:\/\/www.dmproperties.com\/es\/wp-json\/wp\/v2\/media\/26611"}],"wp:attachment":[{"href":"https:\/\/www.dmproperties.com\/es\/wp-json\/wp\/v2\/media?parent=39231"}],"curies":[{"name":"wp","href":"https:\/\/api.w.org\/{rel}","templated":true}]}}