{"id":39251,"date":"2021-09-27T13:04:53","date_gmt":"2021-09-27T11:04:53","guid":{"rendered":"https:\/\/www.dmproperties.com\/marbella-rentals"},"modified":"2024-10-03T09:21:48","modified_gmt":"2024-10-03T07:21:48","slug":"marbella-alquileres","status":"publish","type":"page","link":"https:\/\/www.dmproperties.com\/es\/marbella-alquileres","title":{"rendered":"Alquiler en Marbella y Costa del Sol"},"content":{"rendered":"<p><strong>Alquileres vacacionales de alta calidad, as\u00ed como alquileres a largo plazo disponibles.<\/strong><\/p>\n<p>La secci\u00f3n de alquileres de propiedades en Marbella y la Costa del Sol incluye una selecci\u00f3n de villas, apartamentos y casas de lujo disponibles para alquilar en Marbella, Benahavis y Estepona. El departamento de alquileres de Diana Morales Properties se cre\u00f3 para atender a una clientela cada vez mayor que busca alquileres de lujo de alta calidad en el \u00e1rea de Marbella y, en la actualidad, ofrece un inventario cuidadosamente seleccionado de alquileres de propiedades de lujo a corto, medio y largo plazo.<\/p>\n","protected":false},"excerpt":{"rendered":"<p>Alquileres vacacionales de alta calidad, as\u00ed como alquileres a largo plazo disponibles. La secci\u00f3n de alquileres de propiedades en Marbella y la Costa del Sol incluye una selecci\u00f3n de villas, apartamentos y casas de lujo disponibles para alquilar en Marbella, Benahavis y Estepona. El departamento de alquileres de Diana Morales Properties se cre\u00f3 para atender&#8230;<\/p>\n","protected":false},"author":3,"featured_media":35583,"parent":0,"menu_order":19,"comment_status":"closed","ping_status":"closed","template":"template-pages\/landings.php","meta":{"_acf_changed":false,"footnotes":""},"class_list":["post-39251","page","type-page","status-publish","has-post-thumbnail","hentry"],"acf":[],"_links":{"self":[{"href":"https:\/\/www.dmproperties.com\/es\/wp-json\/wp\/v2\/pages\/39251","targetHints":{"allow":["GET"]}}],"collection":[{"href":"https:\/\/www.dmproperties.com\/es\/wp-json\/wp\/v2\/pages"}],"about":[{"href":"https:\/\/www.dmproperties.com\/es\/wp-json\/wp\/v2\/types\/page"}],"author":[{"embeddable":true,"href":"https:\/\/www.dmproperties.com\/es\/wp-json\/wp\/v2\/users\/3"}],"replies":[{"embeddable":true,"href":"https:\/\/www.dmproperties.com\/es\/wp-json\/wp\/v2\/comments?post=39251"}],"version-history":[{"count":0,"href":"https:\/\/www.dmproperties.com\/es\/wp-json\/wp\/v2\/pages\/39251\/revisions"}],"wp:featuredmedia":[{"embeddable":true,"href":"https:\/\/www.dmproperties.com\/es\/wp-json\/wp\/v2\/media\/35583"}],"wp:attachment":[{"href":"https:\/\/www.dmproperties.com\/es\/wp-json\/wp\/v2\/media?parent=39251"}],"curies":[{"name":"wp","href":"https:\/\/api.w.org\/{rel}","templated":true}]}}