{"id":39255,"date":"2021-09-27T08:09:34","date_gmt":"2021-09-27T06:09:34","guid":{"rendered":"https:\/\/www.dmproperties.com\/la-zagaleta-property"},"modified":"2024-09-10T08:34:16","modified_gmt":"2024-09-10T06:34:16","slug":"la-zagaleta-propiedades","status":"publish","type":"page","link":"https:\/\/www.dmproperties.com\/es\/la-zagaleta-propiedades","title":{"rendered":"Propiedades en La Zagaleta, Benahav\u00eds"},"content":{"rendered":"<p><strong>\u00bfBusca comprar una villa en La Zagaleta?<\/strong><\/p>\n<p>La Zagaleta Golf and Country Club es una de las urbanizaciones privadas m\u00e1s exclusivas de Europa. Ubicada en un entorno privilegiado dentro de la regi\u00f3n <em>premier<\/em> de la Costa del Sol, a pocos kil\u00f3metros de Marbella y Puerto Ban\u00fas, y a 60 km del aeropuerto internacional de M\u00e1laga.<\/p>\n<p>Con cerca de 900 hect\u00e1reas de un entorno natural cerrado, La Zagaleta es una comunidad \u00fanica construida en torno al principio de privacidad y seguridad. Sobresale por sus maravillosas instalaciones y servicios solo para residentes, desde pintorescos campos de golf, centro ecuestre y helipuerto, hasta la elegante casa club con restaurante, \u00e1rea de piscina y salones.<\/p>\n","protected":false},"excerpt":{"rendered":"<p>\u00bfBusca comprar una villa en La Zagaleta? La Zagaleta Golf and Country Club es una de las urbanizaciones privadas m\u00e1s exclusivas de Europa. Ubicada en un entorno privilegiado dentro de la regi\u00f3n premier de la Costa del Sol, a pocos kil\u00f3metros de Marbella y Puerto Ban\u00fas, y a 60 km del aeropuerto internacional de M\u00e1laga&#8230;.<\/p>\n","protected":false},"author":3,"featured_media":35559,"parent":0,"menu_order":15,"comment_status":"closed","ping_status":"closed","template":"template-pages\/landings.php","meta":{"_acf_changed":false,"footnotes":""},"class_list":["post-39255","page","type-page","status-publish","has-post-thumbnail","hentry"],"acf":[],"_links":{"self":[{"href":"https:\/\/www.dmproperties.com\/es\/wp-json\/wp\/v2\/pages\/39255","targetHints":{"allow":["GET"]}}],"collection":[{"href":"https:\/\/www.dmproperties.com\/es\/wp-json\/wp\/v2\/pages"}],"about":[{"href":"https:\/\/www.dmproperties.com\/es\/wp-json\/wp\/v2\/types\/page"}],"author":[{"embeddable":true,"href":"https:\/\/www.dmproperties.com\/es\/wp-json\/wp\/v2\/users\/3"}],"replies":[{"embeddable":true,"href":"https:\/\/www.dmproperties.com\/es\/wp-json\/wp\/v2\/comments?post=39255"}],"version-history":[{"count":0,"href":"https:\/\/www.dmproperties.com\/es\/wp-json\/wp\/v2\/pages\/39255\/revisions"}],"wp:featuredmedia":[{"embeddable":true,"href":"https:\/\/www.dmproperties.com\/es\/wp-json\/wp\/v2\/media\/35559"}],"wp:attachment":[{"href":"https:\/\/www.dmproperties.com\/es\/wp-json\/wp\/v2\/media?parent=39255"}],"curies":[{"name":"wp","href":"https:\/\/api.w.org\/{rel}","templated":true}]}}