{"id":39259,"date":"2021-09-24T16:03:05","date_gmt":"2021-09-24T14:03:05","guid":{"rendered":"https:\/\/www.dmproperties.com\/modern-property"},"modified":"2024-10-03T09:43:16","modified_gmt":"2024-10-03T07:43:16","slug":"casas-modernas","status":"publish","type":"page","link":"https:\/\/www.dmproperties.com\/es\/casas-modernas","title":{"rendered":"Casas Modernas en Marbella, Costa del Sol"},"content":{"rendered":"<p><strong>\u00bfBusca una propiedad moderna en Marbella o en la Costa del Sol?<\/strong><\/p>\n<p>Nuestra secci\u00f3n de \u00abPropiedades Modernas\u00bb le ayudar\u00e1 a restringir su b\u00fasqueda de una propiedad con dise\u00f1o moderno y arquitectura contempor\u00e1nea en la Costa del Sol. DM Properties le ofrece una selecci\u00f3n de villas y casas con amplias \u00e1reas de estar, materiales de alta tecnolog\u00eda y apartamentos minimalistas con l\u00edneas elegantes. T\u00f3mese unos minutos para ver nuestra selecci\u00f3n de propiedades modernas, desde villas modernas de lujo en Marbella hasta apartamentos contempor\u00e1neos en las mejores ubicaciones de la Costa del Sol.<\/p>\n","protected":false},"excerpt":{"rendered":"<p>\u00bfBusca una propiedad moderna en Marbella o en la Costa del Sol? Nuestra secci\u00f3n de \u00abPropiedades Modernas\u00bb le ayudar\u00e1 a restringir su b\u00fasqueda de una propiedad con dise\u00f1o moderno y arquitectura contempor\u00e1nea en la Costa del Sol. DM Properties le ofrece una selecci\u00f3n de villas y casas con amplias \u00e1reas de estar, materiales de alta&#8230;<\/p>\n","protected":false},"author":3,"featured_media":35529,"parent":0,"menu_order":13,"comment_status":"closed","ping_status":"closed","template":"template-pages\/landings.php","meta":{"_acf_changed":false,"footnotes":""},"class_list":["post-39259","page","type-page","status-publish","has-post-thumbnail","hentry"],"acf":[],"_links":{"self":[{"href":"https:\/\/www.dmproperties.com\/es\/wp-json\/wp\/v2\/pages\/39259","targetHints":{"allow":["GET"]}}],"collection":[{"href":"https:\/\/www.dmproperties.com\/es\/wp-json\/wp\/v2\/pages"}],"about":[{"href":"https:\/\/www.dmproperties.com\/es\/wp-json\/wp\/v2\/types\/page"}],"author":[{"embeddable":true,"href":"https:\/\/www.dmproperties.com\/es\/wp-json\/wp\/v2\/users\/3"}],"replies":[{"embeddable":true,"href":"https:\/\/www.dmproperties.com\/es\/wp-json\/wp\/v2\/comments?post=39259"}],"version-history":[{"count":0,"href":"https:\/\/www.dmproperties.com\/es\/wp-json\/wp\/v2\/pages\/39259\/revisions"}],"wp:featuredmedia":[{"embeddable":true,"href":"https:\/\/www.dmproperties.com\/es\/wp-json\/wp\/v2\/media\/35529"}],"wp:attachment":[{"href":"https:\/\/www.dmproperties.com\/es\/wp-json\/wp\/v2\/media?parent=39259"}],"curies":[{"name":"wp","href":"https:\/\/api.w.org\/{rel}","templated":true}]}}