{"id":39271,"date":"2021-09-24T13:38:56","date_gmt":"2021-09-24T11:38:56","guid":{"rendered":"https:\/\/www.dmproperties.com\/luxury-property"},"modified":"2024-10-03T09:56:14","modified_gmt":"2024-10-03T07:56:14","slug":"casas-lujo","status":"publish","type":"page","link":"https:\/\/www.dmproperties.com\/es\/casas-lujo","title":{"rendered":"Casas de lujo en Marbella, Costa del Sol"},"content":{"rendered":"<p><strong>\u00bfSe pregunta qu\u00e9 significa \u00abpropiedad de lujo\u00bb en Marbella?<\/strong><\/p>\n<p>Nuestra secci\u00f3n \u00abPropiedades de lujo en Marbella\u00bb presenta una selecci\u00f3n de las mejores propiedades disponibles para la venta en Marbella y sus alrededores. Su privilegiada ubicaci\u00f3n, alta calidad o caracter\u00edsticas distintivas las convierten en viviendas \u00fanicas en la Costa del Sol, Sur de Espa\u00f1a.<\/p>\n<p>Estos son el tipo de propiedades que consideramos que mantendr\u00e1n su valor a lo largo del tiempo.<\/p>\n","protected":false},"excerpt":{"rendered":"<p>\u00bfSe pregunta qu\u00e9 significa \u00abpropiedad de lujo\u00bb en Marbella? Nuestra secci\u00f3n \u00abPropiedades de lujo en Marbella\u00bb presenta una selecci\u00f3n de las mejores propiedades disponibles para la venta en Marbella y sus alrededores. Su privilegiada ubicaci\u00f3n, alta calidad o caracter\u00edsticas distintivas las convierten en viviendas \u00fanicas en la Costa del Sol, Sur de Espa\u00f1a. Estos son&#8230;<\/p>\n","protected":false},"author":3,"featured_media":35420,"parent":0,"menu_order":2,"comment_status":"closed","ping_status":"closed","template":"template-pages\/landings.php","meta":{"_acf_changed":false,"footnotes":""},"class_list":["post-39271","page","type-page","status-publish","has-post-thumbnail","hentry"],"acf":[],"_links":{"self":[{"href":"https:\/\/www.dmproperties.com\/es\/wp-json\/wp\/v2\/pages\/39271","targetHints":{"allow":["GET"]}}],"collection":[{"href":"https:\/\/www.dmproperties.com\/es\/wp-json\/wp\/v2\/pages"}],"about":[{"href":"https:\/\/www.dmproperties.com\/es\/wp-json\/wp\/v2\/types\/page"}],"author":[{"embeddable":true,"href":"https:\/\/www.dmproperties.com\/es\/wp-json\/wp\/v2\/users\/3"}],"replies":[{"embeddable":true,"href":"https:\/\/www.dmproperties.com\/es\/wp-json\/wp\/v2\/comments?post=39271"}],"version-history":[{"count":0,"href":"https:\/\/www.dmproperties.com\/es\/wp-json\/wp\/v2\/pages\/39271\/revisions"}],"wp:featuredmedia":[{"embeddable":true,"href":"https:\/\/www.dmproperties.com\/es\/wp-json\/wp\/v2\/media\/35420"}],"wp:attachment":[{"href":"https:\/\/www.dmproperties.com\/es\/wp-json\/wp\/v2\/media?parent=39271"}],"curies":[{"name":"wp","href":"https:\/\/api.w.org\/{rel}","templated":true}]}}