{"id":39287,"date":"2021-03-09T12:27:17","date_gmt":"2021-03-09T11:27:17","guid":{"rendered":"https:\/\/www.dmproperties.com\/contact"},"modified":"2023-05-11T13:33:40","modified_gmt":"2023-05-11T11:33:40","slug":"contacto","status":"publish","type":"page","link":"https:\/\/www.dmproperties.com\/es\/contacto","title":{"rendered":"Contactar con DM Properties"},"content":{"rendered":"<p>Cont\u00e1ctenos hoy y h\u00e1ganos saber lo que est\u00e1 buscando. \u00a1Nuestro equipo estar\u00e1 encantado de ayudarle!<\/p>\n","protected":false},"excerpt":{"rendered":"<p>Cont\u00e1ctenos hoy y h\u00e1ganos saber lo que est\u00e1 buscando. \u00a1Nuestro equipo estar\u00e1 encantado de ayudarle!<\/p>\n","protected":false},"author":3,"featured_media":40111,"parent":0,"menu_order":16,"comment_status":"closed","ping_status":"closed","template":"template-pages\/contact.php","meta":{"_acf_changed":false,"footnotes":""},"class_list":["post-39287","page","type-page","status-publish","has-post-thumbnail","hentry"],"acf":[],"_links":{"self":[{"href":"https:\/\/www.dmproperties.com\/es\/wp-json\/wp\/v2\/pages\/39287","targetHints":{"allow":["GET"]}}],"collection":[{"href":"https:\/\/www.dmproperties.com\/es\/wp-json\/wp\/v2\/pages"}],"about":[{"href":"https:\/\/www.dmproperties.com\/es\/wp-json\/wp\/v2\/types\/page"}],"author":[{"embeddable":true,"href":"https:\/\/www.dmproperties.com\/es\/wp-json\/wp\/v2\/users\/3"}],"replies":[{"embeddable":true,"href":"https:\/\/www.dmproperties.com\/es\/wp-json\/wp\/v2\/comments?post=39287"}],"version-history":[{"count":0,"href":"https:\/\/www.dmproperties.com\/es\/wp-json\/wp\/v2\/pages\/39287\/revisions"}],"wp:featuredmedia":[{"embeddable":true,"href":"https:\/\/www.dmproperties.com\/es\/wp-json\/wp\/v2\/media\/40111"}],"wp:attachment":[{"href":"https:\/\/www.dmproperties.com\/es\/wp-json\/wp\/v2\/media?parent=39287"}],"curies":[{"name":"wp","href":"https:\/\/api.w.org\/{rel}","templated":true}]}}