{"id":41615,"date":"2024-01-18T15:24:48","date_gmt":"2024-01-18T14:24:48","guid":{"rendered":"https:\/\/www.dmproperties.com\/?page_id=41615"},"modified":"2025-07-11T15:11:55","modified_gmt":"2025-07-11T13:11:55","slug":"spaces-magazine","status":"publish","type":"page","link":"https:\/\/www.dmproperties.com\/es\/spaces-magazine","title":{"rendered":"Spaces Magazine"},"content":{"rendered":"<p>Nuestro selecto espacio digital donde convergen experiencia, elegancia y exclusividad. Como referente en el sector de las viviendas de alta gama, nuestra secci\u00f3n de Magazine es m\u00e1s que una gu\u00eda inmobiliaria, es una celebraci\u00f3n del estilo de vida distintivo de Marbella, mostrando lo mejor de la arquitectura, el dise\u00f1o de interiores y las tendencias vanguardistas que definen el arte de vivir en el lujo.<\/p>\n","protected":false},"excerpt":{"rendered":"<p>Nuestro selecto espacio digital donde convergen experiencia, elegancia y exclusividad. Como referente en el sector de las viviendas de alta gama, nuestra secci\u00f3n de Magazine es m\u00e1s que una gu\u00eda inmobiliaria, es una celebraci\u00f3n del estilo de vida distintivo de Marbella, mostrando lo mejor de la arquitectura, el dise\u00f1o de interiores y las tendencias vanguardistas&#8230;<\/p>\n","protected":false},"author":3,"featured_media":0,"parent":0,"menu_order":0,"comment_status":"closed","ping_status":"closed","template":"template-pages\/spaces-magazine.php","meta":{"_acf_changed":false,"footnotes":""},"class_list":["post-41615","page","type-page","status-publish","hentry"],"acf":[],"_links":{"self":[{"href":"https:\/\/www.dmproperties.com\/es\/wp-json\/wp\/v2\/pages\/41615","targetHints":{"allow":["GET"]}}],"collection":[{"href":"https:\/\/www.dmproperties.com\/es\/wp-json\/wp\/v2\/pages"}],"about":[{"href":"https:\/\/www.dmproperties.com\/es\/wp-json\/wp\/v2\/types\/page"}],"author":[{"embeddable":true,"href":"https:\/\/www.dmproperties.com\/es\/wp-json\/wp\/v2\/users\/3"}],"replies":[{"embeddable":true,"href":"https:\/\/www.dmproperties.com\/es\/wp-json\/wp\/v2\/comments?post=41615"}],"version-history":[{"count":0,"href":"https:\/\/www.dmproperties.com\/es\/wp-json\/wp\/v2\/pages\/41615\/revisions"}],"wp:attachment":[{"href":"https:\/\/www.dmproperties.com\/es\/wp-json\/wp\/v2\/media?parent=41615"}],"curies":[{"name":"wp","href":"https:\/\/api.w.org\/{rel}","templated":true}]}}