{"id":44211,"date":"2024-10-08T10:14:07","date_gmt":"2024-10-08T08:14:07","guid":{"rendered":"https:\/\/www.dmproperties.com\/?page_id=44211"},"modified":"2025-10-10T13:55:16","modified_gmt":"2025-10-10T11:55:16","slug":"exclusivas","status":"publish","type":"page","link":"https:\/\/www.dmproperties.com\/es\/exclusivas","title":{"rendered":"Viviendas a la venta exclusivamente con DM Properties | Knight Frank"},"content":{"rendered":"<h2 ><span class=\"position-absolute\" style=\"top: -120px\" id=\"nuestras+viviendas+en+venta+en+exclusiva+en+marbella\"><\/span>Nuestras viviendas en venta en exclusiva en Marbella<\/h2>\n<p>En Diana Morales Properties | Knight Frank, estamos orgullosos de ofrecer una excepcional selecci\u00f3n de viviendas de venta en exclusiva en la zona de Marbella. En este listado destacan viviendas \u00fanicas disponibles \u00fanicamente a trav\u00e9s de nuestra agencia; desde magn\u00edficas villas a impresionantes apartamentos.<\/p>\n<p>Tambi\u00e9n ofrecemos una selecci\u00f3n de viviendas comercializadas de forma privada y no disponibles en el mercado. P\u00f3ngase en contacto con nosotros para obtener m\u00e1s informaci\u00f3n.<\/p>\n<p>\u00bfEst\u00e1 pensando en vender? Explore nuestra <a href=\"https:\/\/www.dmproperties.com\/es\/vender-propiedad-marbella\" target=\"_blank\" rel=\"noopener\">gu\u00eda del vendedor<\/a> para obtener informaci\u00f3n experta sobre precios y marketing. Nuestras estrategias de marketing personalizadas garantizan que su vivienda reciba la atenci\u00f3n que merece, lo que conduce a una venta r\u00e1pida y exitosa. <a href=\"#contactform\">P\u00f3ngase en contacto con nosotros hoy mismo para una consulta personalizada<\/a>.<\/p>\n","protected":false},"excerpt":{"rendered":"<p>Nuestras viviendas en venta en exclusiva en Marbella En Diana Morales Properties | Knight Frank, estamos orgullosos de ofrecer una excepcional selecci\u00f3n de viviendas de venta en exclusiva en la zona de Marbella. En este listado destacan viviendas \u00fanicas disponibles \u00fanicamente a trav\u00e9s de nuestra agencia; desde magn\u00edficas villas a impresionantes apartamentos. Tambi\u00e9n ofrecemos una&#8230;<\/p>\n","protected":false},"author":3,"featured_media":43899,"parent":0,"menu_order":0,"comment_status":"closed","ping_status":"closed","template":"template-pages\/propertySelection.php","meta":{"_acf_changed":false,"footnotes":""},"class_list":["post-44211","page","type-page","status-publish","has-post-thumbnail","hentry"],"acf":[],"_links":{"self":[{"href":"https:\/\/www.dmproperties.com\/es\/wp-json\/wp\/v2\/pages\/44211","targetHints":{"allow":["GET"]}}],"collection":[{"href":"https:\/\/www.dmproperties.com\/es\/wp-json\/wp\/v2\/pages"}],"about":[{"href":"https:\/\/www.dmproperties.com\/es\/wp-json\/wp\/v2\/types\/page"}],"author":[{"embeddable":true,"href":"https:\/\/www.dmproperties.com\/es\/wp-json\/wp\/v2\/users\/3"}],"replies":[{"embeddable":true,"href":"https:\/\/www.dmproperties.com\/es\/wp-json\/wp\/v2\/comments?post=44211"}],"version-history":[{"count":0,"href":"https:\/\/www.dmproperties.com\/es\/wp-json\/wp\/v2\/pages\/44211\/revisions"}],"wp:featuredmedia":[{"embeddable":true,"href":"https:\/\/www.dmproperties.com\/es\/wp-json\/wp\/v2\/media\/43899"}],"wp:attachment":[{"href":"https:\/\/www.dmproperties.com\/es\/wp-json\/wp\/v2\/media?parent=44211"}],"curies":[{"name":"wp","href":"https:\/\/api.w.org\/{rel}","templated":true}]}}