{"id":44732,"date":"2024-11-13T12:48:58","date_gmt":"2024-11-13T11:48:58","guid":{"rendered":"https:\/\/www.dmproperties.com\/?page_id=44732"},"modified":"2025-05-09T12:11:52","modified_gmt":"2025-05-09T10:11:52","slug":"descargue-nuestro-informe-del-mercado-inmobiliario","status":"publish","type":"page","link":"https:\/\/www.dmproperties.com\/es\/descargue-nuestro-informe-del-mercado-inmobiliario","title":{"rendered":"Descargue nuestro Informe del Mercado Inmobiliario"},"content":{"rendered":"<p>El Informe del Mercado Inmobiliario de Marbella 2024-2025 es nuestra \u00faltima publicaci\u00f3n que<br \/>\nofrece un an\u00e1lisis detallado del din\u00e1mico sector inmobiliario de Marbella. Este informe revela tendencias y cambios relevantes que contin\u00faan moldeando el atractivo de la zona conocida como \u00abEl Tri\u00e1ngulo de Oro\u00bb para los compradores.<\/p>\n","protected":false},"excerpt":{"rendered":"<p>El Informe del Mercado Inmobiliario de Marbella 2024-2025 es nuestra \u00faltima publicaci\u00f3n que ofrece un an\u00e1lisis detallado del din\u00e1mico sector inmobiliario de Marbella. Este informe revela tendencias y cambios relevantes que contin\u00faan moldeando el atractivo de la zona conocida como \u00abEl Tri\u00e1ngulo de Oro\u00bb para los compradores.<\/p>\n","protected":false},"author":3,"featured_media":0,"parent":0,"menu_order":0,"comment_status":"closed","ping_status":"closed","template":"template-pages\/contact-downloader.php","meta":{"_acf_changed":false,"footnotes":""},"class_list":["post-44732","page","type-page","status-publish","hentry"],"acf":[],"_links":{"self":[{"href":"https:\/\/www.dmproperties.com\/es\/wp-json\/wp\/v2\/pages\/44732","targetHints":{"allow":["GET"]}}],"collection":[{"href":"https:\/\/www.dmproperties.com\/es\/wp-json\/wp\/v2\/pages"}],"about":[{"href":"https:\/\/www.dmproperties.com\/es\/wp-json\/wp\/v2\/types\/page"}],"author":[{"embeddable":true,"href":"https:\/\/www.dmproperties.com\/es\/wp-json\/wp\/v2\/users\/3"}],"replies":[{"embeddable":true,"href":"https:\/\/www.dmproperties.com\/es\/wp-json\/wp\/v2\/comments?post=44732"}],"version-history":[{"count":0,"href":"https:\/\/www.dmproperties.com\/es\/wp-json\/wp\/v2\/pages\/44732\/revisions"}],"wp:attachment":[{"href":"https:\/\/www.dmproperties.com\/es\/wp-json\/wp\/v2\/media?parent=44732"}],"curies":[{"name":"wp","href":"https:\/\/api.w.org\/{rel}","templated":true}]}}