{"id":46188,"date":"2025-05-19T16:08:19","date_gmt":"2025-05-19T14:08:19","guid":{"rendered":"https:\/\/www.dmproperties.com\/?page_id=46188"},"modified":"2025-05-26T11:30:14","modified_gmt":"2025-05-26T09:30:14","slug":"descargue-gratis-nuestra-guia-venta-vivienda-marbella","status":"publish","type":"page","link":"https:\/\/www.dmproperties.com\/es\/descargue-gratis-nuestra-guia-venta-vivienda-marbella","title":{"rendered":"Descargue gratis nuestra Gu\u00eda para la Venta de una vivienda en Marbella \u2014 su primer paso para vender con \u00e9xito su propiedad."},"content":{"rendered":"<p>En ella encontrar\u00e1 todo lo que necesita saber para poner su vivienda en el mercado: desde c\u00f3mo fijar el precio y elegir una agencia, hasta el proceso de venta y marketing, incluidos los gastos e impuestos asociados.<\/p>\n","protected":false},"excerpt":{"rendered":"<p>En ella encontrar\u00e1 todo lo que necesita saber para poner su vivienda en el mercado: desde c\u00f3mo fijar el precio y elegir una agencia, hasta el proceso de venta y marketing, incluidos los gastos e impuestos asociados.<\/p>\n","protected":false},"author":3,"featured_media":0,"parent":0,"menu_order":0,"comment_status":"closed","ping_status":"closed","template":"template-pages\/contact-downloader.php","meta":{"_acf_changed":false,"footnotes":""},"class_list":["post-46188","page","type-page","status-publish","hentry"],"acf":[],"_links":{"self":[{"href":"https:\/\/www.dmproperties.com\/es\/wp-json\/wp\/v2\/pages\/46188","targetHints":{"allow":["GET"]}}],"collection":[{"href":"https:\/\/www.dmproperties.com\/es\/wp-json\/wp\/v2\/pages"}],"about":[{"href":"https:\/\/www.dmproperties.com\/es\/wp-json\/wp\/v2\/types\/page"}],"author":[{"embeddable":true,"href":"https:\/\/www.dmproperties.com\/es\/wp-json\/wp\/v2\/users\/3"}],"replies":[{"embeddable":true,"href":"https:\/\/www.dmproperties.com\/es\/wp-json\/wp\/v2\/comments?post=46188"}],"version-history":[{"count":0,"href":"https:\/\/www.dmproperties.com\/es\/wp-json\/wp\/v2\/pages\/46188\/revisions"}],"wp:attachment":[{"href":"https:\/\/www.dmproperties.com\/es\/wp-json\/wp\/v2\/media?parent=46188"}],"curies":[{"name":"wp","href":"https:\/\/api.w.org\/{rel}","templated":true}]}}