{"id":39219,"date":"2022-12-02T08:26:29","date_gmt":"2022-12-02T07:26:29","guid":{"rendered":"https:\/\/www.dmproperties.com\/international-properties"},"modified":"2025-10-14T09:14:18","modified_gmt":"2025-10-14T07:14:18","slug":"international-proprietes","status":"publish","type":"page","link":"https:\/\/www.dmproperties.com\/fr\/international-proprietes","title":{"rendered":"Experts internationaux en propri\u00e9t\u00e9s"},"content":{"rendered":"<p>Notre alliance avec Knight Frank, le plus grand cabinet de conseil immobilier ind\u00e9pendant au monde, avec une pr\u00e9sence dans plus de 50 pays et avec 740 bureaux, fait de nous le partenaire id\u00e9al pour acheter et vendre des propri\u00e9t\u00e9s de luxe non seulement \u00e0 Marbella mais dans le monde entier. Que vous recherchiez une maison de vacances en Europe, une villa dans les Cara\u00efbes ou un penthouse au c\u0153ur d'une ville anim\u00e9e, nous avons l'expertise et les moyens de vous aider \u00e0 trouver la propri\u00e9t\u00e9 de vos r\u00eaves. Gr\u00e2ce \u00e0 notre r\u00e9seau mondial et \u00e0 nos connaissances locales, vous pouvez nous faire confiance, nous pouvons vous guider dans chaque \u00e9tape du processus et assurer une transaction transparente et r\u00e9ussie.<\/p>\n","protected":false},"excerpt":{"rendered":"<p>Notre alliance avec Knight Frank, le plus grand cabinet de conseil immobilier ind\u00e9pendant au monde, avec une pr\u00e9sence dans plus de 50 pays et avec 740 bureaux, fait de nous le partenaire id\u00e9al pour acheter et vendre des propri\u00e9t\u00e9s de luxe non seulement \u00e0 Marbella mais dans le monde entier. Que vous recherchiez une maison&#8230;<\/p>\n","protected":false},"author":3,"featured_media":38694,"parent":0,"menu_order":0,"comment_status":"closed","ping_status":"closed","template":"template-pages\/international.php","meta":{"_acf_changed":false,"footnotes":""},"class_list":["post-39219","page","type-page","status-publish","has-post-thumbnail","hentry"],"acf":[],"_links":{"self":[{"href":"https:\/\/www.dmproperties.com\/fr\/wp-json\/wp\/v2\/pages\/39219","targetHints":{"allow":["GET"]}}],"collection":[{"href":"https:\/\/www.dmproperties.com\/fr\/wp-json\/wp\/v2\/pages"}],"about":[{"href":"https:\/\/www.dmproperties.com\/fr\/wp-json\/wp\/v2\/types\/page"}],"author":[{"embeddable":true,"href":"https:\/\/www.dmproperties.com\/fr\/wp-json\/wp\/v2\/users\/3"}],"replies":[{"embeddable":true,"href":"https:\/\/www.dmproperties.com\/fr\/wp-json\/wp\/v2\/comments?post=39219"}],"version-history":[{"count":0,"href":"https:\/\/www.dmproperties.com\/fr\/wp-json\/wp\/v2\/pages\/39219\/revisions"}],"wp:featuredmedia":[{"embeddable":true,"href":"https:\/\/www.dmproperties.com\/fr\/wp-json\/wp\/v2\/media\/38694"}],"wp:attachment":[{"href":"https:\/\/www.dmproperties.com\/fr\/wp-json\/wp\/v2\/media?parent=39219"}],"curies":[{"name":"wp","href":"https:\/\/api.w.org\/{rel}","templated":true}]}}