{"id":39227,"date":"2021-10-04T13:59:30","date_gmt":"2021-10-04T11:59:30","guid":{"rendered":"https:\/\/www.dmproperties.com\/partners"},"modified":"2024-12-27T14:06:54","modified_gmt":"2024-12-27T13:06:54","slug":"partenaires","status":"publish","type":"page","link":"https:\/\/www.dmproperties.com\/fr\/a-propos-de-nous\/partenaires","title":{"rendered":"Nos partenaires"},"content":{"rendered":"<h2 ><span class=\"position-absolute\" style=\"top: -120px\" id=\"dm+properties+et+ses+partenaires+immobiliers\"><\/span>DM Properties et ses partenaires immobiliers<\/h2>\n<p>Diana Morales Properties a toujours \u00e9t\u00e9 une entreprise \u00e0 vocation internationale et, gr\u00e2ce \u00e0 la r\u00e9putation qu'elle s'est b\u00e2tie au fil des ans, elle a \u00e9t\u00e9 en mesure de travailler avec de nombreuses agences internationales parmi les plus notables qui partagent une philosophie similaire en mati\u00e8re d'\u00e9thique d'entreprise, de service et d'efficacit\u00e9 professionnelle.<\/p>\n<p>Des relations de longue date ont ainsi \u00e9t\u00e9 nou\u00e9es avec des entreprises et des r\u00e9seaux immobiliers \u00e0 travers le monde, \u00e9largissant consid\u00e9rablement la port\u00e9e de cette agence locale. Dans un march\u00e9 de plus en plus international, que les dirigeants de DM Properties consid\u00e8rent comme une tendance de consommation importante, en particulier dans le march\u00e9 du luxe, il s'agit d'une entreprise tr\u00e8s bien pr\u00e9par\u00e9e pour traiter avec des clients exigeants de diff\u00e9rentes nationalit\u00e9s.<\/p>\n<p>L'entreprise a d'ailleurs toujours accord\u00e9 une grande importance aux partenariats internationaux, tri\u00e9s sur le volet, en ayant \u00e9t\u00e9 choisie comme la seule filiale sur la Costa del Sol de Sotheby's et de Christies, et devenue membre fondateur du European Real Estate Network (EREN) et de la Leading Property Agents of Spain (LPA). En 2014, Diana Morales Properties a \u00e9galement \u00e9t\u00e9 s\u00e9lectionn\u00e9e pour devenir l'unique repr\u00e9sentant \u00e0 Marbella et sur la Costa del Sol de Knight Frank LLP, un nom prestigieux reconnu mondialement pour son expertise et son leadership dans l'immobilier r\u00e9sidentiel et commercial et de luxe.<\/p>\n<p>\"Gr\u00e2ce \u00e0 cette affiliation avec des partenaires aussi remarquables \u00e0 travers le monde, nous sommes une agence sp\u00e9cialis\u00e9e suffisamment petite pour offrir un service personnalis\u00e9 mais suffisamment grande pour avoir des ressources et une port\u00e9e mondiales. Cela signifie que nous aidons non seulement les clients internationaux \u00e0 trouver des propri\u00e9t\u00e9s et des investissements dans la r\u00e9gion de Marbella, mais que nous pouvons \u00e9galement \u00eatre utiles si vous souhaitez acheter un appartement \u00e0 Barcelone, un penthouse \u00e0 New York ou un chalet dans les Alpes. En effet, le service Referrals de DM Properties peut vous aider \u00e0 trouver la propri\u00e9t\u00e9 id\u00e9ale et vous accompagner dans votre achat et votre d\u00e9m\u00e9nagement.\"<\/p>\n<h2 ><span class=\"position-absolute\" style=\"top: -120px\" id=\"knight+frank\"><\/span>Knight Frank<\/h2>\n<p>Cr\u00e9e il y a plus de 125 ans, <a href=\"https:\/\/www.knightfrank.com\/\" target=\"_blank\" rel=\"noopener\">Knight Frank<\/a> est le plus grand cabinet de conseil immobilier ind\u00e9pendant au monde, avec un rayonnement mondial comprenant plus de 740 bureaux dans 50 territoires.<\/p>\n<p>R\u00e9put\u00e9 pour fournir des conseils professionnels constants, Knight Frank poss\u00e8de un r\u00e9seau de bureaux \u00e0 l\u2019\u00e9tranger ayant une connaissance directe des march\u00e9s locaux, tout en collaborant \u00e9troitement avec le si\u00e8ge mondial \u00e0 Londres pour offrir un service fluide \u00e0 ses clients. Gr\u00e2ce \u00e0 un r\u00e9seau international et une base de donn\u00e9es mondiale partag\u00e9e, Knight Frank dispose d\u2019un acc\u00e8s privil\u00e9gi\u00e9 aux acheteurs les plus fortun\u00e9s et aux propri\u00e9t\u00e9s les plus prestigieuses dans le monde entier.<\/p>\n<p>Avec plus de 27 000 collaborateurs \u00e0 travers le globe, la philosophie de partenariat de Knight Frank place les besoins des clients au centre de tout ce qu\u2019ils font. Cela garantit que des processus aussi importants que l\u2019achat, la location ou la vente d\u2019une propri\u00e9t\u00e9 sont g\u00e9r\u00e9s avec soin, discr\u00e9tion et un professionnalisme in\u00e9gal\u00e9.<\/p>\n<p>Avec plus de 5 millions de visiteurs sur son site Web prim\u00e9, qui traduit automatiquement plus de 12 500 propri\u00e9t\u00e9s en 22 langues, Knight Frank atteint un public exceptionnellement large et utilise intelligemment cette technologie pour stimuler l'achat, la location et la vente de biens. Les clients utilisent \u00ab My Knight Frank \u00bb pour sauvegarder et g\u00e9rer leurs recherches, recevoir des alertes personnalis\u00e9es pour les propri\u00e9t\u00e9s et les \u00e9tudes, et cr\u00e9er leur propre biblioth\u00e8que de propri\u00e9t\u00e9s \u00e0 \u00e9valuer. De plus, l'application permet de rechercher une propri\u00e9t\u00e9 selon un mode de vie ou via la localisation GPS, tout en int\u00e9grant tous les rapports de recherche de Knight Frank.<\/p>\n<p>La Private Office de Knight Frank est un service exclusif destin\u00e9 aux individus et familles d\u2019ultra-haut patrimoine, ainsi qu\u2019\u00e0 leurs conseillers, offrant une expertise in\u00e9gal\u00e9e dans l\u2019acquisition, la gestion et la vente de propri\u00e9t\u00e9s exceptionnelles \u00e0 travers le monde. Cette division d\u2019\u00e9lite propose une approche sur mesure et discr\u00e8te, alliant une connaissance approfondie du march\u00e9 \u00e0 une port\u00e9e mondiale sans pr\u00e9c\u00e9dent. Gr\u00e2ce \u00e0 une \u00e9quipe d\u00e9di\u00e9e et \u00e0 l\u2019acc\u00e8s au vaste r\u00e9seau international de Knight Frank, la Private Office fournit des solutions adapt\u00e9es pour des besoins r\u00e9sidentiels, commerciaux ou d\u2019investissement. Que ce soit pour trouver des opportunit\u00e9s uniques hors march\u00e9 ou pour coordonner des transactions complexes dans plusieurs juridictions, elle garantit une exp\u00e9rience fluide et hautement personnalis\u00e9e pour sa client\u00e8le distingu\u00e9e.<\/p>\n<figure class=\"position-relative\"><a class=\"isVideo\" href=\"https:\/\/youtu.be\/sR7J2o9luNA\" data-fancybox=\"video\" target=\"_blank\" rel=\"noopener\"><i class=\"icon icon-play content-play\"><\/i><picture><source sizes=\"(max-width: 575px) calc(100vw - 30px),(max-width: 767px) 510px,(max-width: 991px) 690px,(max-width: 1199px) 595px,(max-width: 1399px) 810px, 945px\" width=\"945\" srcset=\"https:\/\/media.inmobalia.com\/imgV1\/B98Le8~d7Me8Ymh25g8UJ3ypDtZ8Y3FecBCLxExjtFW~kNtmDiPvo~DIQvv4EDo6Ek0jXwehYOzbPAqdekgn8oHUNsbV60iigf778aIf34pSJoQTkwD43Y9ujQ--.jpg 945w,https:\/\/media.inmobalia.com\/imgV1\/B98Le8~d7MvRbj7Vv7fDLn6_Ew7ABi8pUTpfr~FoJsmhwgR1h1fB8_lyN_W46cT2Gv9vu1q3ICloAQS5nCmXbv1Rj6Il5qcuifuV9RW50R7IkP2AsREkMF2MOw--.jpg 595w\" type=\"image\/webp\"><img loading=\"lazy\" decoding=\"async\" class=\"img-fluid d-block my-4\" width=\"945\" height=\"532\" alt=\"Nos partenaires\" src=\"https:\/\/media.inmobalia.com\/imgV1\/B98Le8~d7Me8YmhhhFsYM4czod~~P0fCuzkjWiM7awICCiRru4VbV94Mf0IUW5XVR~3mgaGGe8xLiElDQqh6je0zADKh_0T3GY3u.jpg\"><\/picture><\/a><script type=\"application\/ld+json\">\n\t\t\t{\n\t\t\t\t\"@context\": \"https:\/\/schema.org\",\n\t\t\t\t\"@type\": \"VideoObject\",\n\t\t\t\t\"name\": \"Nos partenaires\",\n\t\t\t\t\"description\": \"DM Properties et ses partenaires immobiliers Diana Morales Properties a toujours \u00e9t\u00e9 une entreprise \u00e0 vocation internationale et, gr\u00e2ce \u00e0...\",\n\t\t\t\t\"thumbnailUrl\": \"https:\/\/img.youtube.com\/vi\/sR7J2o9luNA\/maxresdefault.jpg\",\n\t\t\t\t\"uploadDate\": \"2021-10-04T13:59:30+0200\", \"embedUrl\": \"https:\/\/youtu.be\/sR7J2o9luNA\"\t\t\t\n\t\t\t}\n\t\t\t<\/script><\/figure>\n<p>L\u2019\u00e9quipe de recherche de classe mondiale de Knight Frank est \u00e0 la pointe de la compr\u00e9hension des principaux moteurs des march\u00e9s internationaux. En plus de fournir des rapports r\u00e9guliers, tels que les pr\u00e9visions du march\u00e9 r\u00e9sidentiel mondial ou le Prime Global Rental Index, leurs analystes offrent des services de conseil sur mesure aux promoteurs, pr\u00eateurs, investisseurs, minist\u00e8res, institutions et organismes publics. Le tr\u00e8s appr\u00e9ci\u00e9 <a href=\"https:\/\/www.knightfrank.com\/wealthreport\" target=\"_blank\" rel=\"noopener\">Wealth Report<\/a>, publi\u00e9 une fois par an, offre une perspective mondiale d\u00e9finitive sur les propri\u00e9t\u00e9s de prestige et la richesse, tandis que le blog <a href=\"https:\/\/www.knightfrank.com\/blog\/\" target=\"_blank\" rel=\"noopener\">Global Briefing<\/a> partage des actualit\u00e9s, articles et interviews sur le secteur immobilier. En \u00e9troite collaboration avec les bureaux internationaux, leurs indices suivent la dynamique des cycles du march\u00e9 et aident les clients \u00e0 prendre les bonnes d\u00e9cisions. Ces outils sophistiqu\u00e9s de pr\u00e9vision soutiennent leur travail, maximisent la valeur des propri\u00e9t\u00e9s des clients et fa\u00e7onnent des strat\u00e9gies efficaces.<\/p>\n<p>Reconnus comme des conseillers de confiance, Knight Frank et Diana Morales Properties associent des connaissances locales et une expertise mondiale pour vous offrir les meilleurs conseils immobiliers.<\/p>\n<p>En tant que membre du r\u00e9seau mondial Knight Frank, Diana Morales Properties vous donne acc\u00e8s \u00e0 plus de 12 500 <a href=\"https:\/\/www.knightfrank.com\/\" target=\"_blank\" rel=\"noopener\">des meilleures propri\u00e9t\u00e9s \u00e0 vendre et \u00e0 louer<\/a> dans les lieux les plus recherch\u00e9s \u00e0 travers le monde. Que vous soyez acheteur ou vendeur, nous prenons soin de r\u00e9pondre \u00e0 vos besoins personnels et professionnels gr\u00e2ce \u00e0 notre port\u00e9e mondiale, nos collaborateurs exceptionnels et notre recherche mondialement reconnue.<\/p>\n<h2 ><span class=\"position-absolute\" style=\"top: -120px\" id=\"lpa++leading+property+agents+en+espagne\"><\/span>LPA - Leading Property Agents en Espagne<\/h2>\n<p>Diana Morales Properties fait partie des membres fondateurs de\u00a0<a href=\"https:\/\/lpaspain.com\/\" target=\"_blank\" rel=\"noopener\">The Leading Property Agents of Spain (LPA)<\/a>, une association d'agents immobiliers bien \u00e9tablis, r\u00e9put\u00e9s et professionnellement qualifi\u00e9s partageant un code d'\u00e9thique strict et qui se consacrent enti\u00e8rement \u00e0 fournir un excellent personnel hautement sp\u00e9cialis\u00e9 aussi bien aux acheteurs qu'aux vendeurs de biens sur la Costa del Sol.<\/p>\n<p>La LPA favorise la transparence, la coop\u00e9ration, la mise en place de normes immobili\u00e8res et l'\u00e9change de connaissances et d'id\u00e9es pour porter le savoir-faire, le professionnalisme, l'excellence et l'innovation aux plus hauts niveaux dans notre r\u00e9gion.<\/p>\n<h2 ><span class=\"position-absolute\" style=\"top: -120px\" id=\"dom3++entrepreneurs+pour+les+proprietes+de+haute+qualite\"><\/span>DOM3 \u2013 Entrepreneurs pour les Propri\u00e9t\u00e9s de Haute Qualit\u00e9<\/h2>\n<p>DM Properties a \u00e9galement \u00e9t\u00e9 convi\u00e9e \u00e0 rejoindre DOM3, une association d\u2019entrepreneurs et de professionnels pour les propri\u00e9t\u00e9s de haute qualit\u00e9, dont le but est de promouvoir et soutenir tous les aspects de cet important secteur immobilier de Marbella et sa zone d\u2019influence.<\/p>\n<p><a href=\"https:\/\/www.dom3.es\/home\" target=\"_blank\" rel=\"noopener\">DOM3 \u2013 Entrepreneurs pour les Propri\u00e9t\u00e9s de Haute Qualit\u00e9<\/a> \u2013 est une association d\u2019entrepreneurs et de professionnels qui ont fait leurs preuves dans divers secteurs, unis par un int\u00e9r\u00eat commun : promouvoir des actions destin\u00e9es \u00e0 d\u00e9velopper les activit\u00e9s li\u00e9es \u00e0 la conception, \u00e0 la construction et \u00e0 la commercialisation des propri\u00e9t\u00e9s de haute qualit\u00e9 \u00e0 Marbella et sa zone d\u2019influence.<\/p>\n<p>Les membres de DOM3 apportent leur exp\u00e9rience et leur connaissance dans un large \u00e9ventail de disciplines professionnelles afin de soutenir le d\u00e9veloppement du secteur et de la marque touristique de Marbella.<\/p>\n<p>Les principaux objectifs de l\u2019association sont:<\/p>\n<ul>\n<li>Promouvoir des initiatives pour l\u2019am\u00e9lioration de tous les aspects du secteur des propri\u00e9t\u00e9s de haute qualit\u00e9.<\/li>\n<li>Encourager l\u2019innovation, le d\u00e9veloppement et la connaissance dans les diff\u00e9rents maillons de la cha\u00eene de valeur de l\u2019entreprise.<\/li>\n<li>Faciliter la collaboration et les alliances entre professionnels et entrepreneurs dont l\u2019objectif commun est de b\u00e9n\u00e9ficier au secteur.<\/li>\n<li>Promouvoir un sceau de qualit\u00e9 pour les entreprises et les professionnels partageant les valeurs de l\u2019association, telles que l\u2019honn\u00eatet\u00e9, l\u2019int\u00e9grit\u00e9, l\u2019excellence, le leadership, le sens des responsabilit\u00e9s et l\u2019innovation.<\/li>\n<\/ul>\n","protected":false},"excerpt":{"rendered":"<p>DM Properties et ses partenaires immobiliers Diana Morales Properties a toujours \u00e9t\u00e9 une entreprise \u00e0 vocation internationale et, gr\u00e2ce \u00e0 la r\u00e9putation qu&rsquo;elle s&rsquo;est b\u00e2tie au fil des ans, elle a \u00e9t\u00e9 en mesure de travailler avec de nombreuses agences internationales parmi les plus notables qui partagent une philosophie similaire en mati\u00e8re d&rsquo;\u00e9thique d&rsquo;entreprise, de&#8230;<\/p>\n","protected":false},"author":3,"featured_media":26608,"parent":39276,"menu_order":2,"comment_status":"closed","ping_status":"closed","template":"","meta":{"_acf_changed":false,"footnotes":""},"class_list":["post-39227","page","type-page","status-publish","has-post-thumbnail","hentry"],"acf":[],"_links":{"self":[{"href":"https:\/\/www.dmproperties.com\/fr\/wp-json\/wp\/v2\/pages\/39227","targetHints":{"allow":["GET"]}}],"collection":[{"href":"https:\/\/www.dmproperties.com\/fr\/wp-json\/wp\/v2\/pages"}],"about":[{"href":"https:\/\/www.dmproperties.com\/fr\/wp-json\/wp\/v2\/types\/page"}],"author":[{"embeddable":true,"href":"https:\/\/www.dmproperties.com\/fr\/wp-json\/wp\/v2\/users\/3"}],"replies":[{"embeddable":true,"href":"https:\/\/www.dmproperties.com\/fr\/wp-json\/wp\/v2\/comments?post=39227"}],"version-history":[{"count":0,"href":"https:\/\/www.dmproperties.com\/fr\/wp-json\/wp\/v2\/pages\/39227\/revisions"}],"up":[{"embeddable":true,"href":"https:\/\/www.dmproperties.com\/fr\/wp-json\/wp\/v2\/pages\/39276"}],"wp:featuredmedia":[{"embeddable":true,"href":"https:\/\/www.dmproperties.com\/fr\/wp-json\/wp\/v2\/media\/26608"}],"wp:attachment":[{"href":"https:\/\/www.dmproperties.com\/fr\/wp-json\/wp\/v2\/media?parent=39227"}],"curies":[{"name":"wp","href":"https:\/\/api.w.org\/{rel}","templated":true}]}}