{"id":39232,"date":"2021-10-04T13:55:44","date_gmt":"2021-10-04T11:55:44","guid":{"rendered":"https:\/\/www.dmproperties.com\/company"},"modified":"2023-05-09T13:44:12","modified_gmt":"2023-05-09T11:44:12","slug":"agence","status":"publish","type":"page","link":"https:\/\/www.dmproperties.com\/fr\/a-propos-de-nous\/agence","title":{"rendered":"\u00c0 propos de l\u2019agence"},"content":{"rendered":"<h2 ><span class=\"position-absolute\" style=\"top: -120px\" id=\"une+reputation+irreprochable+batie+au+fil+des+ans\"><\/span>Une r\u00e9putation irr\u00e9prochable b\u00e2tie au fil des ans<\/h2>\n<p>Diana Morales Properties b\u00e9n\u00e9ficie d'une position enviable sur le march\u00e9 immobilier de Marbella, fond\u00e9e sur de nombreuses ann\u00e9es d'exp\u00e9rience et de succ\u00e8s dans le segment du luxe. En tant que sp\u00e9cialiste dans ce domaine, la r\u00e9putation de l'entreprise repose sur deux piliers fondateurs qui constituent toujours la philosophie de base de DM Properties : la qualit\u00e9 et l'int\u00e9grit\u00e9.<\/p>\n<p>L'entreprise a \u00e9t\u00e9 fond\u00e9e par Diana Morales, qui travaille dans l'immobilier de Marbella depuis 1978 et qui a d\u00e9cid\u00e9 de cr\u00e9\u00e9 une petite agence dans les ann\u00e9es 1980, dont la r\u00e9putation ne cesse de cro\u00eetre. S\u00e9lectionn\u00e9e pour \u00eatre la seule repr\u00e9sentante sur la Costa del Sol de Sotheby's, Christie's et maintenant Knight Frank, DM Properties est une soci\u00e9t\u00e9 avec une expertise locale associ\u00e9e \u00e0 une orientation internationale et des relations de longue date avec des clients et d'autres professionnels du secteur du luxe.<\/p>\n<p>Beaucoup d'entre eux ont b\u00e9n\u00e9fici\u00e9 du r\u00f4le actif de DM Properties dans de nombreux r\u00e9seaux immobiliers de luxe parmi les plus importants au monde pour se d\u00e9velopper. L'agence est d'ailleurs l'un des membres fondateurs de l'EREN, le European Real Estate Network, r\u00e9seau immobilier europ\u00e9en. Le fait que des r\u00e9seaux de renomm\u00e9e internationale tels que Sotheby's, Christie's et Knight Frank aient choisi d'avoir DM Properties comme unique affili\u00e9 et repr\u00e9sentant sur la Costa del Sol en dit assez sur le professionnalisme, l'int\u00e9grit\u00e9, le savoir-faire et le d\u00e9vouement de cette entreprise sp\u00e9cialis\u00e9e.<\/p>\n<p>Diana et Pia dirigent une entreprise qui est \u00e0 la pointe des tendances modernes et du savoir-faire commercial, elles restent fid\u00e8les \u00e0 une approche b\u00e2tie sur la transparence, la confiance et l'int\u00e9grit\u00e9 aupr\u00e8s des vendeurs, des acheteurs et des collaborateurs. Ce sont les conditions id\u00e9ales autour desquelles une organisation efficace et un niveau \u00e9lev\u00e9 de service personnalis\u00e9 aux clients peut \u00eatre atteint.<\/p>\n<p>Diana Morales Properties est donc une soci\u00e9t\u00e9 immobili\u00e8re de caract\u00e8re qui combine la connaissance du march\u00e9 local avec une port\u00e9e internationale. Cela signifie que l'entreprise peut offrir un service efficace, mais aussi hautement personnalis\u00e9. Ayant toujours pr\u00e9f\u00e9r\u00e9 la qualit\u00e9 \u00e0 la quantit\u00e9, DM Properties est une agence sp\u00e9cialis\u00e9e aux ressources durables gr\u00e2ce \u00e0 son \u00e9troite collaboration avec des organisations aussi prestigieuses que Knight Frank.<\/p>\n<p>C'est la combinaison de ces facteurs qui fait de DM Properties un leader sur le march\u00e9 de l'immobilier de luxe \u00e0 Marbella, garantissant la repr\u00e9sentation d'acheteurs et investisseurs immobiliers parmi les plus s\u00e9rieux de la r\u00e9gion, tout en \u00e9tant charg\u00e9e de commercialiser et de vendre les plus belles maisons disponibles. Id\u00e9alement \u00e9quip\u00e9e pour s'occuper d'une client\u00e8le internationale exigeante, Diana Morales Properties est en effet devenue une r\u00e9f\u00e9rence de l'immobilier de luxe dans la r\u00e9gion de Marbella.<\/p>\n","protected":false},"excerpt":{"rendered":"<p>Une r\u00e9putation irr\u00e9prochable b\u00e2tie au fil des ans Diana Morales Properties b\u00e9n\u00e9ficie d&rsquo;une position enviable sur le march\u00e9 immobilier de Marbella, fond\u00e9e sur de nombreuses ann\u00e9es d&rsquo;exp\u00e9rience et de succ\u00e8s dans le segment du luxe. En tant que sp\u00e9cialiste dans ce domaine, la r\u00e9putation de l&rsquo;entreprise repose sur deux piliers fondateurs qui constituent toujours la&#8230;<\/p>\n","protected":false},"author":3,"featured_media":38793,"parent":39276,"menu_order":1,"comment_status":"closed","ping_status":"closed","template":"","meta":{"_acf_changed":false,"footnotes":""},"class_list":["post-39232","page","type-page","status-publish","has-post-thumbnail","hentry"],"acf":[],"_links":{"self":[{"href":"https:\/\/www.dmproperties.com\/fr\/wp-json\/wp\/v2\/pages\/39232","targetHints":{"allow":["GET"]}}],"collection":[{"href":"https:\/\/www.dmproperties.com\/fr\/wp-json\/wp\/v2\/pages"}],"about":[{"href":"https:\/\/www.dmproperties.com\/fr\/wp-json\/wp\/v2\/types\/page"}],"author":[{"embeddable":true,"href":"https:\/\/www.dmproperties.com\/fr\/wp-json\/wp\/v2\/users\/3"}],"replies":[{"embeddable":true,"href":"https:\/\/www.dmproperties.com\/fr\/wp-json\/wp\/v2\/comments?post=39232"}],"version-history":[{"count":0,"href":"https:\/\/www.dmproperties.com\/fr\/wp-json\/wp\/v2\/pages\/39232\/revisions"}],"up":[{"embeddable":true,"href":"https:\/\/www.dmproperties.com\/fr\/wp-json\/wp\/v2\/pages\/39276"}],"wp:featuredmedia":[{"embeddable":true,"href":"https:\/\/www.dmproperties.com\/fr\/wp-json\/wp\/v2\/media\/38793"}],"wp:attachment":[{"href":"https:\/\/www.dmproperties.com\/fr\/wp-json\/wp\/v2\/media?parent=39232"}],"curies":[{"name":"wp","href":"https:\/\/api.w.org\/{rel}","templated":true}]}}