{"id":39252,"date":"2021-09-27T08:09:34","date_gmt":"2021-09-27T06:09:34","guid":{"rendered":"https:\/\/www.dmproperties.com\/la-zagaleta-property"},"modified":"2024-10-03T09:42:55","modified_gmt":"2024-10-03T07:42:55","slug":"la-zagaleta-proprietes","status":"publish","type":"page","link":"https:\/\/www.dmproperties.com\/fr\/la-zagaleta-proprietes","title":{"rendered":"Propri\u00e9t\u00e9s \u00e0 La Zagaleta, Benahavis"},"content":{"rendered":"<p>Vous souhaitez acheter une villa \u00e0 La Zagaleta ?<\/p>\n<p>La Zagaleta Golf and Country Club est l'un des domaines r\u00e9sidentiels les plus exclusifs et pris\u00e9s d'Europe, qui b\u00e9n\u00e9ficient d'un cadre privil\u00e9gi\u00e9 dans la premi\u00e8re r\u00e9gion de la Costa del Sol, \u00e0 seulement quelques kilom\u00e8tres de Marbella et de Puerto Banus, et \u00e0 60 km de l'a\u00e9roport international de Malaga.<\/p>\n<p>Avec pr\u00e8s de 900 hectares d'environnement naturel cl\u00f4tur\u00e9, La Zagaleta est un lotissement unique construit autour du principe de confidentialit\u00e9 et de s\u00e9curit\u00e9. Les installations et services r\u00e9serv\u00e9s aux r\u00e9sidents sont d'une qualit\u00e9 exceptionnelle, que ce soit les parcours de golf, le centre \u00e9questre, l'h\u00e9liport, ou encore l'\u00e9l\u00e9gant club-house avec restaurant, piscine et salons.<\/p>\n","protected":false},"excerpt":{"rendered":"<p>Vous souhaitez acheter une villa \u00e0 La Zagaleta ? La Zagaleta Golf and Country Club est l&rsquo;un des domaines r\u00e9sidentiels les plus exclusifs et pris\u00e9s d&rsquo;Europe, qui b\u00e9n\u00e9ficient d&rsquo;un cadre privil\u00e9gi\u00e9 dans la premi\u00e8re r\u00e9gion de la Costa del Sol, \u00e0 seulement quelques kilom\u00e8tres de Marbella et de Puerto Banus, et \u00e0 60 km de&#8230;<\/p>\n","protected":false},"author":3,"featured_media":35556,"parent":0,"menu_order":15,"comment_status":"closed","ping_status":"closed","template":"template-pages\/landings.php","meta":{"_acf_changed":false,"footnotes":""},"class_list":["post-39252","page","type-page","status-publish","has-post-thumbnail","hentry"],"acf":[],"_links":{"self":[{"href":"https:\/\/www.dmproperties.com\/fr\/wp-json\/wp\/v2\/pages\/39252","targetHints":{"allow":["GET"]}}],"collection":[{"href":"https:\/\/www.dmproperties.com\/fr\/wp-json\/wp\/v2\/pages"}],"about":[{"href":"https:\/\/www.dmproperties.com\/fr\/wp-json\/wp\/v2\/types\/page"}],"author":[{"embeddable":true,"href":"https:\/\/www.dmproperties.com\/fr\/wp-json\/wp\/v2\/users\/3"}],"replies":[{"embeddable":true,"href":"https:\/\/www.dmproperties.com\/fr\/wp-json\/wp\/v2\/comments?post=39252"}],"version-history":[{"count":0,"href":"https:\/\/www.dmproperties.com\/fr\/wp-json\/wp\/v2\/pages\/39252\/revisions"}],"wp:featuredmedia":[{"embeddable":true,"href":"https:\/\/www.dmproperties.com\/fr\/wp-json\/wp\/v2\/media\/35556"}],"wp:attachment":[{"href":"https:\/\/www.dmproperties.com\/fr\/wp-json\/wp\/v2\/media?parent=39252"}],"curies":[{"name":"wp","href":"https:\/\/api.w.org\/{rel}","templated":true}]}}