{"id":39256,"date":"2021-09-24T16:03:05","date_gmt":"2021-09-24T14:03:05","guid":{"rendered":"https:\/\/www.dmproperties.com\/modern-property"},"modified":"2024-10-03T09:44:37","modified_gmt":"2024-10-03T07:44:37","slug":"maisons-modernes","status":"publish","type":"page","link":"https:\/\/www.dmproperties.com\/fr\/maisons-modernes","title":{"rendered":"Des maisons modernes \u00e0 Marbella sur la Costa del Sol"},"content":{"rendered":"<p><strong>Vous recherchez une propri\u00e9t\u00e9 moderne \u00e0 Marbella ou sur la Costa del Sol ?<\/strong><\/p>\n<p>Notre section \u00ab Propri\u00e9t\u00e9s modernes \u00bb vous aidera \u00e0 affiner votre recherche d'une propri\u00e9t\u00e9 au design moderne et \u00e0 l'architecture contemporaine sur la Costa del Sol. DM Properties vous propose une s\u00e9lection de villas et de maisons avec des pi\u00e8ces spacieuses, des \u00e9quipements high tech, ainsi que des appartements \u00e0 la d\u00e9coration minimalistes et aux lignes \u00e9pur\u00e9es. Prenez quelques minutes pour parcourir notre s\u00e9lection de propri\u00e9t\u00e9s contemporaines, que ce soit des villas modernes de luxe \u00e0 Marbella ou des appartements design dans les meilleurs emplacements de la Costa del Sol.<\/p>\n","protected":false},"excerpt":{"rendered":"<p>Vous recherchez une propri\u00e9t\u00e9 moderne \u00e0 Marbella ou sur la Costa del Sol ? Notre section \u00ab Propri\u00e9t\u00e9s modernes \u00bb vous aidera \u00e0 affiner votre recherche d&rsquo;une propri\u00e9t\u00e9 au design moderne et \u00e0 l&rsquo;architecture contemporaine sur la Costa del Sol. DM Properties vous propose une s\u00e9lection de villas et de maisons avec des pi\u00e8ces spacieuses,&#8230;<\/p>\n","protected":false},"author":3,"featured_media":35526,"parent":0,"menu_order":13,"comment_status":"closed","ping_status":"closed","template":"template-pages\/landings.php","meta":{"_acf_changed":false,"footnotes":""},"class_list":["post-39256","page","type-page","status-publish","has-post-thumbnail","hentry"],"acf":[],"_links":{"self":[{"href":"https:\/\/www.dmproperties.com\/fr\/wp-json\/wp\/v2\/pages\/39256","targetHints":{"allow":["GET"]}}],"collection":[{"href":"https:\/\/www.dmproperties.com\/fr\/wp-json\/wp\/v2\/pages"}],"about":[{"href":"https:\/\/www.dmproperties.com\/fr\/wp-json\/wp\/v2\/types\/page"}],"author":[{"embeddable":true,"href":"https:\/\/www.dmproperties.com\/fr\/wp-json\/wp\/v2\/users\/3"}],"replies":[{"embeddable":true,"href":"https:\/\/www.dmproperties.com\/fr\/wp-json\/wp\/v2\/comments?post=39256"}],"version-history":[{"count":0,"href":"https:\/\/www.dmproperties.com\/fr\/wp-json\/wp\/v2\/pages\/39256\/revisions"}],"wp:featuredmedia":[{"embeddable":true,"href":"https:\/\/www.dmproperties.com\/fr\/wp-json\/wp\/v2\/media\/35526"}],"wp:attachment":[{"href":"https:\/\/www.dmproperties.com\/fr\/wp-json\/wp\/v2\/media?parent=39256"}],"curies":[{"name":"wp","href":"https:\/\/api.w.org\/{rel}","templated":true}]}}