{"id":39260,"date":"2021-09-24T15:51:58","date_gmt":"2021-09-24T13:51:58","guid":{"rendered":"https:\/\/www.dmproperties.com\/frontline-golf-property"},"modified":"2024-10-03T09:46:06","modified_gmt":"2024-10-03T07:46:06","slug":"premiere-ligne-golf","status":"publish","type":"page","link":"https:\/\/www.dmproperties.com\/fr\/premiere-ligne-golf","title":{"rendered":"Propri\u00e9t\u00e9s en premi\u00e8re ligne de golf \u00e0 Marbella, sud de l\u2019Espagne"},"content":{"rendered":"<p>Vous recherchez une propri\u00e9t\u00e9 situ\u00e9e en bordure de golf \u00e0 Marbella ou sur la Costa del Sol ?<\/p>\n<p>Notre section \"Propri\u00e9t\u00e9s en bordure de golf \" vous aidera \u00e0 affiner votre recherche et d\u00e9nicher une propri\u00e9t\u00e9 qui se trouve \u00e0 proximit\u00e9 d'un parcours de golf sur la Costa del Sol. Prenez quelques minutes pour parcourir notre s\u00e9lection de propri\u00e9t\u00e9s en bordure de golf, que ce soit des belles villas priv\u00e9es en front de golf ou des jolies maisons de ville et appartements donnant sur certains des meilleurs terrains de golf de la r\u00e9gion.<\/p>\n","protected":false},"excerpt":{"rendered":"<p>Vous recherchez une propri\u00e9t\u00e9 situ\u00e9e en bordure de golf \u00e0 Marbella ou sur la Costa del Sol ? Notre section \u00ab\u00a0Propri\u00e9t\u00e9s en bordure de golf \u00a0\u00bb vous aidera \u00e0 affiner votre recherche et d\u00e9nicher une propri\u00e9t\u00e9 qui se trouve \u00e0 proximit\u00e9 d&rsquo;un parcours de golf sur la Costa del Sol. Prenez quelques minutes pour parcourir&#8230;<\/p>\n","protected":false},"author":3,"featured_media":35508,"parent":0,"menu_order":12,"comment_status":"closed","ping_status":"closed","template":"template-pages\/landings.php","meta":{"_acf_changed":false,"footnotes":""},"class_list":["post-39260","page","type-page","status-publish","has-post-thumbnail","hentry"],"acf":[],"_links":{"self":[{"href":"https:\/\/www.dmproperties.com\/fr\/wp-json\/wp\/v2\/pages\/39260","targetHints":{"allow":["GET"]}}],"collection":[{"href":"https:\/\/www.dmproperties.com\/fr\/wp-json\/wp\/v2\/pages"}],"about":[{"href":"https:\/\/www.dmproperties.com\/fr\/wp-json\/wp\/v2\/types\/page"}],"author":[{"embeddable":true,"href":"https:\/\/www.dmproperties.com\/fr\/wp-json\/wp\/v2\/users\/3"}],"replies":[{"embeddable":true,"href":"https:\/\/www.dmproperties.com\/fr\/wp-json\/wp\/v2\/comments?post=39260"}],"version-history":[{"count":0,"href":"https:\/\/www.dmproperties.com\/fr\/wp-json\/wp\/v2\/pages\/39260\/revisions"}],"wp:featuredmedia":[{"embeddable":true,"href":"https:\/\/www.dmproperties.com\/fr\/wp-json\/wp\/v2\/media\/35508"}],"wp:attachment":[{"href":"https:\/\/www.dmproperties.com\/fr\/wp-json\/wp\/v2\/media?parent=39260"}],"curies":[{"name":"wp","href":"https:\/\/api.w.org\/{rel}","templated":true}]}}