{"id":39264,"date":"2021-09-24T15:38:11","date_gmt":"2021-09-24T13:38:11","guid":{"rendered":"https:\/\/www.dmproperties.com\/frontline-beach-property"},"modified":"2024-10-03T09:55:42","modified_gmt":"2024-10-03T07:55:42","slug":"premiere-ligne-plage","status":"publish","type":"page","link":"https:\/\/www.dmproperties.com\/fr\/premiere-ligne-plage","title":{"rendered":"Premi\u00e8re ligne de plage \u00e0 vendre Marbella, Costa del Sol"},"content":{"rendered":"<p><strong>Vous souhaitez acheter une propri\u00e9t\u00e9 en front de mer \u00e0 Marbella ou sur la Costa del Sol ?<\/strong><\/p>\n<p>DM Properties a cr\u00e9\u00e9 cette section pour vous aider \u00e0 affiner votre recherche afin que vous trouviez une propri\u00e9t\u00e9 en bord de mer sur la Costa del Sol. Qu'il s'agisse d'un magnifique domaine en front de mer, d'un appartement de luxe en donnant sur la plage ou d'une maison de week-end en bord de mer, cette section propose une large s\u00e9lection de propri\u00e9t\u00e9s \u00e0 tous les prix. Prenez quelques minutes pour parcourir notre portefeuille de propri\u00e9t\u00e9s qui b\u00e9n\u00e9ficient d'une position privil\u00e9gi\u00e9e au bord de la mer.<\/p>\n","protected":false},"excerpt":{"rendered":"<p>Vous souhaitez acheter une propri\u00e9t\u00e9 en front de mer \u00e0 Marbella ou sur la Costa del Sol ? DM Properties a cr\u00e9\u00e9 cette section pour vous aider \u00e0 affiner votre recherche afin que vous trouviez une propri\u00e9t\u00e9 en bord de mer sur la Costa del Sol. Qu&rsquo;il s&rsquo;agisse d&rsquo;un magnifique domaine en front de mer,&#8230;<\/p>\n","protected":false},"author":3,"featured_media":35488,"parent":0,"menu_order":7,"comment_status":"closed","ping_status":"closed","template":"template-pages\/landings.php","meta":{"_acf_changed":false,"footnotes":""},"class_list":["post-39264","page","type-page","status-publish","has-post-thumbnail","hentry"],"acf":[],"_links":{"self":[{"href":"https:\/\/www.dmproperties.com\/fr\/wp-json\/wp\/v2\/pages\/39264","targetHints":{"allow":["GET"]}}],"collection":[{"href":"https:\/\/www.dmproperties.com\/fr\/wp-json\/wp\/v2\/pages"}],"about":[{"href":"https:\/\/www.dmproperties.com\/fr\/wp-json\/wp\/v2\/types\/page"}],"author":[{"embeddable":true,"href":"https:\/\/www.dmproperties.com\/fr\/wp-json\/wp\/v2\/users\/3"}],"replies":[{"embeddable":true,"href":"https:\/\/www.dmproperties.com\/fr\/wp-json\/wp\/v2\/comments?post=39264"}],"version-history":[{"count":0,"href":"https:\/\/www.dmproperties.com\/fr\/wp-json\/wp\/v2\/pages\/39264\/revisions"}],"wp:featuredmedia":[{"embeddable":true,"href":"https:\/\/www.dmproperties.com\/fr\/wp-json\/wp\/v2\/media\/35488"}],"wp:attachment":[{"href":"https:\/\/www.dmproperties.com\/fr\/wp-json\/wp\/v2\/media?parent=39264"}],"curies":[{"name":"wp","href":"https:\/\/api.w.org\/{rel}","templated":true}]}}