{"id":39268,"date":"2021-09-24T13:38:56","date_gmt":"2021-09-24T11:38:56","guid":{"rendered":"https:\/\/www.dmproperties.com\/luxury-property"},"modified":"2024-10-03T09:57:01","modified_gmt":"2024-10-03T07:57:01","slug":"luxe-proprietes","status":"publish","type":"page","link":"https:\/\/www.dmproperties.com\/fr\/luxe-proprietes","title":{"rendered":"Propri\u00e9t\u00e9s de luxe \u00e0 Marbella, sud de l&rsquo;Espagne"},"content":{"rendered":"<p><strong>Vous vous demandez ce que signifie \u00ab Propri\u00e9t\u00e9s de luxe \u00bb \u00e0 Marbella ?<\/strong><\/p>\n<p>Notre section \"Propri\u00e9t\u00e9s de luxe \u00e0 Marbella\" pr\u00e9sente une s\u00e9lection des plus belles propri\u00e9t\u00e9s disponibles \u00e0 la vente dans et autour de Marbella. Leur emplacement exceptionnel, leurs \u00e9quipements de haute qualit\u00e9 ou leurs caract\u00e9ristiques distinctives en font des maisons uniques sur la Costa del Sol, au sud de l'Espagne.<\/p>\n<p>Ce sont des propri\u00e9t\u00e9s qui, selon nous, conserveront certainement leur valeur dans le temps.<\/p>\n","protected":false},"excerpt":{"rendered":"<p>Vous vous demandez ce que signifie \u00ab Propri\u00e9t\u00e9s de luxe \u00bb \u00e0 Marbella ? Notre section \u00ab\u00a0Propri\u00e9t\u00e9s de luxe \u00e0 Marbella\u00a0\u00bb pr\u00e9sente une s\u00e9lection des plus belles propri\u00e9t\u00e9s disponibles \u00e0 la vente dans et autour de Marbella. Leur emplacement exceptionnel, leurs \u00e9quipements de haute qualit\u00e9 ou leurs caract\u00e9ristiques distinctives en font des maisons uniques sur&#8230;<\/p>\n","protected":false},"author":3,"featured_media":35417,"parent":0,"menu_order":2,"comment_status":"closed","ping_status":"closed","template":"template-pages\/landings.php","meta":{"_acf_changed":false,"footnotes":""},"class_list":["post-39268","page","type-page","status-publish","has-post-thumbnail","hentry"],"acf":[],"_links":{"self":[{"href":"https:\/\/www.dmproperties.com\/fr\/wp-json\/wp\/v2\/pages\/39268","targetHints":{"allow":["GET"]}}],"collection":[{"href":"https:\/\/www.dmproperties.com\/fr\/wp-json\/wp\/v2\/pages"}],"about":[{"href":"https:\/\/www.dmproperties.com\/fr\/wp-json\/wp\/v2\/types\/page"}],"author":[{"embeddable":true,"href":"https:\/\/www.dmproperties.com\/fr\/wp-json\/wp\/v2\/users\/3"}],"replies":[{"embeddable":true,"href":"https:\/\/www.dmproperties.com\/fr\/wp-json\/wp\/v2\/comments?post=39268"}],"version-history":[{"count":0,"href":"https:\/\/www.dmproperties.com\/fr\/wp-json\/wp\/v2\/pages\/39268\/revisions"}],"wp:featuredmedia":[{"embeddable":true,"href":"https:\/\/www.dmproperties.com\/fr\/wp-json\/wp\/v2\/media\/35417"}],"wp:attachment":[{"href":"https:\/\/www.dmproperties.com\/fr\/wp-json\/wp\/v2\/media?parent=39268"}],"curies":[{"name":"wp","href":"https:\/\/api.w.org\/{rel}","templated":true}]}}