{"id":39276,"date":"2021-07-26T12:04:54","date_gmt":"2021-07-26T10:04:54","guid":{"rendered":"https:\/\/www.dmproperties.com\/about-us"},"modified":"2025-11-14T12:46:13","modified_gmt":"2025-11-14T11:46:13","slug":"a-propos-de-nous","status":"publish","type":"page","link":"https:\/\/www.dmproperties.com\/fr\/a-propos-de-nous","title":{"rendered":"D\u00e9couvrez DM Properties Marbella"},"content":{"rendered":"<p>Fond\u00e9e en 1989, DM Properties est devenue l'une des soci\u00e9t\u00e9s immobili\u00e8res les plus fiables de Marbella. Notre d\u00e9vouement envers nos clients, notre passion pour l'immobilier \u00e0 Marbella et notre technologie de pointe qui nous donne une connaissance pointue du march\u00e9 nous permettent de conseiller nos clients sur leurs investissements immobiliers et sur le style de vie de Marbella que nous aimons tous.<\/p>\n<p><a href=\"https:\/\/www.dmproperties.com\/fr\/a-propos-de-nous\/agence\">Read moreD\u00e9couvrez notre soci\u00e9t\u00e9<\/a><\/p>\n","protected":false},"excerpt":{"rendered":"<p>Fond\u00e9e en 1989, DM Properties est devenue l&rsquo;une des soci\u00e9t\u00e9s immobili\u00e8res les plus fiables de Marbella. Notre d\u00e9vouement envers nos clients, notre passion pour l&rsquo;immobilier \u00e0 Marbella et notre technologie de pointe qui nous donne une connaissance pointue du march\u00e9 nous permettent de conseiller nos clients sur leurs investissements immobiliers et sur le style de&#8230;<\/p>\n","protected":false},"author":3,"featured_media":46863,"parent":0,"menu_order":14,"comment_status":"closed","ping_status":"closed","template":"template-pages\/know-us.php","meta":{"_acf_changed":false,"footnotes":""},"class_list":["post-39276","page","type-page","status-publish","has-post-thumbnail","hentry"],"acf":[],"_links":{"self":[{"href":"https:\/\/www.dmproperties.com\/fr\/wp-json\/wp\/v2\/pages\/39276","targetHints":{"allow":["GET"]}}],"collection":[{"href":"https:\/\/www.dmproperties.com\/fr\/wp-json\/wp\/v2\/pages"}],"about":[{"href":"https:\/\/www.dmproperties.com\/fr\/wp-json\/wp\/v2\/types\/page"}],"author":[{"embeddable":true,"href":"https:\/\/www.dmproperties.com\/fr\/wp-json\/wp\/v2\/users\/3"}],"replies":[{"embeddable":true,"href":"https:\/\/www.dmproperties.com\/fr\/wp-json\/wp\/v2\/comments?post=39276"}],"version-history":[{"count":0,"href":"https:\/\/www.dmproperties.com\/fr\/wp-json\/wp\/v2\/pages\/39276\/revisions"}],"wp:featuredmedia":[{"embeddable":true,"href":"https:\/\/www.dmproperties.com\/fr\/wp-json\/wp\/v2\/media\/46863"}],"wp:attachment":[{"href":"https:\/\/www.dmproperties.com\/fr\/wp-json\/wp\/v2\/media?parent=39276"}],"curies":[{"name":"wp","href":"https:\/\/api.w.org\/{rel}","templated":true}]}}