{"id":39292,"date":"2021-01-27T13:33:17","date_gmt":"2021-01-27T12:33:17","guid":{"rendered":"https:\/\/www.dmproperties.com\/properties"},"modified":"2026-05-11T16:57:24","modified_gmt":"2026-05-11T14:57:24","slug":"fr","status":"publish","type":"page","link":"https:\/\/www.dmproperties.com\/fr","title":{"rendered":"Immobilier Marbella"},"content":{"rendered":"<p>Depuis plus de trois d\u00e9cennies, Diana Morales Properties est consid\u00e9r\u00e9e comme l'une des agences immobili\u00e8res les plus fiables de Marbella et de la Costa del Sol. Notre portefeuille de propri\u00e9t\u00e9s \u00e0 vendre comprend certaines des propri\u00e9t\u00e9s de luxe les plus distinctives de la Costa del Sol : des <a href=\"https:\/\/www.dmproperties.com\/fr\/proprietes\/benahavis\/la-zagaleta\/villas-maisons-isolee\">villas de luxe \u00e0 vendre \u00e0 La Zagaleta<\/a>, <a href=\"https:\/\/www.dmproperties.com\/fr\/proprietes\/marbella-tout\/marbella-golden-mile\">des maisons exclusives et des appartements de luxe sur la Golden Mile de Marbella<\/a>, <a href=\"https:\/\/www.dmproperties.com\/fr\/proprietes\/marbella-tout\/puerto-banus\/appartements-terrasse\">des penthouses \u00e0 Puerto Ban\u00fas<\/a>, <a href=\"https:\/\/www.dmproperties.com\/fr\/proprietes\/estepona\/nouvelles-construction\">des appartements neufs et des maisons de ville \u00e0 Estepona<\/a> jusqu\u2019au <a href=\"https:\/\/www.dmproperties.com\/fr\/proprietes\/estepona\/estepona-est\/new-golden-mile\/appartements-habitats\">appartements de luxe sur la New Golden Mile<\/a>.<\/p>\n<p>Si vous cherchez \u00e0 investir dans l'immobilier, acheter une villa, un penthouse, un appartement, une maison de ville ou une propri\u00e9t\u00e9 rurale \u00e0 Marbella et le long de la Costa del Sol, prenez quelques instants pour parcourir notre site et d\u00e9couvrir notre base de donn\u00e9es de propri\u00e9t\u00e9s continuellement mise \u00e0 jour \u00e0 Marbella et dans les environ.<\/p>\n","protected":false},"excerpt":{"rendered":"<p>Depuis plus de trois d\u00e9cennies, Diana Morales Properties est consid\u00e9r\u00e9e comme l&rsquo;une des agences immobili\u00e8res les plus fiables de Marbella et de la Costa del Sol. Notre portefeuille de propri\u00e9t\u00e9s \u00e0 vendre comprend certaines des propri\u00e9t\u00e9s de luxe les plus distinctives de la Costa del Sol : des villas de luxe \u00e0 vendre \u00e0 La&#8230;<\/p>\n","protected":false},"author":3,"featured_media":0,"parent":0,"menu_order":0,"comment_status":"closed","ping_status":"closed","template":"","meta":{"_acf_changed":false,"footnotes":""},"class_list":["post-39292","page","type-page","status-publish","hentry"],"acf":[],"_links":{"self":[{"href":"https:\/\/www.dmproperties.com\/fr\/wp-json\/wp\/v2\/pages\/39292","targetHints":{"allow":["GET"]}}],"collection":[{"href":"https:\/\/www.dmproperties.com\/fr\/wp-json\/wp\/v2\/pages"}],"about":[{"href":"https:\/\/www.dmproperties.com\/fr\/wp-json\/wp\/v2\/types\/page"}],"author":[{"embeddable":true,"href":"https:\/\/www.dmproperties.com\/fr\/wp-json\/wp\/v2\/users\/3"}],"replies":[{"embeddable":true,"href":"https:\/\/www.dmproperties.com\/fr\/wp-json\/wp\/v2\/comments?post=39292"}],"version-history":[{"count":0,"href":"https:\/\/www.dmproperties.com\/fr\/wp-json\/wp\/v2\/pages\/39292\/revisions"}],"wp:attachment":[{"href":"https:\/\/www.dmproperties.com\/fr\/wp-json\/wp\/v2\/media?parent=39292"}],"curies":[{"name":"wp","href":"https:\/\/api.w.org\/{rel}","templated":true}]}}