{"id":41610,"date":"2024-01-18T15:25:27","date_gmt":"2024-01-18T14:25:27","guid":{"rendered":"https:\/\/www.dmproperties.com\/?page_id=41610"},"modified":"2025-07-11T15:11:49","modified_gmt":"2025-07-11T13:11:49","slug":"spaces-magazine","status":"publish","type":"page","link":"https:\/\/www.dmproperties.com\/fr\/spaces-magazine","title":{"rendered":"Spaces Magazine"},"content":{"rendered":"<p>Notre espace num\u00e9rique raffin\u00e9 o\u00f9 convergent expertise, \u00e9l\u00e9gance et exclusivit\u00e9.<\/p>\n<p>En tant que leader dans le monde de l'immobilier haut de gamme, notre magazine n'est pas seulement une question de propri\u00e9t\u00e9s; c'est une c\u00e9l\u00e9bration du style de vie unique de Marbella et un voyage dans le monde de la cr\u00e9ation de maisons de luxe.<br \/>\nD\u00e9couvrez le meilleur de l'architecture, de la d\u00e9coration int\u00e9rieure et des tendances innovantes, et restez inform\u00e9 gr\u00e2ce \u00e0 nos derniers rapports, \u00e0 nos nouvelles et \u00e0 nos articles sur des propri\u00e9t\u00e9s uniques.<\/p>\n","protected":false},"excerpt":{"rendered":"<p>Notre espace num\u00e9rique raffin\u00e9 o\u00f9 convergent expertise, \u00e9l\u00e9gance et exclusivit\u00e9. En tant que leader dans le monde de l&rsquo;immobilier haut de gamme, notre magazine n&rsquo;est pas seulement une question de propri\u00e9t\u00e9s; c&rsquo;est une c\u00e9l\u00e9bration du style de vie unique de Marbella et un voyage dans le monde de la cr\u00e9ation de maisons de luxe. D\u00e9couvrez&#8230;<\/p>\n","protected":false},"author":3,"featured_media":0,"parent":0,"menu_order":0,"comment_status":"closed","ping_status":"closed","template":"template-pages\/spaces-magazine.php","meta":{"_acf_changed":false,"footnotes":""},"class_list":["post-41610","page","type-page","status-publish","hentry"],"acf":[],"_links":{"self":[{"href":"https:\/\/www.dmproperties.com\/fr\/wp-json\/wp\/v2\/pages\/41610","targetHints":{"allow":["GET"]}}],"collection":[{"href":"https:\/\/www.dmproperties.com\/fr\/wp-json\/wp\/v2\/pages"}],"about":[{"href":"https:\/\/www.dmproperties.com\/fr\/wp-json\/wp\/v2\/types\/page"}],"author":[{"embeddable":true,"href":"https:\/\/www.dmproperties.com\/fr\/wp-json\/wp\/v2\/users\/3"}],"replies":[{"embeddable":true,"href":"https:\/\/www.dmproperties.com\/fr\/wp-json\/wp\/v2\/comments?post=41610"}],"version-history":[{"count":0,"href":"https:\/\/www.dmproperties.com\/fr\/wp-json\/wp\/v2\/pages\/41610\/revisions"}],"wp:attachment":[{"href":"https:\/\/www.dmproperties.com\/fr\/wp-json\/wp\/v2\/media?parent=41610"}],"curies":[{"name":"wp","href":"https:\/\/api.w.org\/{rel}","templated":true}]}}