{"id":44205,"date":"2024-10-08T10:13:58","date_gmt":"2024-10-08T08:13:58","guid":{"rendered":"https:\/\/www.dmproperties.com\/?page_id=44205"},"modified":"2025-10-10T13:54:54","modified_gmt":"2025-10-10T11:54:54","slug":"exclusives","status":"publish","type":"page","link":"https:\/\/www.dmproperties.com\/fr\/exclusives","title":{"rendered":"Propri\u00e9t\u00e9s \u00e0 vendre exclusivement avec DM Properties | Knight Frank"},"content":{"rendered":"<h2 ><span class=\"position-absolute\" style=\"top: -120px\" id=\"nos+annonces+exclusives+de+vente+a+marbella\"><\/span>Nos annonces exclusives de vente \u00e0 Marbella<\/h2>\n<p>Diana Morales Properties | Knight Frank, nous sommes fiers d'offrir une s\u00e9lection exceptionnelle de propri\u00e9t\u00e9s exclusives dans la r\u00e9gion de Marbella. Nos listes exclusives mettent en valeur le meilleur de l'immobilier de luxe, des villas magnifiques aux appartements \u00e9poustouflants, ces maisons uniques sont disponibles uniquement par l'interm\u00e9diaire de notre agence. Nous proposons \u00e9galement une s\u00e9lection de propri\u00e9t\u00e9s commercialis\u00e9es par des particuliers et qui ne sont pas disponibles sur le march\u00e9 libre. N'h\u00e9sitez pas \u00e0 nous contacter pour plus d'informations.<\/p>\n<p>Vous envisagez de vendre ? Consultez notre <a href=\"https:\/\/www.dmproperties.com\/fr\/vendre-propriete-marbella\" target=\"_blank\" rel=\"noopener\">guide du vendeur<\/a> pour obtenir des conseils d'experts en mati\u00e8re de prix et de marketing. Nos strat\u00e9gies de marketing sur mesure garantissent que votre propri\u00e9t\u00e9 re\u00e7oit l'attention qu'elle m\u00e9rite, ce qui aboutit \u00e0 une vente rapide et r\u00e9ussie. <a href=\"#contactform\">Contactez-nous d\u00e8s aujourd'hui pour une consultation personnalis\u00e9e<\/a>.<\/p>\n","protected":false},"excerpt":{"rendered":"<p>Nos annonces exclusives de vente \u00e0 Marbella Diana Morales Properties | Knight Frank, nous sommes fiers d&rsquo;offrir une s\u00e9lection exceptionnelle de propri\u00e9t\u00e9s exclusives dans la r\u00e9gion de Marbella. Nos listes exclusives mettent en valeur le meilleur de l&rsquo;immobilier de luxe, des villas magnifiques aux appartements \u00e9poustouflants, ces maisons uniques sont disponibles uniquement par l&rsquo;interm\u00e9diaire de&#8230;<\/p>\n","protected":false},"author":3,"featured_media":43896,"parent":0,"menu_order":0,"comment_status":"closed","ping_status":"closed","template":"template-pages\/propertySelection.php","meta":{"_acf_changed":false,"footnotes":""},"class_list":["post-44205","page","type-page","status-publish","has-post-thumbnail","hentry"],"acf":[],"_links":{"self":[{"href":"https:\/\/www.dmproperties.com\/fr\/wp-json\/wp\/v2\/pages\/44205","targetHints":{"allow":["GET"]}}],"collection":[{"href":"https:\/\/www.dmproperties.com\/fr\/wp-json\/wp\/v2\/pages"}],"about":[{"href":"https:\/\/www.dmproperties.com\/fr\/wp-json\/wp\/v2\/types\/page"}],"author":[{"embeddable":true,"href":"https:\/\/www.dmproperties.com\/fr\/wp-json\/wp\/v2\/users\/3"}],"replies":[{"embeddable":true,"href":"https:\/\/www.dmproperties.com\/fr\/wp-json\/wp\/v2\/comments?post=44205"}],"version-history":[{"count":0,"href":"https:\/\/www.dmproperties.com\/fr\/wp-json\/wp\/v2\/pages\/44205\/revisions"}],"wp:featuredmedia":[{"embeddable":true,"href":"https:\/\/www.dmproperties.com\/fr\/wp-json\/wp\/v2\/media\/43896"}],"wp:attachment":[{"href":"https:\/\/www.dmproperties.com\/fr\/wp-json\/wp\/v2\/media?parent=44205"}],"curies":[{"name":"wp","href":"https:\/\/api.w.org\/{rel}","templated":true}]}}