{"id":47480,"date":"2025-11-18T08:55:17","date_gmt":"2025-11-18T07:55:17","guid":{"rendered":"https:\/\/www.dmproperties.com\/?page_id=47480"},"modified":"2025-11-18T08:55:33","modified_gmt":"2025-11-18T07:55:33","slug":"calculateur-dimpots-marbella-real-estate","status":"publish","type":"page","link":"https:\/\/www.dmproperties.com\/fr\/calculateur-dimpots-marbella-real-estate","title":{"rendered":"Calculateur d&rsquo;imp\u00f4ts Marbella Real Estate"},"content":{"rendered":"<h2 ><span class=\"position-absolute\" style=\"top: -120px\" id=\"couts+lies+a+lachat+dun+logement+a+marbella\"><\/span>Co\u00fbts li\u00e9s \u00e0 l'achat d'un logement \u00e0 Marbella<\/h2>\n<p>Cet outil a \u00e9t\u00e9 con\u00e7u pour fournir une estimation indicative des co\u00fbts li\u00e9s \u00e0 l'achat d'un logement en Andalousie, Espagne.<\/p>\n<p>Il vous suffit d'indiquer le prix d'achat et de pr\u00e9ciser s'il s'agit d'un logement neuf ou d'occasion ; le syst\u00e8me calculera automatiquement les principaux frais li\u00e9s au processus d'acquisition :<\/p>\n<ul>\n<li><strong>Taxes applicables<\/strong> (TVA et taxe sur les actes juridiques document\u00e9s ou taxe sur les transmissions patrimoniales).<\/li>\n<li><strong>Frais de notaire et d'enregistrement.<\/strong><\/li>\n<li><strong>Honoraires juridiques estim\u00e9s.<\/strong><\/li>\n<\/ul>\n<table class=\"table table-striped my-5\">\r\n    <tbody>\r\n        <tr>\r\n            <td colspan=\"2\">\r\n                Prix d'achat            <\/td>\r\n            <td>\r\n                <input style=\"width: 160px\" class=\"form-control mr-0 ml-auto\" type=\"text\" name=\"inmPurchasePrice\" id=\"inmPurchasePrice\" placeholder=\"10.000.000 \u20ac\" step=\"any\" min=\"0\" data-value=\"10000000\" \/>\r\n            <\/td>\r\n        <\/tr>\r\n        <tr>\r\n            <td colspan=\"2\">\r\n                Type de propri\u00e9t\u00e9            <\/td>\r\n            <td>\r\n                <select style=\"width: 160px\" class=\"form-control mr-0 ml-auto\" name=\"inmPurchaseType\" id=\"inmPurchaseType\">\r\n                    <option value=\"new\">Nouvelle construction <\/option>\r\n                    <option value=\"second\">2e main<\/option>\r\n                    <option value=\"plot\">Parcelle<\/option>\r\n                <\/select>\r\n            <\/td>\r\n        <\/tr>\r\n        <tr class=\"d-none\">\r\n            <td colspan=\"2\">Choose vendor type<\/td>\r\n            <td>\r\n                <select style=\"width: 190px\" class=\"form-control mr-0 ml-auto\" name=\"inmVendorType\" id=\"inmVendorType\">\r\n                    <option value=\"plotPrivate\">From individual<\/option>\r\n                    <option value=\"plotCompany\">From company<\/option>\r\n                <\/select>\r\n            <\/td>\r\n        <\/tr>\r\n        <tr>\r\n            <td colspan=\"2\">\r\n            <\/td>\r\n            <td scope=\"col\" class=\"justify-content-end d-flex\">\r\n                <button id=\"calculateBtn\" class=\"btn btn-primary\">CALCULER<\/button>\r\n            <\/td>\r\n        <\/tr>\r\n        <tr data-checkprices>\r\n            <td scope=\"col\" data-plot-private=\"Transfer Tax\" data-plot-company=\"TVA\" data-new=\"TVA\" data-second=\"Transfer Tax\" id=\"inmTaxType\">TVA<\/td>\r\n            <td scope=\"col\"><span id=\"inmStampTaxPercentage\" data-new=\"10\" data-second=\"7\" data-plot-private=\"7\" data-plot-company=\"21\" data-percentage=\"10\" data-applyto=\"#inmTaxValue\">10<\/span>%<\/td>\r\n            <td scope=\"col\" class=\"text-right\" id=\"inmTaxValue\" data-value=\"1000000\">1.000.000\u20ac<\/td>\r\n        <\/tr>\r\n        <tr data-checkprices>\r\n            <td scope=\"col\">Taxe sur les transmissions patrimoniales<\/td>\r\n            <td scope=\"col\"><span id=\"inmStampTaxPercentage\" data-plot-private=\"0\" data-plot-company=\"1.20\" data-new=\"1.20\" data-second=\"0\" data-percentage=\"1.20\" data-applyto=\"#inmStampTaxValue\">1,20<\/span>%<\/td>\r\n            <td scope=\"col\" class=\"text-right\" id=\"inmStampTaxValue\" data-value=\"120000\">120.000\u00a0\u20ac<\/td>\r\n        <\/tr>\r\n        <tr>\r\n            <td scope=\"col\" colspan=\"2\">*Honoraires d'avocat<\/td>\r\n            <td class=\"text-right\" id=\"inmLawyerFees\" data-value-percentage=\"0.8\" data-value=\"80000\">80.000 \u20ac<\/td>\r\n        <\/tr>\r\n        <tr>\r\n            <td scope=\"col\" colspan=\"2\">*Frais de notaire et d'enregistrement<\/td>\r\n            <td class=\"text-right\" id=\"inmNotaryFees\" data-value-percentage=\"0.05\" data-value=\"1000\">1.000 \u20ac<\/td>\r\n        <\/tr>\r\n        <tr class=\"border-top\" data-sumprices=\"#inmLawyerFees,#inmNotaryFees,#inmPercentage,#inmTaxValue,#inmStampTaxValue,#inmPurchasePrice\">\r\n            <td class=\"font-weight-bold\" colspan=\"2\" data-plot-private=\"Co\u00fbt total pour acheter un terrain si vendu par un particulier\" data-plot-company=\"Co\u00fbt total pour acheter un terrain si vendu directement par un promoteur\" data-new=\"Co\u00fbt total pour acheter un bien si vendu directement par un promoteur\" data-second=\"Co\u00fbt total pour acheter un bien si vendu par un propri\u00e9taire de seconde main\">Co\u00fbt total pour acheter un bien si vendu directement par un promoteur:<\/td>\r\n            <td class=\"  text-right\" id=\"inmTotalFunds\" data-total=\"11124000\">11.124.000 \u20ac<\/td>\r\n        <\/tr>\r\n    <\/tbody>\r\n<\/table>\r\n\r\n<script>\r\n    const priceObserver = document.querySelector(\"#inmPurchasePrice\"),\r\n        typeObserver = document.querySelector(\"#inmPurchaseType\"),\r\n        vendorObserver = document.querySelector(\"#inmVendorType\"),\r\n        calculateBtn = document.querySelector(\"#calculateBtn\"),\r\n        inmFormatter = new Intl.NumberFormat(\"de-DE\", {\r\n            style: \"currency\",\r\n            currency: \"EUR\",\r\n            maximumFractionDigits: 0\r\n        });\r\n    priceObserver.addEventListener(\"change\", function(e) {\r\n        priceObserver.value = priceObserver.value.replace(\/[^0-9]\/g, \"\"), \"\" == priceObserver.value && (priceObserver.value = \"0\"), priceObserver.dataset.value = priceObserver.value, priceObserver.value = inmFormatter.format(priceObserver.dataset.value)\r\n    }), typeObserver.addEventListener(\"change\", function(e) {\r\n        if (\"new\" == e.target.value || \"second\" == e.target.value) {\r\n            let r = document.querySelectorAll(\"[data-new]\");\r\n            this.parentNode.parentNode.nextElementSibling.classList.add(\"d-none\"), document.querySelectorAll(\".infoTaxes\").forEach(e => {\r\n                e.classList.remove(\"d-none\")\r\n            }), r.forEach(r => {\r\n                r.parentNode.parentNode.classList.remove(\"d-none\");\r\n                let t = \"new\" == e.target.value ? r.dataset.new : r.dataset.second;\r\n                0 == t && r.parentNode.parentNode.classList.add(\"d-none\"), r.dataset.percentage = t, r.innerHTML = t\r\n            })\r\n        } else {\r\n            this.parentNode.parentNode.nextElementSibling.classList.remove(\"d-none\"), document.querySelectorAll(\".infoTaxes\").forEach(e => {\r\n                e.classList.add(\"d-none\")\r\n            });\r\n            document.querySelectorAll(\"[data-plot-private]\").forEach(e => {\r\n                e.parentNode.parentNode.classList.remove(\"d-none\");\r\n                let r = e.dataset.plotPrivate;\r\n                0 == r && e.parentNode.parentNode.classList.add(\"d-none\"), e.dataset.percentage = r, e.innerHTML = r\r\n            })\r\n        }\r\n    }), vendorObserver.addEventListener(\"change\", function(e) {\r\n        document.querySelectorAll(\"[data-plot-private]\").forEach(r => {\r\n            r.parentNode.parentNode.classList.remove(\"d-none\");\r\n            let t = \"plotPrivate\" == e.target.value ? r.dataset.plotPrivate : r.dataset.plotCompany;\r\n            0 == t && r.parentNode.parentNode.classList.add(\"d-none\"), r.dataset.percentage = t, r.innerHTML = t\r\n        })\r\n    });\r\n    calculateBtn.addEventListener(\"click\", function() {\r\n    updatePrices();\r\n});\r\n    const updatePrices = function() {\r\n        document.querySelectorAll(\"[data-applyto]\").forEach(e => {\r\n            let r = e.dataset.applyto,\r\n                t = e.dataset.percentage,\r\n                a = priceObserver.dataset.value * t \/ 100;\r\n            document.querySelector(r).dataset.value = a, document.querySelector(r).innerHTML = inmFormatter.format(a)\r\n        }), document.querySelectorAll(\"[data-value-percentage\").forEach(e => {\r\n            let r = e.dataset.valuePercentage,\r\n                t = priceObserver.dataset.value * r \/ 100;\r\n            e.dataset.value = t, e.innerHTML = inmFormatter.format(t)\r\n        }), document.querySelectorAll(\"[data-sumprices]\").forEach(row => {\r\n            let total = 0;\r\n            row.dataset.sumprices.split(\",\").forEach(selector => {\r\n                const el = document.querySelector(selector);\r\n                if (el && el.dataset.value) {\r\n                    total += parseFloat(el.dataset.value);\r\n                }\r\n            });\r\n\r\n            const totalCell = row.querySelector(\"[data-total]\");\r\n            if (totalCell) {\r\n                totalCell.dataset.value = total;\r\n                totalCell.dataset.total = total;\r\n                totalCell.innerHTML = inmFormatter.format(total);\r\n            }\r\n        });\r\n    };\r\n    if (window.location.href.indexOf(\"?price=\") > -1) {\r\n        var e = window.location.search,\r\n            r = new URLSearchParams(e),\r\n            t = r.get(\"price\"),\r\n            a = r.get(\"inm_plot\"),\r\n            n = r.get(\"inm_newdev\");\r\n        priceObserver.dataset.value = t, priceObserver.value = inmFormatter.format(priceObserver.dataset.value);\r\n        let s = document.createEvent(\"HTMLEvents\");\r\n        s.initEvent(\"change\", !1, !0), 1 == a ? (typeObserver.value = \"plot\", typeObserver.dispatchEvent(s)) : 1 == n ? (typeObserver.value = \"new\", typeObserver.dispatchEvent(s)) : (typeObserver.value = \"second\", typeObserver.dispatchEvent(s)), updatePrices()\r\n    } else priceObserver.dataset.value = \"10000000\", priceObserver.value = inmFormatter.format(priceObserver.dataset.value);\r\n<\/script>\n<p>*Les honoraires d'avocat peuvent varier, mais ils oscillent g\u00e9n\u00e9ralement entre 0,8 % et 1 % du prix d'achat. Pour ce calculateur, nous avons utilis\u00e9 un pourcentage de 0,8 %.<\/p>\n<p>*Les frais de notaire et d'enregistrement de la propri\u00e9t\u00e9 au registre foncier sont fix\u00e9s par la loi selon un bar\u00e8me mobile et s'\u00e9l\u00e8vent \u00e0 environ 0,5 % du prix d'achat. Nous avons utilis\u00e9 0,5 % pour ce calculateur.<\/p>\n<p>Les chiffres indiqu\u00e9s sont donn\u00e9s \u00e0 titre indicatif et peuvent varier en fonction de la situation personnelle de l'acheteur, du type de propri\u00e9t\u00e9 et de la r\u00e9glementation fiscale en vigueur. Par exemple, l'ITP de 7 % peut \u00eatre r\u00e9duit dans certains cas (par exemple, une r\u00e9duction de 7 % \u00e0 2 % lors de l'achat d'un bien immobilier destin\u00e9 \u00e0 la revente par une personne physique ou morale exer\u00e7ant une activit\u00e9 commerciale \u00e0 laquelle s'appliquent les r\u00e8gles d'adaptation du Plan g\u00e9n\u00e9ral du secteur immobilier, \u00e0 condition que la vente ait lieu dans un d\u00e9lai maximum de 5 ans).<\/p>\n<p><em>Ce calcul ne constitue pas un conseil fiscal ou juridique.<\/em><\/p>\n","protected":false},"excerpt":{"rendered":"<p>Co\u00fbts li\u00e9s \u00e0 l&rsquo;achat d&rsquo;un logement \u00e0 Marbella Cet outil a \u00e9t\u00e9 con\u00e7u pour fournir une estimation indicative des co\u00fbts li\u00e9s \u00e0 l&rsquo;achat d&rsquo;un logement en Andalousie, Espagne. Il vous suffit d&rsquo;indiquer le prix d&rsquo;achat et de pr\u00e9ciser s&rsquo;il s&rsquo;agit d&rsquo;un logement neuf ou d&rsquo;occasion ; le syst\u00e8me calculera automatiquement les principaux frais li\u00e9s au&#8230;<\/p>\n","protected":false},"author":1,"featured_media":46345,"parent":0,"menu_order":0,"comment_status":"closed","ping_status":"closed","template":"","meta":{"_acf_changed":false,"footnotes":""},"class_list":["post-47480","page","type-page","status-publish","has-post-thumbnail","hentry"],"acf":[],"_links":{"self":[{"href":"https:\/\/www.dmproperties.com\/fr\/wp-json\/wp\/v2\/pages\/47480","targetHints":{"allow":["GET"]}}],"collection":[{"href":"https:\/\/www.dmproperties.com\/fr\/wp-json\/wp\/v2\/pages"}],"about":[{"href":"https:\/\/www.dmproperties.com\/fr\/wp-json\/wp\/v2\/types\/page"}],"author":[{"embeddable":true,"href":"https:\/\/www.dmproperties.com\/fr\/wp-json\/wp\/v2\/users\/1"}],"replies":[{"embeddable":true,"href":"https:\/\/www.dmproperties.com\/fr\/wp-json\/wp\/v2\/comments?post=47480"}],"version-history":[{"count":0,"href":"https:\/\/www.dmproperties.com\/fr\/wp-json\/wp\/v2\/pages\/47480\/revisions"}],"wp:featuredmedia":[{"embeddable":true,"href":"https:\/\/www.dmproperties.com\/fr\/wp-json\/wp\/v2\/media\/46345"}],"wp:attachment":[{"href":"https:\/\/www.dmproperties.com\/fr\/wp-json\/wp\/v2\/media?parent=47480"}],"curies":[{"name":"wp","href":"https:\/\/api.w.org\/{rel}","templated":true}]}}